{"id":10246,"date":"2021-02-27T01:13:27","date_gmt":"2021-02-26T23:13:27","guid":{"rendered":"https:\/\/cementplus.gr\/product\/cp-thickener\/"},"modified":"2025-03-06T13:29:05","modified_gmt":"2025-03-06T11:29:05","slug":"cp-thickener","status":"publish","type":"product","link":"https:\/\/cementplus.gr\/fr\/produit\/cp-thickener\/","title":{"rendered":"CP THICKENER"},"content":{"rendered":"","protected":false},"excerpt":{"rendered":"<p>Additif de silice pour r\u00e9sines. Conf\u00e8re des propri\u00e9t\u00e9s thixotropiques.<\/p>\n","protected":false},"featured_media":10072,"template":"","meta":{"_acf_changed":false},"product_brand":[],"product_cat":[406,398],"product_tag":[],"class_list":{"0":"post-10246","1":"product","2":"type-product","3":"status-publish","4":"has-post-thumbnail","6":"product_cat-additifs","7":"product_cat-materiaux-auxiliaires-et-additifs","9":"first","10":"instock","11":"shipping-taxable","12":"product-type-simple"},"acf":[],"yoast_head":"<!-- This site is optimized with the Yoast SEO plugin v27.3 - https:\/\/yoast.com\/product\/yoast-seo-wordpress\/ -->\n<title>CP THICKENER - Cement Plus<\/title>\n<meta name=\"robots\" content=\"index, follow, max-snippet:-1, max-image-preview:large, max-video-preview:-1\" \/>\n<link rel=\"canonical\" href=\"https:\/\/cementplus.gr\/produit\/cp-thickener\/\" \/>\n<meta property=\"og:locale\" content=\"fr_FR\" \/>\n<meta property=\"og:type\" content=\"article\" \/>\n<meta property=\"og:title\" content=\"CP THICKENER - Cement Plus\" \/>\n<meta property=\"og:description\" content=\"Additif de silice pour r\u00e9sines. Conf\u00e8re des propri\u00e9t\u00e9s thixotropiques.\" \/>\n<meta property=\"og:url\" content=\"https:\/\/cementplus.gr\/produit\/cp-thickener\/\" \/>\n<meta property=\"og:site_name\" content=\"Cement Plus\" \/>\n<meta property=\"article:modified_time\" content=\"2025-03-06T11:29:05+00:00\" \/>\n<meta property=\"og:image\" content=\"https:\/\/cementplus.gr\/wp-content\/uploads\/2021\/02\/CP-THICKINER-1.jpg\" \/>\n\t<meta property=\"og:image:width\" content=\"689\" \/>\n\t<meta property=\"og:image:height\" content=\"493\" \/>\n\t<meta property=\"og:image:type\" content=\"image\/jpeg\" \/>\n<meta name=\"twitter:card\" content=\"summary_large_image\" \/>\n<meta name=\"twitter:label1\" content=\"Dur\u00e9e de lecture estim\u00e9e\" \/>\n\t<meta name=\"twitter:data1\" content=\"1 minute\" \/>\n<script type=\"application\/ld+json\" class=\"yoast-schema-graph\">{\"@context\":\"https:\\\/\\\/schema.org\",\"@graph\":[{\"@type\":\"WebPage\",\"@id\":\"https:\\\/\\\/cementplus.gr\\\/produit\\\/cp-thickener\\\/\",\"url\":\"https:\\\/\\\/cementplus.gr\\\/produit\\\/cp-thickener\\\/\",\"name\":\"CP THICKENER - Cement Plus\",\"isPartOf\":{\"@id\":\"https:\\\/\\\/cementplus.gr\\\/#website\"},\"primaryImageOfPage\":{\"@id\":\"https:\\\/\\\/cementplus.gr\\\/produit\\\/cp-thickener\\\/#primaryimage\"},\"image\":{\"@id\":\"https:\\\/\\\/cementplus.gr\\\/produit\\\/cp-thickener\\\/#primaryimage\"},\"thumbnailUrl\":\"https:\\\/\\\/cementplus.gr\\\/wp-content\\\/uploads\\\/2021\\\/02\\\/CP-THICKINER-1.jpg\",\"datePublished\":\"2021-02-26T23:13:27+00:00\",\"dateModified\":\"2025-03-06T11:29:05+00:00\",\"breadcrumb\":{\"@id\":\"https:\\\/\\\/cementplus.gr\\\/produit\\\/cp-thickener\\\/#breadcrumb\"},\"inLanguage\":\"fr-FR\",\"potentialAction\":[{\"@type\":\"ReadAction\",\"target\":[\"https:\\\/\\\/cementplus.gr\\\/produit\\\/cp-thickener\\\/\"]}]},{\"@type\":\"ImageObject\",\"inLanguage\":\"fr-FR\",\"@id\":\"https:\\\/\\\/cementplus.gr\\\/produit\\\/cp-thickener\\\/#primaryimage\",\"url\":\"https:\\\/\\\/cementplus.gr\\\/wp-content\\\/uploads\\\/2021\\\/02\\\/CP-THICKINER-1.jpg\",\"contentUrl\":\"https:\\\/\\\/cementplus.gr\\\/wp-content\\\/uploads\\\/2021\\\/02\\\/CP-THICKINER-1.jpg\",\"width\":689,\"height\":493},{\"@type\":\"BreadcrumbList\",\"@id\":\"https:\\\/\\\/cementplus.gr\\\/produit\\\/cp-thickener\\\/#breadcrumb\",\"itemListElement\":[{\"@type\":\"ListItem\",\"position\":1,\"name\":\"Accueil\",\"item\":\"https:\\\/\\\/cementplus.gr\\\/fr\\\/\"},{\"@type\":\"ListItem\",\"position\":2,\"name\":\"\u039a\u03b1\u03c4\u03ac\u03c3\u03c4\u03b7\u03bc\u03b1\",\"item\":\"https:\\\/\\\/cementplus.gr\\\/shop\\\/\"},{\"@type\":\"ListItem\",\"position\":3,\"name\":\"CP THICKENER\"}]},{\"@type\":\"WebSite\",\"@id\":\"https:\\\/\\\/cementplus.gr\\\/#website\",\"url\":\"https:\\\/\\\/cementplus.gr\\\/\",\"name\":\"Cement Plus\",\"description\":\"\",\"potentialAction\":[{\"@type\":\"SearchAction\",\"target\":{\"@type\":\"EntryPoint\",\"urlTemplate\":\"https:\\\/\\\/cementplus.gr\\\/?s={search_term_string}\"},\"query-input\":{\"@type\":\"PropertyValueSpecification\",\"valueRequired\":true,\"valueName\":\"search_term_string\"}}],\"inLanguage\":\"fr-FR\"}]}<\/script>\n<!-- \/ Yoast SEO plugin. -->","yoast_head_json":{"title":"CP THICKENER - Cement Plus","robots":{"index":"index","follow":"follow","max-snippet":"max-snippet:-1","max-image-preview":"max-image-preview:large","max-video-preview":"max-video-preview:-1"},"canonical":"https:\/\/cementplus.gr\/produit\/cp-thickener\/","og_locale":"fr_FR","og_type":"article","og_title":"CP THICKENER - Cement Plus","og_description":"Additif de silice pour r\u00e9sines. Conf\u00e8re des propri\u00e9t\u00e9s thixotropiques.","og_url":"https:\/\/cementplus.gr\/produit\/cp-thickener\/","og_site_name":"Cement Plus","article_modified_time":"2025-03-06T11:29:05+00:00","og_image":[{"width":689,"height":493,"url":"https:\/\/cementplus.gr\/wp-content\/uploads\/2021\/02\/CP-THICKINER-1.jpg","type":"image\/jpeg"}],"twitter_card":"summary_large_image","twitter_misc":{"Dur\u00e9e de lecture estim\u00e9e":"1 minute"},"schema":{"@context":"https:\/\/schema.org","@graph":[{"@type":"WebPage","@id":"https:\/\/cementplus.gr\/produit\/cp-thickener\/","url":"https:\/\/cementplus.gr\/produit\/cp-thickener\/","name":"CP THICKENER - Cement Plus","isPartOf":{"@id":"https:\/\/cementplus.gr\/#website"},"primaryImageOfPage":{"@id":"https:\/\/cementplus.gr\/produit\/cp-thickener\/#primaryimage"},"image":{"@id":"https:\/\/cementplus.gr\/produit\/cp-thickener\/#primaryimage"},"thumbnailUrl":"https:\/\/cementplus.gr\/wp-content\/uploads\/2021\/02\/CP-THICKINER-1.jpg","datePublished":"2021-02-26T23:13:27+00:00","dateModified":"2025-03-06T11:29:05+00:00","breadcrumb":{"@id":"https:\/\/cementplus.gr\/produit\/cp-thickener\/#breadcrumb"},"inLanguage":"fr-FR","potentialAction":[{"@type":"ReadAction","target":["https:\/\/cementplus.gr\/produit\/cp-thickener\/"]}]},{"@type":"ImageObject","inLanguage":"fr-FR","@id":"https:\/\/cementplus.gr\/produit\/cp-thickener\/#primaryimage","url":"https:\/\/cementplus.gr\/wp-content\/uploads\/2021\/02\/CP-THICKINER-1.jpg","contentUrl":"https:\/\/cementplus.gr\/wp-content\/uploads\/2021\/02\/CP-THICKINER-1.jpg","width":689,"height":493},{"@type":"BreadcrumbList","@id":"https:\/\/cementplus.gr\/produit\/cp-thickener\/#breadcrumb","itemListElement":[{"@type":"ListItem","position":1,"name":"Accueil","item":"https:\/\/cementplus.gr\/fr\/"},{"@type":"ListItem","position":2,"name":"\u039a\u03b1\u03c4\u03ac\u03c3\u03c4\u03b7\u03bc\u03b1","item":"https:\/\/cementplus.gr\/shop\/"},{"@type":"ListItem","position":3,"name":"CP THICKENER"}]},{"@type":"WebSite","@id":"https:\/\/cementplus.gr\/#website","url":"https:\/\/cementplus.gr\/","name":"Cement Plus","description":"","potentialAction":[{"@type":"SearchAction","target":{"@type":"EntryPoint","urlTemplate":"https:\/\/cementplus.gr\/?s={search_term_string}"},"query-input":{"@type":"PropertyValueSpecification","valueRequired":true,"valueName":"search_term_string"}}],"inLanguage":"fr-FR"}]}},"_links":{"self":[{"href":"https:\/\/cementplus.gr\/fr\/wp-json\/wp\/v2\/product\/10246","targetHints":{"allow":["GET"]}}],"collection":[{"href":"https:\/\/cementplus.gr\/fr\/wp-json\/wp\/v2\/product"}],"about":[{"href":"https:\/\/cementplus.gr\/fr\/wp-json\/wp\/v2\/types\/product"}],"wp:featuredmedia":[{"embeddable":true,"href":"https:\/\/cementplus.gr\/fr\/wp-json\/wp\/v2\/media\/10072"}],"wp:attachment":[{"href":"https:\/\/cementplus.gr\/fr\/wp-json\/wp\/v2\/media?parent=10246"}],"wp:term":[{"taxonomy":"product_brand","embeddable":true,"href":"https:\/\/cementplus.gr\/fr\/wp-json\/wp\/v2\/product_brand?post=10246"},{"taxonomy":"product_cat","embeddable":true,"href":"https:\/\/cementplus.gr\/fr\/wp-json\/wp\/v2\/product_cat?post=10246"},{"taxonomy":"product_tag","embeddable":true,"href":"https:\/\/cementplus.gr\/fr\/wp-json\/wp\/v2\/product_tag?post=10246"}],"curies":[{"name":"wp","href":"https:\/\/api.w.org\/{rel}","templated":true}]}}