{"id":10243,"date":"2021-02-27T01:08:18","date_gmt":"2021-02-26T23:08:18","guid":{"rendered":"https:\/\/cementplus.gr\/product\/cse-multitop\/"},"modified":"2025-03-06T13:26:50","modified_gmt":"2025-03-06T11:26:50","slug":"cse-multitop","status":"publish","type":"product","link":"https:\/\/cementplus.gr\/fr\/produit\/cse-multitop\/","title":{"rendered":"CSE MULTITOP"},"content":{"rendered":"","protected":false},"excerpt":{"rendered":"<p>D\u00e9sactivateur de b\u00e9ton pour la production de surfaces coul\u00e9es de granulats expos\u00e9s de haute qualit\u00e9.<\/p>\n<p>Il cr\u00e9e une membrane de protection forte contre les conditions climatiques extr\u00eames pendant l&rsquo;application.<\/p>\n<p>Le d\u00e9sactivateur CSE est disponible en 10 versions diff\u00e9rentes, selon la taille des granulats (0-32 mm) et la profondeur d&rsquo;exposition finale des granulats (0-3,6).<\/p>\n","protected":false},"featured_media":10220,"template":"","meta":{"_acf_changed":false},"product_brand":[],"product_cat":[394,407,395],"product_tag":[],"class_list":{"0":"post-10243","1":"product","2":"type-product","3":"status-publish","4":"has-post-thumbnail","6":"product_cat-applications-architecturales","7":"product_cat-desactivateurs-de-beton","8":"product_cat-enduits-decoratifs-cimentaires","10":"first","11":"instock","12":"shipping-taxable","13":"product-type-simple"},"acf":[],"yoast_head":"<!-- This site is optimized with the Yoast SEO plugin v27.3 - https:\/\/yoast.com\/product\/yoast-seo-wordpress\/ -->\n<title>CSE MULTITOP - Cement Plus<\/title>\n<meta name=\"description\" content=\"D\u00e9sactivateur de b\u00e9ton pour la production de surfaces coul\u00e9es de granulats expos\u00e9s de haute qualit\u00e9.Il cr\u00e9e une membrane de protection forte contre les conditions climatiques extr\u00eames pendant l&#039;application.\" \/>\n<meta name=\"robots\" content=\"index, follow, max-snippet:-1, max-image-preview:large, max-video-preview:-1\" \/>\n<link rel=\"canonical\" href=\"https:\/\/cementplus.gr\/fr\/produit\/cse-multitop\/\" \/>\n<meta property=\"og:locale\" content=\"fr_FR\" \/>\n<meta property=\"og:type\" content=\"article\" \/>\n<meta property=\"og:title\" content=\"CSE MULTITOP - Cement Plus\" \/>\n<meta property=\"og:description\" content=\"D\u00e9sactivateur de b\u00e9ton pour la production de surfaces coul\u00e9es de granulats expos\u00e9s de haute qualit\u00e9.Il cr\u00e9e une membrane de protection forte contre les conditions climatiques extr\u00eames pendant l&#039;application.\" \/>\n<meta property=\"og:url\" content=\"https:\/\/cementplus.gr\/fr\/produit\/cse-multitop\/\" \/>\n<meta property=\"og:site_name\" content=\"Cement Plus\" \/>\n<meta property=\"article:modified_time\" content=\"2025-03-06T11:26:50+00:00\" \/>\n<meta property=\"og:image\" content=\"https:\/\/cementplus.gr\/wp-content\/uploads\/2021\/02\/icon-cse-multitop-1.jpg\" \/>\n\t<meta property=\"og:image:width\" content=\"689\" \/>\n\t<meta property=\"og:image:height\" content=\"493\" \/>\n\t<meta property=\"og:image:type\" content=\"image\/jpeg\" \/>\n<meta name=\"twitter:card\" content=\"summary_large_image\" \/>\n<meta name=\"twitter:label1\" content=\"Dur\u00e9e de lecture estim\u00e9e\" \/>\n\t<meta name=\"twitter:data1\" content=\"1 minute\" \/>\n<script type=\"application\/ld+json\" class=\"yoast-schema-graph\">{\"@context\":\"https:\\\/\\\/schema.org\",\"@graph\":[{\"@type\":\"WebPage\",\"@id\":\"https:\\\/\\\/cementplus.gr\\\/fr\\\/produit\\\/cse-multitop\\\/\",\"url\":\"https:\\\/\\\/cementplus.gr\\\/fr\\\/produit\\\/cse-multitop\\\/\",\"name\":\"CSE MULTITOP - Cement Plus\",\"isPartOf\":{\"@id\":\"https:\\\/\\\/cementplus.gr\\\/#website\"},\"primaryImageOfPage\":{\"@id\":\"https:\\\/\\\/cementplus.gr\\\/fr\\\/produit\\\/cse-multitop\\\/#primaryimage\"},\"image\":{\"@id\":\"https:\\\/\\\/cementplus.gr\\\/fr\\\/produit\\\/cse-multitop\\\/#primaryimage\"},\"thumbnailUrl\":\"https:\\\/\\\/cementplus.gr\\\/wp-content\\\/uploads\\\/2021\\\/02\\\/icon-cse-multitop-1.jpg\",\"datePublished\":\"2021-02-26T23:08:18+00:00\",\"dateModified\":\"2025-03-06T11:26:50+00:00\",\"description\":\"D\u00e9sactivateur de b\u00e9ton pour la production de surfaces coul\u00e9es de granulats expos\u00e9s de haute qualit\u00e9.Il cr\u00e9e une membrane de protection forte contre les conditions climatiques extr\u00eames pendant l'application.\",\"breadcrumb\":{\"@id\":\"https:\\\/\\\/cementplus.gr\\\/fr\\\/produit\\\/cse-multitop\\\/#breadcrumb\"},\"inLanguage\":\"fr-FR\",\"potentialAction\":[{\"@type\":\"ReadAction\",\"target\":[\"https:\\\/\\\/cementplus.gr\\\/fr\\\/produit\\\/cse-multitop\\\/\"]}]},{\"@type\":\"ImageObject\",\"inLanguage\":\"fr-FR\",\"@id\":\"https:\\\/\\\/cementplus.gr\\\/fr\\\/produit\\\/cse-multitop\\\/#primaryimage\",\"url\":\"https:\\\/\\\/cementplus.gr\\\/wp-content\\\/uploads\\\/2021\\\/02\\\/icon-cse-multitop-1.jpg\",\"contentUrl\":\"https:\\\/\\\/cementplus.gr\\\/wp-content\\\/uploads\\\/2021\\\/02\\\/icon-cse-multitop-1.jpg\",\"width\":689,\"height\":493},{\"@type\":\"BreadcrumbList\",\"@id\":\"https:\\\/\\\/cementplus.gr\\\/fr\\\/produit\\\/cse-multitop\\\/#breadcrumb\",\"itemListElement\":[{\"@type\":\"ListItem\",\"position\":1,\"name\":\"Accueil\",\"item\":\"https:\\\/\\\/cementplus.gr\\\/fr\\\/\"},{\"@type\":\"ListItem\",\"position\":2,\"name\":\"\u039a\u03b1\u03c4\u03ac\u03c3\u03c4\u03b7\u03bc\u03b1\",\"item\":\"https:\\\/\\\/cementplus.gr\\\/shop\\\/\"},{\"@type\":\"ListItem\",\"position\":3,\"name\":\"CSE MULTITOP\"}]},{\"@type\":\"WebSite\",\"@id\":\"https:\\\/\\\/cementplus.gr\\\/#website\",\"url\":\"https:\\\/\\\/cementplus.gr\\\/\",\"name\":\"Cement Plus\",\"description\":\"\",\"potentialAction\":[{\"@type\":\"SearchAction\",\"target\":{\"@type\":\"EntryPoint\",\"urlTemplate\":\"https:\\\/\\\/cementplus.gr\\\/?s={search_term_string}\"},\"query-input\":{\"@type\":\"PropertyValueSpecification\",\"valueRequired\":true,\"valueName\":\"search_term_string\"}}],\"inLanguage\":\"fr-FR\"}]}<\/script>\n<!-- \/ Yoast SEO plugin. -->","yoast_head_json":{"title":"CSE MULTITOP - Cement Plus","description":"D\u00e9sactivateur de b\u00e9ton pour la production de surfaces coul\u00e9es de granulats expos\u00e9s de haute qualit\u00e9.Il cr\u00e9e une membrane de protection forte contre les conditions climatiques extr\u00eames pendant l'application.","robots":{"index":"index","follow":"follow","max-snippet":"max-snippet:-1","max-image-preview":"max-image-preview:large","max-video-preview":"max-video-preview:-1"},"canonical":"https:\/\/cementplus.gr\/fr\/produit\/cse-multitop\/","og_locale":"fr_FR","og_type":"article","og_title":"CSE MULTITOP - Cement Plus","og_description":"D\u00e9sactivateur de b\u00e9ton pour la production de surfaces coul\u00e9es de granulats expos\u00e9s de haute qualit\u00e9.Il cr\u00e9e une membrane de protection forte contre les conditions climatiques extr\u00eames pendant l'application.","og_url":"https:\/\/cementplus.gr\/fr\/produit\/cse-multitop\/","og_site_name":"Cement Plus","article_modified_time":"2025-03-06T11:26:50+00:00","og_image":[{"width":689,"height":493,"url":"https:\/\/cementplus.gr\/wp-content\/uploads\/2021\/02\/icon-cse-multitop-1.jpg","type":"image\/jpeg"}],"twitter_card":"summary_large_image","twitter_misc":{"Dur\u00e9e de lecture estim\u00e9e":"1 minute"},"schema":{"@context":"https:\/\/schema.org","@graph":[{"@type":"WebPage","@id":"https:\/\/cementplus.gr\/fr\/produit\/cse-multitop\/","url":"https:\/\/cementplus.gr\/fr\/produit\/cse-multitop\/","name":"CSE MULTITOP - Cement Plus","isPartOf":{"@id":"https:\/\/cementplus.gr\/#website"},"primaryImageOfPage":{"@id":"https:\/\/cementplus.gr\/fr\/produit\/cse-multitop\/#primaryimage"},"image":{"@id":"https:\/\/cementplus.gr\/fr\/produit\/cse-multitop\/#primaryimage"},"thumbnailUrl":"https:\/\/cementplus.gr\/wp-content\/uploads\/2021\/02\/icon-cse-multitop-1.jpg","datePublished":"2021-02-26T23:08:18+00:00","dateModified":"2025-03-06T11:26:50+00:00","description":"D\u00e9sactivateur de b\u00e9ton pour la production de surfaces coul\u00e9es de granulats expos\u00e9s de haute qualit\u00e9.Il cr\u00e9e une membrane de protection forte contre les conditions climatiques extr\u00eames pendant l'application.","breadcrumb":{"@id":"https:\/\/cementplus.gr\/fr\/produit\/cse-multitop\/#breadcrumb"},"inLanguage":"fr-FR","potentialAction":[{"@type":"ReadAction","target":["https:\/\/cementplus.gr\/fr\/produit\/cse-multitop\/"]}]},{"@type":"ImageObject","inLanguage":"fr-FR","@id":"https:\/\/cementplus.gr\/fr\/produit\/cse-multitop\/#primaryimage","url":"https:\/\/cementplus.gr\/wp-content\/uploads\/2021\/02\/icon-cse-multitop-1.jpg","contentUrl":"https:\/\/cementplus.gr\/wp-content\/uploads\/2021\/02\/icon-cse-multitop-1.jpg","width":689,"height":493},{"@type":"BreadcrumbList","@id":"https:\/\/cementplus.gr\/fr\/produit\/cse-multitop\/#breadcrumb","itemListElement":[{"@type":"ListItem","position":1,"name":"Accueil","item":"https:\/\/cementplus.gr\/fr\/"},{"@type":"ListItem","position":2,"name":"\u039a\u03b1\u03c4\u03ac\u03c3\u03c4\u03b7\u03bc\u03b1","item":"https:\/\/cementplus.gr\/shop\/"},{"@type":"ListItem","position":3,"name":"CSE MULTITOP"}]},{"@type":"WebSite","@id":"https:\/\/cementplus.gr\/#website","url":"https:\/\/cementplus.gr\/","name":"Cement Plus","description":"","potentialAction":[{"@type":"SearchAction","target":{"@type":"EntryPoint","urlTemplate":"https:\/\/cementplus.gr\/?s={search_term_string}"},"query-input":{"@type":"PropertyValueSpecification","valueRequired":true,"valueName":"search_term_string"}}],"inLanguage":"fr-FR"}]}},"_links":{"self":[{"href":"https:\/\/cementplus.gr\/fr\/wp-json\/wp\/v2\/product\/10243","targetHints":{"allow":["GET"]}}],"collection":[{"href":"https:\/\/cementplus.gr\/fr\/wp-json\/wp\/v2\/product"}],"about":[{"href":"https:\/\/cementplus.gr\/fr\/wp-json\/wp\/v2\/types\/product"}],"wp:featuredmedia":[{"embeddable":true,"href":"https:\/\/cementplus.gr\/fr\/wp-json\/wp\/v2\/media\/10220"}],"wp:attachment":[{"href":"https:\/\/cementplus.gr\/fr\/wp-json\/wp\/v2\/media?parent=10243"}],"wp:term":[{"taxonomy":"product_brand","embeddable":true,"href":"https:\/\/cementplus.gr\/fr\/wp-json\/wp\/v2\/product_brand?post=10243"},{"taxonomy":"product_cat","embeddable":true,"href":"https:\/\/cementplus.gr\/fr\/wp-json\/wp\/v2\/product_cat?post=10243"},{"taxonomy":"product_tag","embeddable":true,"href":"https:\/\/cementplus.gr\/fr\/wp-json\/wp\/v2\/product_tag?post=10243"}],"curies":[{"name":"wp","href":"https:\/\/api.w.org\/{rel}","templated":true}]}}