{"id":10231,"date":"2021-02-15T01:16:12","date_gmt":"2021-02-14T23:16:12","guid":{"rendered":"https:\/\/cementplus.gr\/product\/hydromix-fluid\/"},"modified":"2025-03-06T13:06:42","modified_gmt":"2025-03-06T11:06:42","slug":"hydromix-fluid","status":"publish","type":"product","link":"https:\/\/cementplus.gr\/fr\/produit\/hydromix-fluid\/","title":{"rendered":"HYDROMIX FLUID"},"content":{"rendered":"","protected":false},"excerpt":{"rendered":"<p>Additif sp\u00e9cial pour b\u00e9ton avec ingr\u00e9dients actifs pour l&rsquo;imperm\u00e9abilisation des produits en b\u00e9ton color\u00e9 tels que blocs, dalles, etc.<\/p>\n","protected":false},"featured_media":10040,"template":"","meta":{"_acf_changed":false},"product_brand":[],"product_cat":[403,380],"product_tag":[],"class_list":{"0":"post-10231","1":"product","2":"type-product","3":"status-publish","4":"has-post-thumbnail","6":"product_cat-additifs-dimpermeabilisation","7":"product_cat-impermeabilisation-protection","9":"first","10":"instock","11":"shipping-taxable","12":"product-type-simple"},"acf":[],"yoast_head":"<!-- This site is optimized with the Yoast SEO plugin v27.3 - https:\/\/yoast.com\/product\/yoast-seo-wordpress\/ -->\n<title>HYDROMIX FLUID - Cement Plus<\/title>\n<meta name=\"description\" content=\"Additif sp\u00e9cial pour b\u00e9ton avec ingr\u00e9dients actifs pour l&#039;imperm\u00e9abilisation des produits en b\u00e9ton color\u00e9 tels que blocs, dalles, etc.\" \/>\n<meta name=\"robots\" content=\"index, follow, max-snippet:-1, max-image-preview:large, max-video-preview:-1\" \/>\n<link rel=\"canonical\" href=\"https:\/\/cementplus.gr\/produit\/hydromix-fluid\/\" \/>\n<meta property=\"og:locale\" content=\"fr_FR\" \/>\n<meta property=\"og:type\" content=\"article\" \/>\n<meta property=\"og:title\" content=\"HYDROMIX FLUID - Cement Plus\" \/>\n<meta property=\"og:description\" content=\"Additif sp\u00e9cial pour b\u00e9ton avec ingr\u00e9dients actifs pour l&#039;imperm\u00e9abilisation des produits en b\u00e9ton color\u00e9 tels que blocs, dalles, etc.\" \/>\n<meta property=\"og:url\" content=\"https:\/\/cementplus.gr\/produit\/hydromix-fluid\/\" \/>\n<meta property=\"og:site_name\" content=\"Cement Plus\" \/>\n<meta property=\"article:modified_time\" content=\"2025-03-06T11:06:42+00:00\" \/>\n<meta property=\"og:image\" content=\"https:\/\/cementplus.gr\/wp-content\/uploads\/2021\/02\/HYDROMIX-FLUID-1.jpg\" \/>\n\t<meta property=\"og:image:width\" content=\"688\" \/>\n\t<meta property=\"og:image:height\" content=\"493\" \/>\n\t<meta property=\"og:image:type\" content=\"image\/jpeg\" \/>\n<meta name=\"twitter:card\" content=\"summary_large_image\" \/>\n<meta name=\"twitter:label1\" content=\"Dur\u00e9e de lecture estim\u00e9e\" \/>\n\t<meta name=\"twitter:data1\" content=\"1 minute\" \/>\n<script type=\"application\/ld+json\" class=\"yoast-schema-graph\">{\"@context\":\"https:\\\/\\\/schema.org\",\"@graph\":[{\"@type\":\"WebPage\",\"@id\":\"https:\\\/\\\/cementplus.gr\\\/produit\\\/hydromix-fluid\\\/\",\"url\":\"https:\\\/\\\/cementplus.gr\\\/produit\\\/hydromix-fluid\\\/\",\"name\":\"HYDROMIX FLUID - Cement Plus\",\"isPartOf\":{\"@id\":\"https:\\\/\\\/cementplus.gr\\\/#website\"},\"primaryImageOfPage\":{\"@id\":\"https:\\\/\\\/cementplus.gr\\\/produit\\\/hydromix-fluid\\\/#primaryimage\"},\"image\":{\"@id\":\"https:\\\/\\\/cementplus.gr\\\/produit\\\/hydromix-fluid\\\/#primaryimage\"},\"thumbnailUrl\":\"https:\\\/\\\/cementplus.gr\\\/wp-content\\\/uploads\\\/2021\\\/02\\\/HYDROMIX-FLUID-1.jpg\",\"datePublished\":\"2021-02-14T23:16:12+00:00\",\"dateModified\":\"2025-03-06T11:06:42+00:00\",\"description\":\"Additif sp\u00e9cial pour b\u00e9ton avec ingr\u00e9dients actifs pour l'imperm\u00e9abilisation des produits en b\u00e9ton color\u00e9 tels que blocs, dalles, etc.\",\"breadcrumb\":{\"@id\":\"https:\\\/\\\/cementplus.gr\\\/produit\\\/hydromix-fluid\\\/#breadcrumb\"},\"inLanguage\":\"fr-FR\",\"potentialAction\":[{\"@type\":\"ReadAction\",\"target\":[\"https:\\\/\\\/cementplus.gr\\\/produit\\\/hydromix-fluid\\\/\"]}]},{\"@type\":\"ImageObject\",\"inLanguage\":\"fr-FR\",\"@id\":\"https:\\\/\\\/cementplus.gr\\\/produit\\\/hydromix-fluid\\\/#primaryimage\",\"url\":\"https:\\\/\\\/cementplus.gr\\\/wp-content\\\/uploads\\\/2021\\\/02\\\/HYDROMIX-FLUID-1.jpg\",\"contentUrl\":\"https:\\\/\\\/cementplus.gr\\\/wp-content\\\/uploads\\\/2021\\\/02\\\/HYDROMIX-FLUID-1.jpg\",\"width\":688,\"height\":493},{\"@type\":\"BreadcrumbList\",\"@id\":\"https:\\\/\\\/cementplus.gr\\\/produit\\\/hydromix-fluid\\\/#breadcrumb\",\"itemListElement\":[{\"@type\":\"ListItem\",\"position\":1,\"name\":\"Accueil\",\"item\":\"https:\\\/\\\/cementplus.gr\\\/fr\\\/\"},{\"@type\":\"ListItem\",\"position\":2,\"name\":\"\u039a\u03b1\u03c4\u03ac\u03c3\u03c4\u03b7\u03bc\u03b1\",\"item\":\"https:\\\/\\\/cementplus.gr\\\/shop\\\/\"},{\"@type\":\"ListItem\",\"position\":3,\"name\":\"HYDROMIX FLUID\"}]},{\"@type\":\"WebSite\",\"@id\":\"https:\\\/\\\/cementplus.gr\\\/#website\",\"url\":\"https:\\\/\\\/cementplus.gr\\\/\",\"name\":\"Cement Plus\",\"description\":\"\",\"potentialAction\":[{\"@type\":\"SearchAction\",\"target\":{\"@type\":\"EntryPoint\",\"urlTemplate\":\"https:\\\/\\\/cementplus.gr\\\/?s={search_term_string}\"},\"query-input\":{\"@type\":\"PropertyValueSpecification\",\"valueRequired\":true,\"valueName\":\"search_term_string\"}}],\"inLanguage\":\"fr-FR\"}]}<\/script>\n<!-- \/ Yoast SEO plugin. -->","yoast_head_json":{"title":"HYDROMIX FLUID - Cement Plus","description":"Additif sp\u00e9cial pour b\u00e9ton avec ingr\u00e9dients actifs pour l'imperm\u00e9abilisation des produits en b\u00e9ton color\u00e9 tels que blocs, dalles, etc.","robots":{"index":"index","follow":"follow","max-snippet":"max-snippet:-1","max-image-preview":"max-image-preview:large","max-video-preview":"max-video-preview:-1"},"canonical":"https:\/\/cementplus.gr\/produit\/hydromix-fluid\/","og_locale":"fr_FR","og_type":"article","og_title":"HYDROMIX FLUID - Cement Plus","og_description":"Additif sp\u00e9cial pour b\u00e9ton avec ingr\u00e9dients actifs pour l'imperm\u00e9abilisation des produits en b\u00e9ton color\u00e9 tels que blocs, dalles, etc.","og_url":"https:\/\/cementplus.gr\/produit\/hydromix-fluid\/","og_site_name":"Cement Plus","article_modified_time":"2025-03-06T11:06:42+00:00","og_image":[{"width":688,"height":493,"url":"https:\/\/cementplus.gr\/wp-content\/uploads\/2021\/02\/HYDROMIX-FLUID-1.jpg","type":"image\/jpeg"}],"twitter_card":"summary_large_image","twitter_misc":{"Dur\u00e9e de lecture estim\u00e9e":"1 minute"},"schema":{"@context":"https:\/\/schema.org","@graph":[{"@type":"WebPage","@id":"https:\/\/cementplus.gr\/produit\/hydromix-fluid\/","url":"https:\/\/cementplus.gr\/produit\/hydromix-fluid\/","name":"HYDROMIX FLUID - Cement Plus","isPartOf":{"@id":"https:\/\/cementplus.gr\/#website"},"primaryImageOfPage":{"@id":"https:\/\/cementplus.gr\/produit\/hydromix-fluid\/#primaryimage"},"image":{"@id":"https:\/\/cementplus.gr\/produit\/hydromix-fluid\/#primaryimage"},"thumbnailUrl":"https:\/\/cementplus.gr\/wp-content\/uploads\/2021\/02\/HYDROMIX-FLUID-1.jpg","datePublished":"2021-02-14T23:16:12+00:00","dateModified":"2025-03-06T11:06:42+00:00","description":"Additif sp\u00e9cial pour b\u00e9ton avec ingr\u00e9dients actifs pour l'imperm\u00e9abilisation des produits en b\u00e9ton color\u00e9 tels que blocs, dalles, etc.","breadcrumb":{"@id":"https:\/\/cementplus.gr\/produit\/hydromix-fluid\/#breadcrumb"},"inLanguage":"fr-FR","potentialAction":[{"@type":"ReadAction","target":["https:\/\/cementplus.gr\/produit\/hydromix-fluid\/"]}]},{"@type":"ImageObject","inLanguage":"fr-FR","@id":"https:\/\/cementplus.gr\/produit\/hydromix-fluid\/#primaryimage","url":"https:\/\/cementplus.gr\/wp-content\/uploads\/2021\/02\/HYDROMIX-FLUID-1.jpg","contentUrl":"https:\/\/cementplus.gr\/wp-content\/uploads\/2021\/02\/HYDROMIX-FLUID-1.jpg","width":688,"height":493},{"@type":"BreadcrumbList","@id":"https:\/\/cementplus.gr\/produit\/hydromix-fluid\/#breadcrumb","itemListElement":[{"@type":"ListItem","position":1,"name":"Accueil","item":"https:\/\/cementplus.gr\/fr\/"},{"@type":"ListItem","position":2,"name":"\u039a\u03b1\u03c4\u03ac\u03c3\u03c4\u03b7\u03bc\u03b1","item":"https:\/\/cementplus.gr\/shop\/"},{"@type":"ListItem","position":3,"name":"HYDROMIX FLUID"}]},{"@type":"WebSite","@id":"https:\/\/cementplus.gr\/#website","url":"https:\/\/cementplus.gr\/","name":"Cement Plus","description":"","potentialAction":[{"@type":"SearchAction","target":{"@type":"EntryPoint","urlTemplate":"https:\/\/cementplus.gr\/?s={search_term_string}"},"query-input":{"@type":"PropertyValueSpecification","valueRequired":true,"valueName":"search_term_string"}}],"inLanguage":"fr-FR"}]}},"_links":{"self":[{"href":"https:\/\/cementplus.gr\/fr\/wp-json\/wp\/v2\/product\/10231","targetHints":{"allow":["GET"]}}],"collection":[{"href":"https:\/\/cementplus.gr\/fr\/wp-json\/wp\/v2\/product"}],"about":[{"href":"https:\/\/cementplus.gr\/fr\/wp-json\/wp\/v2\/types\/product"}],"wp:featuredmedia":[{"embeddable":true,"href":"https:\/\/cementplus.gr\/fr\/wp-json\/wp\/v2\/media\/10040"}],"wp:attachment":[{"href":"https:\/\/cementplus.gr\/fr\/wp-json\/wp\/v2\/media?parent=10231"}],"wp:term":[{"taxonomy":"product_brand","embeddable":true,"href":"https:\/\/cementplus.gr\/fr\/wp-json\/wp\/v2\/product_brand?post=10231"},{"taxonomy":"product_cat","embeddable":true,"href":"https:\/\/cementplus.gr\/fr\/wp-json\/wp\/v2\/product_cat?post=10231"},{"taxonomy":"product_tag","embeddable":true,"href":"https:\/\/cementplus.gr\/fr\/wp-json\/wp\/v2\/product_tag?post=10231"}],"curies":[{"name":"wp","href":"https:\/\/api.w.org\/{rel}","templated":true}]}}