{"id":10222,"date":"2021-02-15T01:01:40","date_gmt":"2021-02-14T23:01:40","guid":{"rendered":"https:\/\/cementplus.gr\/product\/wabicon-hp\/"},"modified":"2025-03-06T13:01:18","modified_gmt":"2025-03-06T11:01:18","slug":"wabicon-hp","status":"publish","type":"product","link":"https:\/\/cementplus.gr\/fr\/produit\/wabicon-hp\/","title":{"rendered":"WABICON HP"},"content":{"rendered":"","protected":false},"excerpt":{"rendered":"<p>Agent de d\u00e9moulage haute performance pour la production de surfaces en b\u00e9ton propres et sans pores. Convient pour tous types de moules tels que m\u00e9tal, bois, plastiques, etc. Tr\u00e8s faible consommation et couverture jusqu&rsquo;\u00e0 100m\u00b2 par litre.<\/p>\n","protected":false},"featured_media":10043,"template":"","meta":{"_acf_changed":false},"product_brand":[],"product_cat":[401,380],"product_tag":[],"class_list":{"0":"post-10222","1":"product","2":"type-product","3":"status-publish","4":"has-post-thumbnail","6":"product_cat-emulsions-de-demoulage","7":"product_cat-impermeabilisation-protection","9":"first","10":"instock","11":"shipping-taxable","12":"product-type-simple"},"acf":[],"yoast_head":"<!-- This site is optimized with the Yoast SEO plugin v27.3 - https:\/\/yoast.com\/product\/yoast-seo-wordpress\/ -->\n<title>WABICON HP - Cement Plus<\/title>\n<meta name=\"description\" content=\"Agent de d\u00e9moulage haute performance pour la production de surfaces en b\u00e9ton propres et sans pores. Convient pour tous types de moules tels que m\u00e9tal, bois, plastiques, etc. Tr\u00e8s faible consommation et couverture jusqu&#039;\u00e0 100m\u00b2 par litre.\" \/>\n<meta name=\"robots\" content=\"index, follow, max-snippet:-1, max-image-preview:large, max-video-preview:-1\" \/>\n<link rel=\"canonical\" href=\"https:\/\/cementplus.gr\/fr\/produit\/wabicon-hp\/\" \/>\n<meta property=\"og:locale\" content=\"fr_FR\" \/>\n<meta property=\"og:type\" content=\"article\" \/>\n<meta property=\"og:title\" content=\"WABICON HP - Cement Plus\" \/>\n<meta property=\"og:description\" content=\"Agent de d\u00e9moulage haute performance pour la production de surfaces en b\u00e9ton propres et sans pores. Convient pour tous types de moules tels que m\u00e9tal, bois, plastiques, etc. Tr\u00e8s faible consommation et couverture jusqu&#039;\u00e0 100m\u00b2 par litre.\" \/>\n<meta property=\"og:url\" content=\"https:\/\/cementplus.gr\/fr\/produit\/wabicon-hp\/\" \/>\n<meta property=\"og:site_name\" content=\"Cement Plus\" \/>\n<meta property=\"article:modified_time\" content=\"2025-03-06T11:01:18+00:00\" \/>\n<meta property=\"og:image\" content=\"https:\/\/cementplus.gr\/wp-content\/uploads\/2021\/02\/WABICON-HP-1.jpg\" \/>\n\t<meta property=\"og:image:width\" content=\"688\" \/>\n\t<meta property=\"og:image:height\" content=\"493\" \/>\n\t<meta property=\"og:image:type\" content=\"image\/jpeg\" \/>\n<meta name=\"twitter:card\" content=\"summary_large_image\" \/>\n<meta name=\"twitter:label1\" content=\"Dur\u00e9e de lecture estim\u00e9e\" \/>\n\t<meta name=\"twitter:data1\" content=\"1 minute\" \/>\n<script type=\"application\/ld+json\" class=\"yoast-schema-graph\">{\"@context\":\"https:\\\/\\\/schema.org\",\"@graph\":[{\"@type\":\"WebPage\",\"@id\":\"https:\\\/\\\/cementplus.gr\\\/fr\\\/produit\\\/wabicon-hp\\\/\",\"url\":\"https:\\\/\\\/cementplus.gr\\\/fr\\\/produit\\\/wabicon-hp\\\/\",\"name\":\"WABICON HP - Cement Plus\",\"isPartOf\":{\"@id\":\"https:\\\/\\\/cementplus.gr\\\/#website\"},\"primaryImageOfPage\":{\"@id\":\"https:\\\/\\\/cementplus.gr\\\/fr\\\/produit\\\/wabicon-hp\\\/#primaryimage\"},\"image\":{\"@id\":\"https:\\\/\\\/cementplus.gr\\\/fr\\\/produit\\\/wabicon-hp\\\/#primaryimage\"},\"thumbnailUrl\":\"https:\\\/\\\/cementplus.gr\\\/wp-content\\\/uploads\\\/2021\\\/02\\\/WABICON-HP-1.jpg\",\"datePublished\":\"2021-02-14T23:01:40+00:00\",\"dateModified\":\"2025-03-06T11:01:18+00:00\",\"description\":\"Agent de d\u00e9moulage haute performance pour la production de surfaces en b\u00e9ton propres et sans pores. Convient pour tous types de moules tels que m\u00e9tal, bois, plastiques, etc. Tr\u00e8s faible consommation et couverture jusqu'\u00e0 100m\u00b2 par litre.\",\"breadcrumb\":{\"@id\":\"https:\\\/\\\/cementplus.gr\\\/fr\\\/produit\\\/wabicon-hp\\\/#breadcrumb\"},\"inLanguage\":\"fr-FR\",\"potentialAction\":[{\"@type\":\"ReadAction\",\"target\":[\"https:\\\/\\\/cementplus.gr\\\/fr\\\/produit\\\/wabicon-hp\\\/\"]}]},{\"@type\":\"ImageObject\",\"inLanguage\":\"fr-FR\",\"@id\":\"https:\\\/\\\/cementplus.gr\\\/fr\\\/produit\\\/wabicon-hp\\\/#primaryimage\",\"url\":\"https:\\\/\\\/cementplus.gr\\\/wp-content\\\/uploads\\\/2021\\\/02\\\/WABICON-HP-1.jpg\",\"contentUrl\":\"https:\\\/\\\/cementplus.gr\\\/wp-content\\\/uploads\\\/2021\\\/02\\\/WABICON-HP-1.jpg\",\"width\":688,\"height\":493},{\"@type\":\"BreadcrumbList\",\"@id\":\"https:\\\/\\\/cementplus.gr\\\/fr\\\/produit\\\/wabicon-hp\\\/#breadcrumb\",\"itemListElement\":[{\"@type\":\"ListItem\",\"position\":1,\"name\":\"Accueil\",\"item\":\"https:\\\/\\\/cementplus.gr\\\/fr\\\/\"},{\"@type\":\"ListItem\",\"position\":2,\"name\":\"\u039a\u03b1\u03c4\u03ac\u03c3\u03c4\u03b7\u03bc\u03b1\",\"item\":\"https:\\\/\\\/cementplus.gr\\\/shop\\\/\"},{\"@type\":\"ListItem\",\"position\":3,\"name\":\"WABICON HP\"}]},{\"@type\":\"WebSite\",\"@id\":\"https:\\\/\\\/cementplus.gr\\\/#website\",\"url\":\"https:\\\/\\\/cementplus.gr\\\/\",\"name\":\"Cement Plus\",\"description\":\"\",\"potentialAction\":[{\"@type\":\"SearchAction\",\"target\":{\"@type\":\"EntryPoint\",\"urlTemplate\":\"https:\\\/\\\/cementplus.gr\\\/?s={search_term_string}\"},\"query-input\":{\"@type\":\"PropertyValueSpecification\",\"valueRequired\":true,\"valueName\":\"search_term_string\"}}],\"inLanguage\":\"fr-FR\"}]}<\/script>\n<!-- \/ Yoast SEO plugin. -->","yoast_head_json":{"title":"WABICON HP - Cement Plus","description":"Agent de d\u00e9moulage haute performance pour la production de surfaces en b\u00e9ton propres et sans pores. Convient pour tous types de moules tels que m\u00e9tal, bois, plastiques, etc. Tr\u00e8s faible consommation et couverture jusqu'\u00e0 100m\u00b2 par litre.","robots":{"index":"index","follow":"follow","max-snippet":"max-snippet:-1","max-image-preview":"max-image-preview:large","max-video-preview":"max-video-preview:-1"},"canonical":"https:\/\/cementplus.gr\/fr\/produit\/wabicon-hp\/","og_locale":"fr_FR","og_type":"article","og_title":"WABICON HP - Cement Plus","og_description":"Agent de d\u00e9moulage haute performance pour la production de surfaces en b\u00e9ton propres et sans pores. Convient pour tous types de moules tels que m\u00e9tal, bois, plastiques, etc. Tr\u00e8s faible consommation et couverture jusqu'\u00e0 100m\u00b2 par litre.","og_url":"https:\/\/cementplus.gr\/fr\/produit\/wabicon-hp\/","og_site_name":"Cement Plus","article_modified_time":"2025-03-06T11:01:18+00:00","og_image":[{"width":688,"height":493,"url":"https:\/\/cementplus.gr\/wp-content\/uploads\/2021\/02\/WABICON-HP-1.jpg","type":"image\/jpeg"}],"twitter_card":"summary_large_image","twitter_misc":{"Dur\u00e9e de lecture estim\u00e9e":"1 minute"},"schema":{"@context":"https:\/\/schema.org","@graph":[{"@type":"WebPage","@id":"https:\/\/cementplus.gr\/fr\/produit\/wabicon-hp\/","url":"https:\/\/cementplus.gr\/fr\/produit\/wabicon-hp\/","name":"WABICON HP - Cement Plus","isPartOf":{"@id":"https:\/\/cementplus.gr\/#website"},"primaryImageOfPage":{"@id":"https:\/\/cementplus.gr\/fr\/produit\/wabicon-hp\/#primaryimage"},"image":{"@id":"https:\/\/cementplus.gr\/fr\/produit\/wabicon-hp\/#primaryimage"},"thumbnailUrl":"https:\/\/cementplus.gr\/wp-content\/uploads\/2021\/02\/WABICON-HP-1.jpg","datePublished":"2021-02-14T23:01:40+00:00","dateModified":"2025-03-06T11:01:18+00:00","description":"Agent de d\u00e9moulage haute performance pour la production de surfaces en b\u00e9ton propres et sans pores. Convient pour tous types de moules tels que m\u00e9tal, bois, plastiques, etc. Tr\u00e8s faible consommation et couverture jusqu'\u00e0 100m\u00b2 par litre.","breadcrumb":{"@id":"https:\/\/cementplus.gr\/fr\/produit\/wabicon-hp\/#breadcrumb"},"inLanguage":"fr-FR","potentialAction":[{"@type":"ReadAction","target":["https:\/\/cementplus.gr\/fr\/produit\/wabicon-hp\/"]}]},{"@type":"ImageObject","inLanguage":"fr-FR","@id":"https:\/\/cementplus.gr\/fr\/produit\/wabicon-hp\/#primaryimage","url":"https:\/\/cementplus.gr\/wp-content\/uploads\/2021\/02\/WABICON-HP-1.jpg","contentUrl":"https:\/\/cementplus.gr\/wp-content\/uploads\/2021\/02\/WABICON-HP-1.jpg","width":688,"height":493},{"@type":"BreadcrumbList","@id":"https:\/\/cementplus.gr\/fr\/produit\/wabicon-hp\/#breadcrumb","itemListElement":[{"@type":"ListItem","position":1,"name":"Accueil","item":"https:\/\/cementplus.gr\/fr\/"},{"@type":"ListItem","position":2,"name":"\u039a\u03b1\u03c4\u03ac\u03c3\u03c4\u03b7\u03bc\u03b1","item":"https:\/\/cementplus.gr\/shop\/"},{"@type":"ListItem","position":3,"name":"WABICON HP"}]},{"@type":"WebSite","@id":"https:\/\/cementplus.gr\/#website","url":"https:\/\/cementplus.gr\/","name":"Cement Plus","description":"","potentialAction":[{"@type":"SearchAction","target":{"@type":"EntryPoint","urlTemplate":"https:\/\/cementplus.gr\/?s={search_term_string}"},"query-input":{"@type":"PropertyValueSpecification","valueRequired":true,"valueName":"search_term_string"}}],"inLanguage":"fr-FR"}]}},"_links":{"self":[{"href":"https:\/\/cementplus.gr\/fr\/wp-json\/wp\/v2\/product\/10222","targetHints":{"allow":["GET"]}}],"collection":[{"href":"https:\/\/cementplus.gr\/fr\/wp-json\/wp\/v2\/product"}],"about":[{"href":"https:\/\/cementplus.gr\/fr\/wp-json\/wp\/v2\/types\/product"}],"wp:featuredmedia":[{"embeddable":true,"href":"https:\/\/cementplus.gr\/fr\/wp-json\/wp\/v2\/media\/10043"}],"wp:attachment":[{"href":"https:\/\/cementplus.gr\/fr\/wp-json\/wp\/v2\/media?parent=10222"}],"wp:term":[{"taxonomy":"product_brand","embeddable":true,"href":"https:\/\/cementplus.gr\/fr\/wp-json\/wp\/v2\/product_brand?post=10222"},{"taxonomy":"product_cat","embeddable":true,"href":"https:\/\/cementplus.gr\/fr\/wp-json\/wp\/v2\/product_cat?post=10222"},{"taxonomy":"product_tag","embeddable":true,"href":"https:\/\/cementplus.gr\/fr\/wp-json\/wp\/v2\/product_tag?post=10222"}],"curies":[{"name":"wp","href":"https:\/\/api.w.org\/{rel}","templated":true}]}}