{"id":10212,"date":"2021-02-11T03:13:46","date_gmt":"2021-02-11T01:13:46","guid":{"rendered":"https:\/\/cementplus.gr\/product\/glasstex-74\/"},"modified":"2025-03-06T12:57:07","modified_gmt":"2025-03-06T10:57:07","slug":"glasstex-74","status":"publish","type":"product","link":"https:\/\/cementplus.gr\/fr\/produit\/glasstex-74\/","title":{"rendered":"GLASSTEX 74"},"content":{"rendered":"","protected":false},"excerpt":{"rendered":"<p>Maille en fibre de verre pour mortiers, r\u00e9sistante aux alcalis.<\/p>\n<p>Elle est utilis\u00e9e comme renfort dans les couches de finition ou les rev\u00eatements d\u00e9coratifs \u00e0 base de ciment, pour \u00e9viter les fissures.<\/p>\n","protected":false},"featured_media":10075,"template":"","meta":{"_acf_changed":false},"product_brand":[],"product_cat":[399,398],"product_tag":[387],"class_list":{"0":"post-10212","1":"product","2":"type-product","3":"status-publish","4":"has-post-thumbnail","6":"product_cat-fibre-de-verre","7":"product_cat-materiaux-auxiliaires-et-additifs","8":"product_tag-natura-50-velvet-system-fr","10":"first","11":"instock","12":"shipping-taxable","13":"product-type-simple"},"acf":[],"yoast_head":"<!-- This site is optimized with the Yoast SEO plugin v27.3 - https:\/\/yoast.com\/product\/yoast-seo-wordpress\/ -->\n<title>GLASSTEX 74 - Cement Plus<\/title>\n<meta name=\"description\" content=\"Maille en fibre de verre pour mortiers, r\u00e9sistante aux alcalis. Elle est utilis\u00e9e comme renfort dans les couches de finition ou les rev\u00eatements d\u00e9coratifs \u00e0 base de ciment, pour \u00e9viter les fissures.\" \/>\n<meta name=\"robots\" content=\"index, follow, max-snippet:-1, max-image-preview:large, max-video-preview:-1\" \/>\n<link rel=\"canonical\" href=\"https:\/\/cementplus.gr\/produit\/glasstex-74\/\" \/>\n<meta property=\"og:locale\" content=\"fr_FR\" \/>\n<meta property=\"og:type\" content=\"article\" \/>\n<meta property=\"og:title\" content=\"GLASSTEX 74 - Cement Plus\" \/>\n<meta property=\"og:description\" content=\"Maille en fibre de verre pour mortiers, r\u00e9sistante aux alcalis. Elle est utilis\u00e9e comme renfort dans les couches de finition ou les rev\u00eatements d\u00e9coratifs \u00e0 base de ciment, pour \u00e9viter les fissures.\" \/>\n<meta property=\"og:url\" content=\"https:\/\/cementplus.gr\/produit\/glasstex-74\/\" \/>\n<meta property=\"og:site_name\" content=\"Cement Plus\" \/>\n<meta property=\"article:modified_time\" content=\"2025-03-06T10:57:07+00:00\" \/>\n<meta property=\"og:image\" content=\"https:\/\/cementplus.gr\/wp-content\/uploads\/2021\/02\/GLASSTEX-74-1-1.jpg\" \/>\n\t<meta property=\"og:image:width\" content=\"688\" \/>\n\t<meta property=\"og:image:height\" content=\"494\" \/>\n\t<meta property=\"og:image:type\" content=\"image\/jpeg\" \/>\n<meta name=\"twitter:card\" content=\"summary_large_image\" \/>\n<meta name=\"twitter:label1\" content=\"Dur\u00e9e de lecture estim\u00e9e\" \/>\n\t<meta name=\"twitter:data1\" content=\"1 minute\" \/>\n<script type=\"application\/ld+json\" class=\"yoast-schema-graph\">{\"@context\":\"https:\\\/\\\/schema.org\",\"@graph\":[{\"@type\":\"WebPage\",\"@id\":\"https:\\\/\\\/cementplus.gr\\\/produit\\\/glasstex-74\\\/\",\"url\":\"https:\\\/\\\/cementplus.gr\\\/produit\\\/glasstex-74\\\/\",\"name\":\"GLASSTEX 74 - Cement Plus\",\"isPartOf\":{\"@id\":\"https:\\\/\\\/cementplus.gr\\\/#website\"},\"primaryImageOfPage\":{\"@id\":\"https:\\\/\\\/cementplus.gr\\\/produit\\\/glasstex-74\\\/#primaryimage\"},\"image\":{\"@id\":\"https:\\\/\\\/cementplus.gr\\\/produit\\\/glasstex-74\\\/#primaryimage\"},\"thumbnailUrl\":\"https:\\\/\\\/cementplus.gr\\\/wp-content\\\/uploads\\\/2021\\\/02\\\/GLASSTEX-74-1-1.jpg\",\"datePublished\":\"2021-02-11T01:13:46+00:00\",\"dateModified\":\"2025-03-06T10:57:07+00:00\",\"description\":\"Maille en fibre de verre pour mortiers, r\u00e9sistante aux alcalis. Elle est utilis\u00e9e comme renfort dans les couches de finition ou les rev\u00eatements d\u00e9coratifs \u00e0 base de ciment, pour \u00e9viter les fissures.\",\"breadcrumb\":{\"@id\":\"https:\\\/\\\/cementplus.gr\\\/produit\\\/glasstex-74\\\/#breadcrumb\"},\"inLanguage\":\"fr-FR\",\"potentialAction\":[{\"@type\":\"ReadAction\",\"target\":[\"https:\\\/\\\/cementplus.gr\\\/produit\\\/glasstex-74\\\/\"]}]},{\"@type\":\"ImageObject\",\"inLanguage\":\"fr-FR\",\"@id\":\"https:\\\/\\\/cementplus.gr\\\/produit\\\/glasstex-74\\\/#primaryimage\",\"url\":\"https:\\\/\\\/cementplus.gr\\\/wp-content\\\/uploads\\\/2021\\\/02\\\/GLASSTEX-74-1-1.jpg\",\"contentUrl\":\"https:\\\/\\\/cementplus.gr\\\/wp-content\\\/uploads\\\/2021\\\/02\\\/GLASSTEX-74-1-1.jpg\",\"width\":688,\"height\":494},{\"@type\":\"BreadcrumbList\",\"@id\":\"https:\\\/\\\/cementplus.gr\\\/produit\\\/glasstex-74\\\/#breadcrumb\",\"itemListElement\":[{\"@type\":\"ListItem\",\"position\":1,\"name\":\"Accueil\",\"item\":\"https:\\\/\\\/cementplus.gr\\\/fr\\\/\"},{\"@type\":\"ListItem\",\"position\":2,\"name\":\"\u039a\u03b1\u03c4\u03ac\u03c3\u03c4\u03b7\u03bc\u03b1\",\"item\":\"https:\\\/\\\/cementplus.gr\\\/shop\\\/\"},{\"@type\":\"ListItem\",\"position\":3,\"name\":\"GLASSTEX 74\"}]},{\"@type\":\"WebSite\",\"@id\":\"https:\\\/\\\/cementplus.gr\\\/#website\",\"url\":\"https:\\\/\\\/cementplus.gr\\\/\",\"name\":\"Cement Plus\",\"description\":\"\",\"potentialAction\":[{\"@type\":\"SearchAction\",\"target\":{\"@type\":\"EntryPoint\",\"urlTemplate\":\"https:\\\/\\\/cementplus.gr\\\/?s={search_term_string}\"},\"query-input\":{\"@type\":\"PropertyValueSpecification\",\"valueRequired\":true,\"valueName\":\"search_term_string\"}}],\"inLanguage\":\"fr-FR\"}]}<\/script>\n<!-- \/ Yoast SEO plugin. -->","yoast_head_json":{"title":"GLASSTEX 74 - Cement Plus","description":"Maille en fibre de verre pour mortiers, r\u00e9sistante aux alcalis. Elle est utilis\u00e9e comme renfort dans les couches de finition ou les rev\u00eatements d\u00e9coratifs \u00e0 base de ciment, pour \u00e9viter les fissures.","robots":{"index":"index","follow":"follow","max-snippet":"max-snippet:-1","max-image-preview":"max-image-preview:large","max-video-preview":"max-video-preview:-1"},"canonical":"https:\/\/cementplus.gr\/produit\/glasstex-74\/","og_locale":"fr_FR","og_type":"article","og_title":"GLASSTEX 74 - Cement Plus","og_description":"Maille en fibre de verre pour mortiers, r\u00e9sistante aux alcalis. Elle est utilis\u00e9e comme renfort dans les couches de finition ou les rev\u00eatements d\u00e9coratifs \u00e0 base de ciment, pour \u00e9viter les fissures.","og_url":"https:\/\/cementplus.gr\/produit\/glasstex-74\/","og_site_name":"Cement Plus","article_modified_time":"2025-03-06T10:57:07+00:00","og_image":[{"width":688,"height":494,"url":"https:\/\/cementplus.gr\/wp-content\/uploads\/2021\/02\/GLASSTEX-74-1-1.jpg","type":"image\/jpeg"}],"twitter_card":"summary_large_image","twitter_misc":{"Dur\u00e9e de lecture estim\u00e9e":"1 minute"},"schema":{"@context":"https:\/\/schema.org","@graph":[{"@type":"WebPage","@id":"https:\/\/cementplus.gr\/produit\/glasstex-74\/","url":"https:\/\/cementplus.gr\/produit\/glasstex-74\/","name":"GLASSTEX 74 - Cement Plus","isPartOf":{"@id":"https:\/\/cementplus.gr\/#website"},"primaryImageOfPage":{"@id":"https:\/\/cementplus.gr\/produit\/glasstex-74\/#primaryimage"},"image":{"@id":"https:\/\/cementplus.gr\/produit\/glasstex-74\/#primaryimage"},"thumbnailUrl":"https:\/\/cementplus.gr\/wp-content\/uploads\/2021\/02\/GLASSTEX-74-1-1.jpg","datePublished":"2021-02-11T01:13:46+00:00","dateModified":"2025-03-06T10:57:07+00:00","description":"Maille en fibre de verre pour mortiers, r\u00e9sistante aux alcalis. Elle est utilis\u00e9e comme renfort dans les couches de finition ou les rev\u00eatements d\u00e9coratifs \u00e0 base de ciment, pour \u00e9viter les fissures.","breadcrumb":{"@id":"https:\/\/cementplus.gr\/produit\/glasstex-74\/#breadcrumb"},"inLanguage":"fr-FR","potentialAction":[{"@type":"ReadAction","target":["https:\/\/cementplus.gr\/produit\/glasstex-74\/"]}]},{"@type":"ImageObject","inLanguage":"fr-FR","@id":"https:\/\/cementplus.gr\/produit\/glasstex-74\/#primaryimage","url":"https:\/\/cementplus.gr\/wp-content\/uploads\/2021\/02\/GLASSTEX-74-1-1.jpg","contentUrl":"https:\/\/cementplus.gr\/wp-content\/uploads\/2021\/02\/GLASSTEX-74-1-1.jpg","width":688,"height":494},{"@type":"BreadcrumbList","@id":"https:\/\/cementplus.gr\/produit\/glasstex-74\/#breadcrumb","itemListElement":[{"@type":"ListItem","position":1,"name":"Accueil","item":"https:\/\/cementplus.gr\/fr\/"},{"@type":"ListItem","position":2,"name":"\u039a\u03b1\u03c4\u03ac\u03c3\u03c4\u03b7\u03bc\u03b1","item":"https:\/\/cementplus.gr\/shop\/"},{"@type":"ListItem","position":3,"name":"GLASSTEX 74"}]},{"@type":"WebSite","@id":"https:\/\/cementplus.gr\/#website","url":"https:\/\/cementplus.gr\/","name":"Cement Plus","description":"","potentialAction":[{"@type":"SearchAction","target":{"@type":"EntryPoint","urlTemplate":"https:\/\/cementplus.gr\/?s={search_term_string}"},"query-input":{"@type":"PropertyValueSpecification","valueRequired":true,"valueName":"search_term_string"}}],"inLanguage":"fr-FR"}]}},"_links":{"self":[{"href":"https:\/\/cementplus.gr\/fr\/wp-json\/wp\/v2\/product\/10212","targetHints":{"allow":["GET"]}}],"collection":[{"href":"https:\/\/cementplus.gr\/fr\/wp-json\/wp\/v2\/product"}],"about":[{"href":"https:\/\/cementplus.gr\/fr\/wp-json\/wp\/v2\/types\/product"}],"wp:featuredmedia":[{"embeddable":true,"href":"https:\/\/cementplus.gr\/fr\/wp-json\/wp\/v2\/media\/10075"}],"wp:attachment":[{"href":"https:\/\/cementplus.gr\/fr\/wp-json\/wp\/v2\/media?parent=10212"}],"wp:term":[{"taxonomy":"product_brand","embeddable":true,"href":"https:\/\/cementplus.gr\/fr\/wp-json\/wp\/v2\/product_brand?post=10212"},{"taxonomy":"product_cat","embeddable":true,"href":"https:\/\/cementplus.gr\/fr\/wp-json\/wp\/v2\/product_cat?post=10212"},{"taxonomy":"product_tag","embeddable":true,"href":"https:\/\/cementplus.gr\/fr\/wp-json\/wp\/v2\/product_tag?post=10212"}],"curies":[{"name":"wp","href":"https:\/\/api.w.org\/{rel}","templated":true}]}}