{"id":10175,"date":"2024-02-24T01:01:45","date_gmt":"2024-02-23T23:01:45","guid":{"rendered":"https:\/\/cementplus.gr\/product\/intotect-resin\/"},"modified":"2025-03-06T12:42:17","modified_gmt":"2025-03-06T10:42:17","slug":"intotect-resin","status":"publish","type":"product","link":"https:\/\/cementplus.gr\/fr\/produit\/intotect-resin\/","title":{"rendered":"INTOTECT RESIN"},"content":{"rendered":"","protected":false},"excerpt":{"rendered":"<p>Enduit p\u00e2teux pr\u00eat \u00e0 l&#8217;emploi \u00e0 base de liants organiques et de pierres color\u00e9es de marbre et de granit pour rev\u00eatement d\u00e9coratif sur surfaces verticales ext\u00e9rieures et int\u00e9rieures.<\/p>\n","protected":false},"featured_media":10179,"template":"","meta":{"_acf_changed":false},"product_brand":[],"product_cat":[394,396],"product_tag":[397],"class_list":{"0":"post-10175","1":"product","2":"type-product","3":"status-publish","4":"has-post-thumbnail","6":"product_cat-applications-architecturales","7":"product_cat-enduits-quartzeux","8":"product_tag-intotect-resin-system-fr","10":"first","11":"instock","12":"shipping-taxable","13":"product-type-simple"},"acf":[],"yoast_head":"<!-- This site is optimized with the Yoast SEO plugin v27.3 - https:\/\/yoast.com\/product\/yoast-seo-wordpress\/ -->\n<title>INTOTECT RESIN - Cement Plus<\/title>\n<meta name=\"description\" content=\"Enduit p\u00e2teux pr\u00eat \u00e0 l&#039;emploi \u00e0 base de liants organiques et de pierres color\u00e9es de marbre et de granit pour rev\u00eatement d\u00e9coratif sur surfaces verticales ext\u00e9rieures et int\u00e9rieures.\" \/>\n<meta name=\"robots\" content=\"index, follow, max-snippet:-1, max-image-preview:large, max-video-preview:-1\" \/>\n<link rel=\"canonical\" href=\"https:\/\/cementplus.gr\/produit\/intotect-resin\/\" \/>\n<meta property=\"og:locale\" content=\"fr_FR\" \/>\n<meta property=\"og:type\" content=\"article\" \/>\n<meta property=\"og:title\" content=\"INTOTECT RESIN - Cement Plus\" \/>\n<meta property=\"og:description\" content=\"Enduit p\u00e2teux pr\u00eat \u00e0 l&#039;emploi \u00e0 base de liants organiques et de pierres color\u00e9es de marbre et de granit pour rev\u00eatement d\u00e9coratif sur surfaces verticales ext\u00e9rieures et int\u00e9rieures.\" \/>\n<meta property=\"og:url\" content=\"https:\/\/cementplus.gr\/produit\/intotect-resin\/\" \/>\n<meta property=\"og:site_name\" content=\"Cement Plus\" \/>\n<meta property=\"article:modified_time\" content=\"2025-03-06T10:42:17+00:00\" \/>\n<meta property=\"og:image\" content=\"https:\/\/cementplus.gr\/wp-content\/uploads\/2024\/02\/intotect-resin-\u03c0\u03c1\u03bf\u03ca\u03bf\u03bd-eng.jpg\" \/>\n\t<meta property=\"og:image:width\" content=\"688\" \/>\n\t<meta property=\"og:image:height\" content=\"494\" \/>\n\t<meta property=\"og:image:type\" content=\"image\/jpeg\" \/>\n<meta name=\"twitter:card\" content=\"summary_large_image\" \/>\n<meta name=\"twitter:label1\" content=\"Dur\u00e9e de lecture estim\u00e9e\" \/>\n\t<meta name=\"twitter:data1\" content=\"1 minute\" \/>\n<script type=\"application\/ld+json\" class=\"yoast-schema-graph\">{\"@context\":\"https:\\\/\\\/schema.org\",\"@graph\":[{\"@type\":\"WebPage\",\"@id\":\"https:\\\/\\\/cementplus.gr\\\/produit\\\/intotect-resin\\\/\",\"url\":\"https:\\\/\\\/cementplus.gr\\\/produit\\\/intotect-resin\\\/\",\"name\":\"INTOTECT RESIN - Cement Plus\",\"isPartOf\":{\"@id\":\"https:\\\/\\\/cementplus.gr\\\/#website\"},\"primaryImageOfPage\":{\"@id\":\"https:\\\/\\\/cementplus.gr\\\/produit\\\/intotect-resin\\\/#primaryimage\"},\"image\":{\"@id\":\"https:\\\/\\\/cementplus.gr\\\/produit\\\/intotect-resin\\\/#primaryimage\"},\"thumbnailUrl\":\"https:\\\/\\\/cementplus.gr\\\/wp-content\\\/uploads\\\/2024\\\/02\\\/intotect-resin-\u03c0\u03c1\u03bf\u03ca\u03bf\u03bd-eng.jpg\",\"datePublished\":\"2024-02-23T23:01:45+00:00\",\"dateModified\":\"2025-03-06T10:42:17+00:00\",\"description\":\"Enduit p\u00e2teux pr\u00eat \u00e0 l'emploi \u00e0 base de liants organiques et de pierres color\u00e9es de marbre et de granit pour rev\u00eatement d\u00e9coratif sur surfaces verticales ext\u00e9rieures et int\u00e9rieures.\",\"breadcrumb\":{\"@id\":\"https:\\\/\\\/cementplus.gr\\\/produit\\\/intotect-resin\\\/#breadcrumb\"},\"inLanguage\":\"fr-FR\",\"potentialAction\":[{\"@type\":\"ReadAction\",\"target\":[\"https:\\\/\\\/cementplus.gr\\\/produit\\\/intotect-resin\\\/\"]}]},{\"@type\":\"ImageObject\",\"inLanguage\":\"fr-FR\",\"@id\":\"https:\\\/\\\/cementplus.gr\\\/produit\\\/intotect-resin\\\/#primaryimage\",\"url\":\"https:\\\/\\\/cementplus.gr\\\/wp-content\\\/uploads\\\/2024\\\/02\\\/intotect-resin-\u03c0\u03c1\u03bf\u03ca\u03bf\u03bd-eng.jpg\",\"contentUrl\":\"https:\\\/\\\/cementplus.gr\\\/wp-content\\\/uploads\\\/2024\\\/02\\\/intotect-resin-\u03c0\u03c1\u03bf\u03ca\u03bf\u03bd-eng.jpg\",\"width\":688,\"height\":494},{\"@type\":\"BreadcrumbList\",\"@id\":\"https:\\\/\\\/cementplus.gr\\\/produit\\\/intotect-resin\\\/#breadcrumb\",\"itemListElement\":[{\"@type\":\"ListItem\",\"position\":1,\"name\":\"Accueil\",\"item\":\"https:\\\/\\\/cementplus.gr\\\/fr\\\/\"},{\"@type\":\"ListItem\",\"position\":2,\"name\":\"\u039a\u03b1\u03c4\u03ac\u03c3\u03c4\u03b7\u03bc\u03b1\",\"item\":\"https:\\\/\\\/cementplus.gr\\\/shop\\\/\"},{\"@type\":\"ListItem\",\"position\":3,\"name\":\"INTOTECT RESIN\"}]},{\"@type\":\"WebSite\",\"@id\":\"https:\\\/\\\/cementplus.gr\\\/#website\",\"url\":\"https:\\\/\\\/cementplus.gr\\\/\",\"name\":\"Cement Plus\",\"description\":\"\",\"potentialAction\":[{\"@type\":\"SearchAction\",\"target\":{\"@type\":\"EntryPoint\",\"urlTemplate\":\"https:\\\/\\\/cementplus.gr\\\/?s={search_term_string}\"},\"query-input\":{\"@type\":\"PropertyValueSpecification\",\"valueRequired\":true,\"valueName\":\"search_term_string\"}}],\"inLanguage\":\"fr-FR\"}]}<\/script>\n<!-- \/ Yoast SEO plugin. -->","yoast_head_json":{"title":"INTOTECT RESIN - Cement Plus","description":"Enduit p\u00e2teux pr\u00eat \u00e0 l'emploi \u00e0 base de liants organiques et de pierres color\u00e9es de marbre et de granit pour rev\u00eatement d\u00e9coratif sur surfaces verticales ext\u00e9rieures et int\u00e9rieures.","robots":{"index":"index","follow":"follow","max-snippet":"max-snippet:-1","max-image-preview":"max-image-preview:large","max-video-preview":"max-video-preview:-1"},"canonical":"https:\/\/cementplus.gr\/produit\/intotect-resin\/","og_locale":"fr_FR","og_type":"article","og_title":"INTOTECT RESIN - Cement Plus","og_description":"Enduit p\u00e2teux pr\u00eat \u00e0 l'emploi \u00e0 base de liants organiques et de pierres color\u00e9es de marbre et de granit pour rev\u00eatement d\u00e9coratif sur surfaces verticales ext\u00e9rieures et int\u00e9rieures.","og_url":"https:\/\/cementplus.gr\/produit\/intotect-resin\/","og_site_name":"Cement Plus","article_modified_time":"2025-03-06T10:42:17+00:00","og_image":[{"width":688,"height":494,"url":"https:\/\/cementplus.gr\/wp-content\/uploads\/2024\/02\/intotect-resin-\u03c0\u03c1\u03bf\u03ca\u03bf\u03bd-eng.jpg","type":"image\/jpeg"}],"twitter_card":"summary_large_image","twitter_misc":{"Dur\u00e9e de lecture estim\u00e9e":"1 minute"},"schema":{"@context":"https:\/\/schema.org","@graph":[{"@type":"WebPage","@id":"https:\/\/cementplus.gr\/produit\/intotect-resin\/","url":"https:\/\/cementplus.gr\/produit\/intotect-resin\/","name":"INTOTECT RESIN - Cement Plus","isPartOf":{"@id":"https:\/\/cementplus.gr\/#website"},"primaryImageOfPage":{"@id":"https:\/\/cementplus.gr\/produit\/intotect-resin\/#primaryimage"},"image":{"@id":"https:\/\/cementplus.gr\/produit\/intotect-resin\/#primaryimage"},"thumbnailUrl":"https:\/\/cementplus.gr\/wp-content\/uploads\/2024\/02\/intotect-resin-\u03c0\u03c1\u03bf\u03ca\u03bf\u03bd-eng.jpg","datePublished":"2024-02-23T23:01:45+00:00","dateModified":"2025-03-06T10:42:17+00:00","description":"Enduit p\u00e2teux pr\u00eat \u00e0 l'emploi \u00e0 base de liants organiques et de pierres color\u00e9es de marbre et de granit pour rev\u00eatement d\u00e9coratif sur surfaces verticales ext\u00e9rieures et int\u00e9rieures.","breadcrumb":{"@id":"https:\/\/cementplus.gr\/produit\/intotect-resin\/#breadcrumb"},"inLanguage":"fr-FR","potentialAction":[{"@type":"ReadAction","target":["https:\/\/cementplus.gr\/produit\/intotect-resin\/"]}]},{"@type":"ImageObject","inLanguage":"fr-FR","@id":"https:\/\/cementplus.gr\/produit\/intotect-resin\/#primaryimage","url":"https:\/\/cementplus.gr\/wp-content\/uploads\/2024\/02\/intotect-resin-\u03c0\u03c1\u03bf\u03ca\u03bf\u03bd-eng.jpg","contentUrl":"https:\/\/cementplus.gr\/wp-content\/uploads\/2024\/02\/intotect-resin-\u03c0\u03c1\u03bf\u03ca\u03bf\u03bd-eng.jpg","width":688,"height":494},{"@type":"BreadcrumbList","@id":"https:\/\/cementplus.gr\/produit\/intotect-resin\/#breadcrumb","itemListElement":[{"@type":"ListItem","position":1,"name":"Accueil","item":"https:\/\/cementplus.gr\/fr\/"},{"@type":"ListItem","position":2,"name":"\u039a\u03b1\u03c4\u03ac\u03c3\u03c4\u03b7\u03bc\u03b1","item":"https:\/\/cementplus.gr\/shop\/"},{"@type":"ListItem","position":3,"name":"INTOTECT RESIN"}]},{"@type":"WebSite","@id":"https:\/\/cementplus.gr\/#website","url":"https:\/\/cementplus.gr\/","name":"Cement Plus","description":"","potentialAction":[{"@type":"SearchAction","target":{"@type":"EntryPoint","urlTemplate":"https:\/\/cementplus.gr\/?s={search_term_string}"},"query-input":{"@type":"PropertyValueSpecification","valueRequired":true,"valueName":"search_term_string"}}],"inLanguage":"fr-FR"}]}},"_links":{"self":[{"href":"https:\/\/cementplus.gr\/fr\/wp-json\/wp\/v2\/product\/10175","targetHints":{"allow":["GET"]}}],"collection":[{"href":"https:\/\/cementplus.gr\/fr\/wp-json\/wp\/v2\/product"}],"about":[{"href":"https:\/\/cementplus.gr\/fr\/wp-json\/wp\/v2\/types\/product"}],"wp:featuredmedia":[{"embeddable":true,"href":"https:\/\/cementplus.gr\/fr\/wp-json\/wp\/v2\/media\/10179"}],"wp:attachment":[{"href":"https:\/\/cementplus.gr\/fr\/wp-json\/wp\/v2\/media?parent=10175"}],"wp:term":[{"taxonomy":"product_brand","embeddable":true,"href":"https:\/\/cementplus.gr\/fr\/wp-json\/wp\/v2\/product_brand?post=10175"},{"taxonomy":"product_cat","embeddable":true,"href":"https:\/\/cementplus.gr\/fr\/wp-json\/wp\/v2\/product_cat?post=10175"},{"taxonomy":"product_tag","embeddable":true,"href":"https:\/\/cementplus.gr\/fr\/wp-json\/wp\/v2\/product_tag?post=10175"}],"curies":[{"name":"wp","href":"https:\/\/api.w.org\/{rel}","templated":true}]}}