{"id":10172,"date":"2021-04-14T19:45:31","date_gmt":"2021-04-14T16:45:31","guid":{"rendered":"https:\/\/cementplus.gr\/product\/nanofin-metal\/"},"modified":"2025-03-06T12:38:34","modified_gmt":"2025-03-06T10:38:34","slug":"nanofin-metal","status":"publish","type":"product","link":"https:\/\/cementplus.gr\/fr\/produit\/nanofin-metal\/","title":{"rendered":"NANOFIN METAL"},"content":{"rendered":"","protected":false},"excerpt":{"rendered":"<p class=\"whitespace-pre-wrap break-words\"><em><strong>Rev\u00eatement d\u00e9coratif cimentaire mono-composant en m\u00e9tal pur<\/strong><\/em><\/p>\n<p class=\"whitespace-pre-wrap break-words\">Convient pour les applications sur murs et meubles. Cr\u00e9e une surface lisse avec l&rsquo;apparence d&rsquo;une feuille m\u00e9tallique. Nanofin Metal est disponible en 3 couleurs.<\/p>\n<p class=\"whitespace-pre-wrap break-words\"><strong>Caract\u00e9ristiques<\/strong>:<\/p>\n<ul class=\"[&amp;:not(:last-child)_ul]:pb-1 [&amp;:not(:last-child)_ol]:pb-1 list-disc space-y-1.5 pl-7\">\n<li class=\"whitespace-normal break-words\">Hydrophobe<\/li>\n<li class=\"whitespace-normal break-words\">Excellente adh\u00e9rence<\/li>\n<li class=\"whitespace-normal break-words\">Haute duret\u00e9<\/li>\n<li class=\"whitespace-normal break-words\">R\u00e9sistance \u00e0 l&rsquo;abrasion<\/li>\n<li class=\"whitespace-normal break-words\">Consommation 0,5-1 kg\/m\u00b2<\/li>\n<\/ul>\n","protected":false},"featured_media":10174,"template":"","meta":{"_acf_changed":false},"product_brand":[],"product_cat":[394,395],"product_tag":[382],"class_list":{"0":"post-10172","1":"product","2":"type-product","3":"status-publish","4":"has-post-thumbnail","6":"product_cat-applications-architecturales","7":"product_cat-enduits-decoratifs-cimentaires","8":"product_tag-nanofin-metal-system-fr","10":"first","11":"instock","12":"shipping-taxable","13":"product-type-simple"},"acf":[],"yoast_head":"<!-- This site is optimized with the Yoast SEO plugin v27.3 - https:\/\/yoast.com\/product\/yoast-seo-wordpress\/ -->\n<title>NANOFIN METAL - Cement Plus<\/title>\n<meta name=\"description\" content=\"Rev\u00eatement d\u00e9coratif cimentaire mono-composant en m\u00e9tal pur. Convient pour les applications sur murs et meubles. Cr\u00e9e une surface lisse avec l&#039;apparence d&#039;une feuille m\u00e9tallique. Nanofin Metal est disponible en 3 couleurs.\" \/>\n<meta name=\"robots\" content=\"index, follow, max-snippet:-1, max-image-preview:large, max-video-preview:-1\" \/>\n<link rel=\"canonical\" href=\"https:\/\/cementplus.gr\/fr\/produit\/nanofin-metal\/\" \/>\n<meta property=\"og:locale\" content=\"fr_FR\" \/>\n<meta property=\"og:type\" content=\"article\" \/>\n<meta property=\"og:title\" content=\"NANOFIN METAL - Cement Plus\" \/>\n<meta property=\"og:description\" content=\"Rev\u00eatement d\u00e9coratif cimentaire mono-composant en m\u00e9tal pur. Convient pour les applications sur murs et meubles. Cr\u00e9e une surface lisse avec l&#039;apparence d&#039;une feuille m\u00e9tallique. Nanofin Metal est disponible en 3 couleurs.\" \/>\n<meta property=\"og:url\" content=\"https:\/\/cementplus.gr\/fr\/produit\/nanofin-metal\/\" \/>\n<meta property=\"og:site_name\" content=\"Cement Plus\" \/>\n<meta property=\"article:modified_time\" content=\"2025-03-06T10:38:34+00:00\" \/>\n<meta property=\"og:image\" content=\"https:\/\/cementplus.gr\/wp-content\/uploads\/2021\/04\/nanofin-metal.jpg\" \/>\n\t<meta property=\"og:image:width\" content=\"689\" \/>\n\t<meta property=\"og:image:height\" content=\"494\" \/>\n\t<meta property=\"og:image:type\" content=\"image\/jpeg\" \/>\n<meta name=\"twitter:card\" content=\"summary_large_image\" \/>\n<meta name=\"twitter:label1\" content=\"Dur\u00e9e de lecture estim\u00e9e\" \/>\n\t<meta name=\"twitter:data1\" content=\"1 minute\" \/>\n<script type=\"application\/ld+json\" class=\"yoast-schema-graph\">{\"@context\":\"https:\\\/\\\/schema.org\",\"@graph\":[{\"@type\":\"WebPage\",\"@id\":\"https:\\\/\\\/cementplus.gr\\\/fr\\\/produit\\\/nanofin-metal\\\/\",\"url\":\"https:\\\/\\\/cementplus.gr\\\/fr\\\/produit\\\/nanofin-metal\\\/\",\"name\":\"NANOFIN METAL - Cement Plus\",\"isPartOf\":{\"@id\":\"https:\\\/\\\/cementplus.gr\\\/#website\"},\"primaryImageOfPage\":{\"@id\":\"https:\\\/\\\/cementplus.gr\\\/fr\\\/produit\\\/nanofin-metal\\\/#primaryimage\"},\"image\":{\"@id\":\"https:\\\/\\\/cementplus.gr\\\/fr\\\/produit\\\/nanofin-metal\\\/#primaryimage\"},\"thumbnailUrl\":\"https:\\\/\\\/cementplus.gr\\\/wp-content\\\/uploads\\\/2021\\\/04\\\/nanofin-metal.jpg\",\"datePublished\":\"2021-04-14T16:45:31+00:00\",\"dateModified\":\"2025-03-06T10:38:34+00:00\",\"description\":\"Rev\u00eatement d\u00e9coratif cimentaire mono-composant en m\u00e9tal pur. Convient pour les applications sur murs et meubles. Cr\u00e9e une surface lisse avec l'apparence d'une feuille m\u00e9tallique. Nanofin Metal est disponible en 3 couleurs.\",\"breadcrumb\":{\"@id\":\"https:\\\/\\\/cementplus.gr\\\/fr\\\/produit\\\/nanofin-metal\\\/#breadcrumb\"},\"inLanguage\":\"fr-FR\",\"potentialAction\":[{\"@type\":\"ReadAction\",\"target\":[\"https:\\\/\\\/cementplus.gr\\\/fr\\\/produit\\\/nanofin-metal\\\/\"]}]},{\"@type\":\"ImageObject\",\"inLanguage\":\"fr-FR\",\"@id\":\"https:\\\/\\\/cementplus.gr\\\/fr\\\/produit\\\/nanofin-metal\\\/#primaryimage\",\"url\":\"https:\\\/\\\/cementplus.gr\\\/wp-content\\\/uploads\\\/2021\\\/04\\\/nanofin-metal.jpg\",\"contentUrl\":\"https:\\\/\\\/cementplus.gr\\\/wp-content\\\/uploads\\\/2021\\\/04\\\/nanofin-metal.jpg\",\"width\":689,\"height\":494},{\"@type\":\"BreadcrumbList\",\"@id\":\"https:\\\/\\\/cementplus.gr\\\/fr\\\/produit\\\/nanofin-metal\\\/#breadcrumb\",\"itemListElement\":[{\"@type\":\"ListItem\",\"position\":1,\"name\":\"Accueil\",\"item\":\"https:\\\/\\\/cementplus.gr\\\/fr\\\/\"},{\"@type\":\"ListItem\",\"position\":2,\"name\":\"\u039a\u03b1\u03c4\u03ac\u03c3\u03c4\u03b7\u03bc\u03b1\",\"item\":\"https:\\\/\\\/cementplus.gr\\\/shop\\\/\"},{\"@type\":\"ListItem\",\"position\":3,\"name\":\"NANOFIN METAL\"}]},{\"@type\":\"WebSite\",\"@id\":\"https:\\\/\\\/cementplus.gr\\\/#website\",\"url\":\"https:\\\/\\\/cementplus.gr\\\/\",\"name\":\"Cement Plus\",\"description\":\"\",\"potentialAction\":[{\"@type\":\"SearchAction\",\"target\":{\"@type\":\"EntryPoint\",\"urlTemplate\":\"https:\\\/\\\/cementplus.gr\\\/?s={search_term_string}\"},\"query-input\":{\"@type\":\"PropertyValueSpecification\",\"valueRequired\":true,\"valueName\":\"search_term_string\"}}],\"inLanguage\":\"fr-FR\"}]}<\/script>\n<!-- \/ Yoast SEO plugin. -->","yoast_head_json":{"title":"NANOFIN METAL - Cement Plus","description":"Rev\u00eatement d\u00e9coratif cimentaire mono-composant en m\u00e9tal pur. Convient pour les applications sur murs et meubles. Cr\u00e9e une surface lisse avec l'apparence d'une feuille m\u00e9tallique. Nanofin Metal est disponible en 3 couleurs.","robots":{"index":"index","follow":"follow","max-snippet":"max-snippet:-1","max-image-preview":"max-image-preview:large","max-video-preview":"max-video-preview:-1"},"canonical":"https:\/\/cementplus.gr\/fr\/produit\/nanofin-metal\/","og_locale":"fr_FR","og_type":"article","og_title":"NANOFIN METAL - Cement Plus","og_description":"Rev\u00eatement d\u00e9coratif cimentaire mono-composant en m\u00e9tal pur. Convient pour les applications sur murs et meubles. Cr\u00e9e une surface lisse avec l'apparence d'une feuille m\u00e9tallique. Nanofin Metal est disponible en 3 couleurs.","og_url":"https:\/\/cementplus.gr\/fr\/produit\/nanofin-metal\/","og_site_name":"Cement Plus","article_modified_time":"2025-03-06T10:38:34+00:00","og_image":[{"width":689,"height":494,"url":"https:\/\/cementplus.gr\/wp-content\/uploads\/2021\/04\/nanofin-metal.jpg","type":"image\/jpeg"}],"twitter_card":"summary_large_image","twitter_misc":{"Dur\u00e9e de lecture estim\u00e9e":"1 minute"},"schema":{"@context":"https:\/\/schema.org","@graph":[{"@type":"WebPage","@id":"https:\/\/cementplus.gr\/fr\/produit\/nanofin-metal\/","url":"https:\/\/cementplus.gr\/fr\/produit\/nanofin-metal\/","name":"NANOFIN METAL - Cement Plus","isPartOf":{"@id":"https:\/\/cementplus.gr\/#website"},"primaryImageOfPage":{"@id":"https:\/\/cementplus.gr\/fr\/produit\/nanofin-metal\/#primaryimage"},"image":{"@id":"https:\/\/cementplus.gr\/fr\/produit\/nanofin-metal\/#primaryimage"},"thumbnailUrl":"https:\/\/cementplus.gr\/wp-content\/uploads\/2021\/04\/nanofin-metal.jpg","datePublished":"2021-04-14T16:45:31+00:00","dateModified":"2025-03-06T10:38:34+00:00","description":"Rev\u00eatement d\u00e9coratif cimentaire mono-composant en m\u00e9tal pur. Convient pour les applications sur murs et meubles. Cr\u00e9e une surface lisse avec l'apparence d'une feuille m\u00e9tallique. Nanofin Metal est disponible en 3 couleurs.","breadcrumb":{"@id":"https:\/\/cementplus.gr\/fr\/produit\/nanofin-metal\/#breadcrumb"},"inLanguage":"fr-FR","potentialAction":[{"@type":"ReadAction","target":["https:\/\/cementplus.gr\/fr\/produit\/nanofin-metal\/"]}]},{"@type":"ImageObject","inLanguage":"fr-FR","@id":"https:\/\/cementplus.gr\/fr\/produit\/nanofin-metal\/#primaryimage","url":"https:\/\/cementplus.gr\/wp-content\/uploads\/2021\/04\/nanofin-metal.jpg","contentUrl":"https:\/\/cementplus.gr\/wp-content\/uploads\/2021\/04\/nanofin-metal.jpg","width":689,"height":494},{"@type":"BreadcrumbList","@id":"https:\/\/cementplus.gr\/fr\/produit\/nanofin-metal\/#breadcrumb","itemListElement":[{"@type":"ListItem","position":1,"name":"Accueil","item":"https:\/\/cementplus.gr\/fr\/"},{"@type":"ListItem","position":2,"name":"\u039a\u03b1\u03c4\u03ac\u03c3\u03c4\u03b7\u03bc\u03b1","item":"https:\/\/cementplus.gr\/shop\/"},{"@type":"ListItem","position":3,"name":"NANOFIN METAL"}]},{"@type":"WebSite","@id":"https:\/\/cementplus.gr\/#website","url":"https:\/\/cementplus.gr\/","name":"Cement Plus","description":"","potentialAction":[{"@type":"SearchAction","target":{"@type":"EntryPoint","urlTemplate":"https:\/\/cementplus.gr\/?s={search_term_string}"},"query-input":{"@type":"PropertyValueSpecification","valueRequired":true,"valueName":"search_term_string"}}],"inLanguage":"fr-FR"}]}},"_links":{"self":[{"href":"https:\/\/cementplus.gr\/fr\/wp-json\/wp\/v2\/product\/10172","targetHints":{"allow":["GET"]}}],"collection":[{"href":"https:\/\/cementplus.gr\/fr\/wp-json\/wp\/v2\/product"}],"about":[{"href":"https:\/\/cementplus.gr\/fr\/wp-json\/wp\/v2\/types\/product"}],"wp:featuredmedia":[{"embeddable":true,"href":"https:\/\/cementplus.gr\/fr\/wp-json\/wp\/v2\/media\/10174"}],"wp:attachment":[{"href":"https:\/\/cementplus.gr\/fr\/wp-json\/wp\/v2\/media?parent=10172"}],"wp:term":[{"taxonomy":"product_brand","embeddable":true,"href":"https:\/\/cementplus.gr\/fr\/wp-json\/wp\/v2\/product_brand?post=10172"},{"taxonomy":"product_cat","embeddable":true,"href":"https:\/\/cementplus.gr\/fr\/wp-json\/wp\/v2\/product_cat?post=10172"},{"taxonomy":"product_tag","embeddable":true,"href":"https:\/\/cementplus.gr\/fr\/wp-json\/wp\/v2\/product_tag?post=10172"}],"curies":[{"name":"wp","href":"https:\/\/api.w.org\/{rel}","templated":true}]}}