{"id":10164,"date":"2022-02-26T19:58:08","date_gmt":"2022-02-26T17:58:08","guid":{"rendered":"https:\/\/cementplus.gr\/product\/nanofin-50-velvet\/"},"modified":"2025-11-12T16:32:20","modified_gmt":"2025-11-12T14:32:20","slug":"nanofin-50-velvet","status":"publish","type":"product","link":"https:\/\/cementplus.gr\/fr\/produit\/nanofin-50-velvet\/","title":{"rendered":"NANOFIN 50 Velvet"},"content":{"rendered":"<p class=\"whitespace-pre-wrap break-words\">Il s&rsquo;applique \u00e0 la truelle sur une \u00e9paisseur de 1,5 mm. Gr\u00e2ce \u00e0 ses excellentes propri\u00e9t\u00e9s, il n&rsquo;est pas n\u00e9cessaire d&rsquo;utiliser un primaire et un treillis en fibre de verre lorsqu&rsquo;il est appliqu\u00e9 sur une surface lisse, sans fissures.<\/p>\n<p class=\"whitespace-pre-wrap break-words\"><strong>Nanofin 50 velvet<\/strong> est disponible en 20 couleurs pr\u00e9-m\u00e9lang\u00e9es.<\/p>\n<p class=\"whitespace-pre-wrap break-words\"><strong>Caract\u00e9ristiques<\/strong>:<\/p>\n<ul class=\"[&amp;:not(:last-child)_ul]:pb-1 [&amp;:not(:last-child)_ol]:pb-1 list-disc space-y-1.5 pl-7\">\n<li class=\"whitespace-normal break-words\">Aspect velours<\/li>\n<li class=\"whitespace-normal break-words\">Toucher lisse<\/li>\n<li class=\"whitespace-normal break-words\">Haute r\u00e9sistance et \u00e9lasticit\u00e9<\/li>\n<li class=\"whitespace-normal break-words\">Hautement hydrophobe<\/li>\n<li class=\"whitespace-normal break-words\">Haute r\u00e9sistance aux rayures<\/li>\n<li class=\"whitespace-normal break-words\">Pas besoin de joints<\/li>\n<li class=\"whitespace-normal break-words\">Pas besoin de primaire et de treillis en fibre<\/li>\n<li class=\"whitespace-normal break-words\">Peut \u00eatre appliqu\u00e9 sur tout type de supports (c\u00e9ramique, acier, marbre, b\u00e9ton, mdf, etc.)<\/li>\n<li class=\"whitespace-normal break-words\">Facile \u00e0 appliquer<\/li>\n<li class=\"whitespace-normal break-words\">Cycle d&rsquo;application court<\/li>\n<\/ul>\n","protected":false},"excerpt":{"rendered":"<p><em><strong>Nanofin 50 velvet<\/strong> est un syst\u00e8me de microciment utilis\u00e9 comme finition d\u00e9corative sur les sols, les murs et les meubles avec un toucher doux et un aspect velours.<\/em><\/p>\n","protected":false},"featured_media":10170,"template":"","meta":{"_acf_changed":false},"product_brand":[],"product_cat":[394,395],"product_tag":[385],"class_list":{"0":"post-10164","1":"product","2":"type-product","3":"status-publish","4":"has-post-thumbnail","6":"product_cat-applications-architecturales","7":"product_cat-enduits-decoratifs-cimentaires","8":"product_tag-nanofin-velvet-system-fr","10":"first","11":"instock","12":"shipping-taxable","13":"product-type-simple"},"acf":[],"yoast_head":"<!-- This site is optimized with the Yoast SEO plugin v27.3 - https:\/\/yoast.com\/product\/yoast-seo-wordpress\/ -->\n<title>NANOFIN 50 Velvet - Cement Plus<\/title>\n<meta name=\"description\" content=\"Nanofin 50 velvet est un syst\u00e8me de microciment utilis\u00e9 comme finition d\u00e9corative sur les sols, les murs et les meubles avec un toucher doux et un aspect velours.\" \/>\n<meta name=\"robots\" content=\"index, follow, max-snippet:-1, max-image-preview:large, max-video-preview:-1\" \/>\n<link rel=\"canonical\" href=\"https:\/\/cementplus.gr\/fr\/produit\/nanofin-50-velvet\/\" \/>\n<meta property=\"og:locale\" content=\"fr_FR\" \/>\n<meta property=\"og:type\" content=\"article\" \/>\n<meta property=\"og:title\" content=\"NANOFIN 50 Velvet - Cement Plus\" \/>\n<meta property=\"og:description\" content=\"Nanofin 50 velvet est un syst\u00e8me de microciment utilis\u00e9 comme finition d\u00e9corative sur les sols, les murs et les meubles avec un toucher doux et un aspect velours.\" \/>\n<meta property=\"og:url\" content=\"https:\/\/cementplus.gr\/fr\/produit\/nanofin-50-velvet\/\" \/>\n<meta property=\"og:site_name\" content=\"Cement Plus\" \/>\n<meta property=\"article:modified_time\" content=\"2025-11-12T14:32:20+00:00\" \/>\n<meta property=\"og:image\" content=\"https:\/\/cementplus.gr\/wp-content\/uploads\/2022\/02\/nanofin-50-velvet-product.jpg\" \/>\n\t<meta property=\"og:image:width\" content=\"688\" \/>\n\t<meta property=\"og:image:height\" content=\"493\" \/>\n\t<meta property=\"og:image:type\" content=\"image\/jpeg\" \/>\n<meta name=\"twitter:card\" content=\"summary_large_image\" \/>\n<meta name=\"twitter:label1\" content=\"Dur\u00e9e de lecture estim\u00e9e\" \/>\n\t<meta name=\"twitter:data1\" content=\"1 minute\" \/>\n<script type=\"application\/ld+json\" class=\"yoast-schema-graph\">{\"@context\":\"https:\\\/\\\/schema.org\",\"@graph\":[{\"@type\":\"WebPage\",\"@id\":\"https:\\\/\\\/cementplus.gr\\\/fr\\\/produit\\\/nanofin-50-velvet\\\/\",\"url\":\"https:\\\/\\\/cementplus.gr\\\/fr\\\/produit\\\/nanofin-50-velvet\\\/\",\"name\":\"NANOFIN 50 Velvet - Cement Plus\",\"isPartOf\":{\"@id\":\"https:\\\/\\\/cementplus.gr\\\/#website\"},\"primaryImageOfPage\":{\"@id\":\"https:\\\/\\\/cementplus.gr\\\/fr\\\/produit\\\/nanofin-50-velvet\\\/#primaryimage\"},\"image\":{\"@id\":\"https:\\\/\\\/cementplus.gr\\\/fr\\\/produit\\\/nanofin-50-velvet\\\/#primaryimage\"},\"thumbnailUrl\":\"https:\\\/\\\/cementplus.gr\\\/wp-content\\\/uploads\\\/2022\\\/02\\\/nanofin-50-velvet-product.jpg\",\"datePublished\":\"2022-02-26T17:58:08+00:00\",\"dateModified\":\"2025-11-12T14:32:20+00:00\",\"description\":\"Nanofin 50 velvet est un syst\u00e8me de microciment utilis\u00e9 comme finition d\u00e9corative sur les sols, les murs et les meubles avec un toucher doux et un aspect velours.\",\"breadcrumb\":{\"@id\":\"https:\\\/\\\/cementplus.gr\\\/fr\\\/produit\\\/nanofin-50-velvet\\\/#breadcrumb\"},\"inLanguage\":\"fr-FR\",\"potentialAction\":[{\"@type\":\"ReadAction\",\"target\":[\"https:\\\/\\\/cementplus.gr\\\/fr\\\/produit\\\/nanofin-50-velvet\\\/\"]}]},{\"@type\":\"ImageObject\",\"inLanguage\":\"fr-FR\",\"@id\":\"https:\\\/\\\/cementplus.gr\\\/fr\\\/produit\\\/nanofin-50-velvet\\\/#primaryimage\",\"url\":\"https:\\\/\\\/cementplus.gr\\\/wp-content\\\/uploads\\\/2022\\\/02\\\/nanofin-50-velvet-product.jpg\",\"contentUrl\":\"https:\\\/\\\/cementplus.gr\\\/wp-content\\\/uploads\\\/2022\\\/02\\\/nanofin-50-velvet-product.jpg\",\"width\":688,\"height\":493},{\"@type\":\"BreadcrumbList\",\"@id\":\"https:\\\/\\\/cementplus.gr\\\/fr\\\/produit\\\/nanofin-50-velvet\\\/#breadcrumb\",\"itemListElement\":[{\"@type\":\"ListItem\",\"position\":1,\"name\":\"Accueil\",\"item\":\"https:\\\/\\\/cementplus.gr\\\/fr\\\/\"},{\"@type\":\"ListItem\",\"position\":2,\"name\":\"\u039a\u03b1\u03c4\u03ac\u03c3\u03c4\u03b7\u03bc\u03b1\",\"item\":\"https:\\\/\\\/cementplus.gr\\\/shop\\\/\"},{\"@type\":\"ListItem\",\"position\":3,\"name\":\"NANOFIN 50 Velvet\"}]},{\"@type\":\"WebSite\",\"@id\":\"https:\\\/\\\/cementplus.gr\\\/#website\",\"url\":\"https:\\\/\\\/cementplus.gr\\\/\",\"name\":\"Cement Plus\",\"description\":\"\",\"potentialAction\":[{\"@type\":\"SearchAction\",\"target\":{\"@type\":\"EntryPoint\",\"urlTemplate\":\"https:\\\/\\\/cementplus.gr\\\/?s={search_term_string}\"},\"query-input\":{\"@type\":\"PropertyValueSpecification\",\"valueRequired\":true,\"valueName\":\"search_term_string\"}}],\"inLanguage\":\"fr-FR\"}]}<\/script>\n<!-- \/ Yoast SEO plugin. -->","yoast_head_json":{"title":"NANOFIN 50 Velvet - Cement Plus","description":"Nanofin 50 velvet est un syst\u00e8me de microciment utilis\u00e9 comme finition d\u00e9corative sur les sols, les murs et les meubles avec un toucher doux et un aspect velours.","robots":{"index":"index","follow":"follow","max-snippet":"max-snippet:-1","max-image-preview":"max-image-preview:large","max-video-preview":"max-video-preview:-1"},"canonical":"https:\/\/cementplus.gr\/fr\/produit\/nanofin-50-velvet\/","og_locale":"fr_FR","og_type":"article","og_title":"NANOFIN 50 Velvet - Cement Plus","og_description":"Nanofin 50 velvet est un syst\u00e8me de microciment utilis\u00e9 comme finition d\u00e9corative sur les sols, les murs et les meubles avec un toucher doux et un aspect velours.","og_url":"https:\/\/cementplus.gr\/fr\/produit\/nanofin-50-velvet\/","og_site_name":"Cement Plus","article_modified_time":"2025-11-12T14:32:20+00:00","og_image":[{"width":688,"height":493,"url":"https:\/\/cementplus.gr\/wp-content\/uploads\/2022\/02\/nanofin-50-velvet-product.jpg","type":"image\/jpeg"}],"twitter_card":"summary_large_image","twitter_misc":{"Dur\u00e9e de lecture estim\u00e9e":"1 minute"},"schema":{"@context":"https:\/\/schema.org","@graph":[{"@type":"WebPage","@id":"https:\/\/cementplus.gr\/fr\/produit\/nanofin-50-velvet\/","url":"https:\/\/cementplus.gr\/fr\/produit\/nanofin-50-velvet\/","name":"NANOFIN 50 Velvet - Cement Plus","isPartOf":{"@id":"https:\/\/cementplus.gr\/#website"},"primaryImageOfPage":{"@id":"https:\/\/cementplus.gr\/fr\/produit\/nanofin-50-velvet\/#primaryimage"},"image":{"@id":"https:\/\/cementplus.gr\/fr\/produit\/nanofin-50-velvet\/#primaryimage"},"thumbnailUrl":"https:\/\/cementplus.gr\/wp-content\/uploads\/2022\/02\/nanofin-50-velvet-product.jpg","datePublished":"2022-02-26T17:58:08+00:00","dateModified":"2025-11-12T14:32:20+00:00","description":"Nanofin 50 velvet est un syst\u00e8me de microciment utilis\u00e9 comme finition d\u00e9corative sur les sols, les murs et les meubles avec un toucher doux et un aspect velours.","breadcrumb":{"@id":"https:\/\/cementplus.gr\/fr\/produit\/nanofin-50-velvet\/#breadcrumb"},"inLanguage":"fr-FR","potentialAction":[{"@type":"ReadAction","target":["https:\/\/cementplus.gr\/fr\/produit\/nanofin-50-velvet\/"]}]},{"@type":"ImageObject","inLanguage":"fr-FR","@id":"https:\/\/cementplus.gr\/fr\/produit\/nanofin-50-velvet\/#primaryimage","url":"https:\/\/cementplus.gr\/wp-content\/uploads\/2022\/02\/nanofin-50-velvet-product.jpg","contentUrl":"https:\/\/cementplus.gr\/wp-content\/uploads\/2022\/02\/nanofin-50-velvet-product.jpg","width":688,"height":493},{"@type":"BreadcrumbList","@id":"https:\/\/cementplus.gr\/fr\/produit\/nanofin-50-velvet\/#breadcrumb","itemListElement":[{"@type":"ListItem","position":1,"name":"Accueil","item":"https:\/\/cementplus.gr\/fr\/"},{"@type":"ListItem","position":2,"name":"\u039a\u03b1\u03c4\u03ac\u03c3\u03c4\u03b7\u03bc\u03b1","item":"https:\/\/cementplus.gr\/shop\/"},{"@type":"ListItem","position":3,"name":"NANOFIN 50 Velvet"}]},{"@type":"WebSite","@id":"https:\/\/cementplus.gr\/#website","url":"https:\/\/cementplus.gr\/","name":"Cement Plus","description":"","potentialAction":[{"@type":"SearchAction","target":{"@type":"EntryPoint","urlTemplate":"https:\/\/cementplus.gr\/?s={search_term_string}"},"query-input":{"@type":"PropertyValueSpecification","valueRequired":true,"valueName":"search_term_string"}}],"inLanguage":"fr-FR"}]}},"_links":{"self":[{"href":"https:\/\/cementplus.gr\/fr\/wp-json\/wp\/v2\/product\/10164","targetHints":{"allow":["GET"]}}],"collection":[{"href":"https:\/\/cementplus.gr\/fr\/wp-json\/wp\/v2\/product"}],"about":[{"href":"https:\/\/cementplus.gr\/fr\/wp-json\/wp\/v2\/types\/product"}],"wp:featuredmedia":[{"embeddable":true,"href":"https:\/\/cementplus.gr\/fr\/wp-json\/wp\/v2\/media\/10170"}],"wp:attachment":[{"href":"https:\/\/cementplus.gr\/fr\/wp-json\/wp\/v2\/media?parent=10164"}],"wp:term":[{"taxonomy":"product_brand","embeddable":true,"href":"https:\/\/cementplus.gr\/fr\/wp-json\/wp\/v2\/product_brand?post=10164"},{"taxonomy":"product_cat","embeddable":true,"href":"https:\/\/cementplus.gr\/fr\/wp-json\/wp\/v2\/product_cat?post=10164"},{"taxonomy":"product_tag","embeddable":true,"href":"https:\/\/cementplus.gr\/fr\/wp-json\/wp\/v2\/product_tag?post=10164"}],"curies":[{"name":"wp","href":"https:\/\/api.w.org\/{rel}","templated":true}]}}