{"id":10131,"date":"2021-02-12T02:11:34","date_gmt":"2021-02-12T00:11:34","guid":{"rendered":"https:\/\/cementplus.gr\/product\/nanostucco-500\/"},"modified":"2025-03-06T12:32:02","modified_gmt":"2025-03-06T10:32:02","slug":"nanostucco-500","status":"publish","type":"product","link":"https:\/\/cementplus.gr\/fr\/produit\/nanostucco-500\/","title":{"rendered":"NANOSTUCCO 500"},"content":{"rendered":"<p class=\"whitespace-pre-wrap break-words\">Il s&rsquo;applique \u00e0 la truelle sur une \u00e9paisseur de 0,8-1,2 mm. Gr\u00e2ce \u00e0 ses excellentes propri\u00e9t\u00e9s, lorsqu&rsquo;il est appliqu\u00e9 sur une surface lisse, sans fissures, il n&rsquo;est pas n\u00e9cessaire d&rsquo;utiliser un primaire et un treillis en fibre de verre.<\/p>\n<p class=\"whitespace-pre-wrap break-words\">Nanostucco 500 est disponible en 20 couleurs.<\/p>\n<p class=\"whitespace-pre-wrap break-words\"><strong>Caract\u00e9ristiques<\/strong><\/p>\n<ul class=\"[&amp;:not(:last-child)_ul]:pb-1 [&amp;:not(:last-child)_ol]:pb-1 list-disc space-y-1.5 pl-7\">\n<li class=\"whitespace-normal break-words\">Qualit\u00e9 sup\u00e9rieure<\/li>\n<li class=\"whitespace-normal break-words\">Excellente adh\u00e9rence et tr\u00e8s haute \u00e9lasticit\u00e9<\/li>\n<li class=\"whitespace-normal break-words\">Haute r\u00e9sistance et r\u00e9sistance \u00e0 l&rsquo;abrasion<\/li>\n<li class=\"whitespace-normal break-words\">Hydrophobe<\/li>\n<li class=\"whitespace-normal break-words\">Utilisation int\u00e9rieure et ext\u00e9rieure<\/li>\n<li class=\"whitespace-normal break-words\">Application rapide et facile<\/li>\n<li class=\"whitespace-normal break-words\">Consommation 0,8-1 kg\/m\u00b2<\/li>\n<\/ul>\n","protected":false},"excerpt":{"rendered":"<p><em><strong>Nanostucco 500 microciment est un rev\u00eatement d\u00e9coratif premium \u00e0 base de ciment, qui est utilis\u00e9 sur les sols, les murs et les meubles.<\/strong><\/em><\/p>\n","protected":false},"featured_media":10154,"template":"","meta":{"_acf_changed":false},"product_brand":[],"product_cat":[394,395],"product_tag":[382,386],"class_list":{"0":"post-10131","1":"product","2":"type-product","3":"status-publish","4":"has-post-thumbnail","6":"product_cat-applications-architecturales","7":"product_cat-enduits-decoratifs-cimentaires","8":"product_tag-nanofin-metal-system-fr","9":"product_tag-systeme-nanostucco-500","11":"first","12":"instock","13":"shipping-taxable","14":"product-type-simple"},"acf":[],"yoast_head":"<!-- This site is optimized with the Yoast SEO plugin v27.3 - https:\/\/yoast.com\/product\/yoast-seo-wordpress\/ -->\n<title>NANOSTUCCO 500 - Cement Plus<\/title>\n<meta name=\"description\" content=\"Nanostucco 500 microciment est un rev\u00eatement d\u00e9coratif premium \u00e0 base de ciment, qui est utilis\u00e9 sur les sols, les murs et les meubles.\" \/>\n<meta name=\"robots\" content=\"index, follow, max-snippet:-1, max-image-preview:large, max-video-preview:-1\" \/>\n<link rel=\"canonical\" href=\"https:\/\/cementplus.gr\/fr\/produit\/nanostucco-500\/\" \/>\n<meta property=\"og:locale\" content=\"fr_FR\" \/>\n<meta property=\"og:type\" content=\"article\" \/>\n<meta property=\"og:title\" content=\"NANOSTUCCO 500 - Cement Plus\" \/>\n<meta property=\"og:description\" content=\"Nanostucco 500 microciment est un rev\u00eatement d\u00e9coratif premium \u00e0 base de ciment, qui est utilis\u00e9 sur les sols, les murs et les meubles.\" \/>\n<meta property=\"og:url\" content=\"https:\/\/cementplus.gr\/fr\/produit\/nanostucco-500\/\" \/>\n<meta property=\"og:site_name\" content=\"Cement Plus\" \/>\n<meta property=\"article:modified_time\" content=\"2025-03-06T10:32:02+00:00\" \/>\n<meta property=\"og:image\" content=\"https:\/\/cementplus.gr\/wp-content\/uploads\/2021\/02\/1-6.jpg\" \/>\n\t<meta property=\"og:image:width\" content=\"689\" \/>\n\t<meta property=\"og:image:height\" content=\"491\" \/>\n\t<meta property=\"og:image:type\" content=\"image\/jpeg\" \/>\n<meta name=\"twitter:card\" content=\"summary_large_image\" \/>\n<meta name=\"twitter:label1\" content=\"Dur\u00e9e de lecture estim\u00e9e\" \/>\n\t<meta name=\"twitter:data1\" content=\"1 minute\" \/>\n<script type=\"application\/ld+json\" class=\"yoast-schema-graph\">{\"@context\":\"https:\\\/\\\/schema.org\",\"@graph\":[{\"@type\":\"WebPage\",\"@id\":\"https:\\\/\\\/cementplus.gr\\\/fr\\\/produit\\\/nanostucco-500\\\/\",\"url\":\"https:\\\/\\\/cementplus.gr\\\/fr\\\/produit\\\/nanostucco-500\\\/\",\"name\":\"NANOSTUCCO 500 - Cement Plus\",\"isPartOf\":{\"@id\":\"https:\\\/\\\/cementplus.gr\\\/#website\"},\"primaryImageOfPage\":{\"@id\":\"https:\\\/\\\/cementplus.gr\\\/fr\\\/produit\\\/nanostucco-500\\\/#primaryimage\"},\"image\":{\"@id\":\"https:\\\/\\\/cementplus.gr\\\/fr\\\/produit\\\/nanostucco-500\\\/#primaryimage\"},\"thumbnailUrl\":\"https:\\\/\\\/cementplus.gr\\\/wp-content\\\/uploads\\\/2021\\\/02\\\/1-6.jpg\",\"datePublished\":\"2021-02-12T00:11:34+00:00\",\"dateModified\":\"2025-03-06T10:32:02+00:00\",\"description\":\"Nanostucco 500 microciment est un rev\u00eatement d\u00e9coratif premium \u00e0 base de ciment, qui est utilis\u00e9 sur les sols, les murs et les meubles.\",\"breadcrumb\":{\"@id\":\"https:\\\/\\\/cementplus.gr\\\/fr\\\/produit\\\/nanostucco-500\\\/#breadcrumb\"},\"inLanguage\":\"fr-FR\",\"potentialAction\":[{\"@type\":\"ReadAction\",\"target\":[\"https:\\\/\\\/cementplus.gr\\\/fr\\\/produit\\\/nanostucco-500\\\/\"]}]},{\"@type\":\"ImageObject\",\"inLanguage\":\"fr-FR\",\"@id\":\"https:\\\/\\\/cementplus.gr\\\/fr\\\/produit\\\/nanostucco-500\\\/#primaryimage\",\"url\":\"https:\\\/\\\/cementplus.gr\\\/wp-content\\\/uploads\\\/2021\\\/02\\\/1-6.jpg\",\"contentUrl\":\"https:\\\/\\\/cementplus.gr\\\/wp-content\\\/uploads\\\/2021\\\/02\\\/1-6.jpg\",\"width\":689,\"height\":491},{\"@type\":\"BreadcrumbList\",\"@id\":\"https:\\\/\\\/cementplus.gr\\\/fr\\\/produit\\\/nanostucco-500\\\/#breadcrumb\",\"itemListElement\":[{\"@type\":\"ListItem\",\"position\":1,\"name\":\"Accueil\",\"item\":\"https:\\\/\\\/cementplus.gr\\\/fr\\\/\"},{\"@type\":\"ListItem\",\"position\":2,\"name\":\"\u039a\u03b1\u03c4\u03ac\u03c3\u03c4\u03b7\u03bc\u03b1\",\"item\":\"https:\\\/\\\/cementplus.gr\\\/shop\\\/\"},{\"@type\":\"ListItem\",\"position\":3,\"name\":\"NANOSTUCCO 500\"}]},{\"@type\":\"WebSite\",\"@id\":\"https:\\\/\\\/cementplus.gr\\\/#website\",\"url\":\"https:\\\/\\\/cementplus.gr\\\/\",\"name\":\"Cement Plus\",\"description\":\"\",\"potentialAction\":[{\"@type\":\"SearchAction\",\"target\":{\"@type\":\"EntryPoint\",\"urlTemplate\":\"https:\\\/\\\/cementplus.gr\\\/?s={search_term_string}\"},\"query-input\":{\"@type\":\"PropertyValueSpecification\",\"valueRequired\":true,\"valueName\":\"search_term_string\"}}],\"inLanguage\":\"fr-FR\"}]}<\/script>\n<!-- \/ Yoast SEO plugin. -->","yoast_head_json":{"title":"NANOSTUCCO 500 - Cement Plus","description":"Nanostucco 500 microciment est un rev\u00eatement d\u00e9coratif premium \u00e0 base de ciment, qui est utilis\u00e9 sur les sols, les murs et les meubles.","robots":{"index":"index","follow":"follow","max-snippet":"max-snippet:-1","max-image-preview":"max-image-preview:large","max-video-preview":"max-video-preview:-1"},"canonical":"https:\/\/cementplus.gr\/fr\/produit\/nanostucco-500\/","og_locale":"fr_FR","og_type":"article","og_title":"NANOSTUCCO 500 - Cement Plus","og_description":"Nanostucco 500 microciment est un rev\u00eatement d\u00e9coratif premium \u00e0 base de ciment, qui est utilis\u00e9 sur les sols, les murs et les meubles.","og_url":"https:\/\/cementplus.gr\/fr\/produit\/nanostucco-500\/","og_site_name":"Cement Plus","article_modified_time":"2025-03-06T10:32:02+00:00","og_image":[{"width":689,"height":491,"url":"https:\/\/cementplus.gr\/wp-content\/uploads\/2021\/02\/1-6.jpg","type":"image\/jpeg"}],"twitter_card":"summary_large_image","twitter_misc":{"Dur\u00e9e de lecture estim\u00e9e":"1 minute"},"schema":{"@context":"https:\/\/schema.org","@graph":[{"@type":"WebPage","@id":"https:\/\/cementplus.gr\/fr\/produit\/nanostucco-500\/","url":"https:\/\/cementplus.gr\/fr\/produit\/nanostucco-500\/","name":"NANOSTUCCO 500 - Cement Plus","isPartOf":{"@id":"https:\/\/cementplus.gr\/#website"},"primaryImageOfPage":{"@id":"https:\/\/cementplus.gr\/fr\/produit\/nanostucco-500\/#primaryimage"},"image":{"@id":"https:\/\/cementplus.gr\/fr\/produit\/nanostucco-500\/#primaryimage"},"thumbnailUrl":"https:\/\/cementplus.gr\/wp-content\/uploads\/2021\/02\/1-6.jpg","datePublished":"2021-02-12T00:11:34+00:00","dateModified":"2025-03-06T10:32:02+00:00","description":"Nanostucco 500 microciment est un rev\u00eatement d\u00e9coratif premium \u00e0 base de ciment, qui est utilis\u00e9 sur les sols, les murs et les meubles.","breadcrumb":{"@id":"https:\/\/cementplus.gr\/fr\/produit\/nanostucco-500\/#breadcrumb"},"inLanguage":"fr-FR","potentialAction":[{"@type":"ReadAction","target":["https:\/\/cementplus.gr\/fr\/produit\/nanostucco-500\/"]}]},{"@type":"ImageObject","inLanguage":"fr-FR","@id":"https:\/\/cementplus.gr\/fr\/produit\/nanostucco-500\/#primaryimage","url":"https:\/\/cementplus.gr\/wp-content\/uploads\/2021\/02\/1-6.jpg","contentUrl":"https:\/\/cementplus.gr\/wp-content\/uploads\/2021\/02\/1-6.jpg","width":689,"height":491},{"@type":"BreadcrumbList","@id":"https:\/\/cementplus.gr\/fr\/produit\/nanostucco-500\/#breadcrumb","itemListElement":[{"@type":"ListItem","position":1,"name":"Accueil","item":"https:\/\/cementplus.gr\/fr\/"},{"@type":"ListItem","position":2,"name":"\u039a\u03b1\u03c4\u03ac\u03c3\u03c4\u03b7\u03bc\u03b1","item":"https:\/\/cementplus.gr\/shop\/"},{"@type":"ListItem","position":3,"name":"NANOSTUCCO 500"}]},{"@type":"WebSite","@id":"https:\/\/cementplus.gr\/#website","url":"https:\/\/cementplus.gr\/","name":"Cement Plus","description":"","potentialAction":[{"@type":"SearchAction","target":{"@type":"EntryPoint","urlTemplate":"https:\/\/cementplus.gr\/?s={search_term_string}"},"query-input":{"@type":"PropertyValueSpecification","valueRequired":true,"valueName":"search_term_string"}}],"inLanguage":"fr-FR"}]}},"_links":{"self":[{"href":"https:\/\/cementplus.gr\/fr\/wp-json\/wp\/v2\/product\/10131","targetHints":{"allow":["GET"]}}],"collection":[{"href":"https:\/\/cementplus.gr\/fr\/wp-json\/wp\/v2\/product"}],"about":[{"href":"https:\/\/cementplus.gr\/fr\/wp-json\/wp\/v2\/types\/product"}],"wp:featuredmedia":[{"embeddable":true,"href":"https:\/\/cementplus.gr\/fr\/wp-json\/wp\/v2\/media\/10154"}],"wp:attachment":[{"href":"https:\/\/cementplus.gr\/fr\/wp-json\/wp\/v2\/media?parent=10131"}],"wp:term":[{"taxonomy":"product_brand","embeddable":true,"href":"https:\/\/cementplus.gr\/fr\/wp-json\/wp\/v2\/product_brand?post=10131"},{"taxonomy":"product_cat","embeddable":true,"href":"https:\/\/cementplus.gr\/fr\/wp-json\/wp\/v2\/product_cat?post=10131"},{"taxonomy":"product_tag","embeddable":true,"href":"https:\/\/cementplus.gr\/fr\/wp-json\/wp\/v2\/product_tag?post=10131"}],"curies":[{"name":"wp","href":"https:\/\/api.w.org\/{rel}","templated":true}]}}