{"id":10123,"date":"2021-02-27T00:52:46","date_gmt":"2021-02-26T22:52:46","guid":{"rendered":"https:\/\/cementplus.gr\/product\/pavitect-resin-pu-2k-uv\/"},"modified":"2025-03-06T12:25:32","modified_gmt":"2025-03-06T10:25:32","slug":"pavitect-resin-pu-2k-uv","status":"publish","type":"product","link":"https:\/\/cementplus.gr\/fr\/produit\/pavitect-resin-pu-2k-uv\/","title":{"rendered":"PAVITECT RESIN PU 2K UV"},"content":{"rendered":"","protected":false},"excerpt":{"rendered":"<p>R\u00e9sine polyur\u00e9thane aliphatique \u00e0 deux composants.<\/p>\n<p>Convient comme liant pour agr\u00e9gats.<\/p>\n<p>Non jaunissant, haute r\u00e9sistance \u00e0 l&rsquo;abrasion et aux intemp\u00e9ries.<\/p>\n","protected":false},"featured_media":10125,"template":"","meta":{"_acf_changed":false},"product_brand":[],"product_cat":[394,396],"product_tag":[],"class_list":{"0":"post-10123","1":"product","2":"type-product","3":"status-publish","4":"has-post-thumbnail","6":"product_cat-applications-architecturales","7":"product_cat-enduits-quartzeux","9":"first","10":"instock","11":"shipping-taxable","12":"product-type-simple"},"acf":[],"yoast_head":"<!-- This site is optimized with the Yoast SEO plugin v27.3 - https:\/\/yoast.com\/product\/yoast-seo-wordpress\/ -->\n<title>PAVITECT RESIN PU 2K UV - Cement Plus<\/title>\n<meta name=\"description\" content=\"R\u00e9sine polyur\u00e9thane aliphatique \u00e0 deux composants.Convient comme liant pour agr\u00e9gats.Non jaunissant, haute r\u00e9sistance \u00e0 l&#039;abrasion et aux intemp\u00e9ries.\" \/>\n<meta name=\"robots\" content=\"index, follow, max-snippet:-1, max-image-preview:large, max-video-preview:-1\" \/>\n<link rel=\"canonical\" href=\"https:\/\/cementplus.gr\/produit\/pavitect-resin-pu-2k-uv\/\" \/>\n<meta property=\"og:locale\" content=\"fr_FR\" \/>\n<meta property=\"og:type\" content=\"article\" \/>\n<meta property=\"og:title\" content=\"PAVITECT RESIN PU 2K UV - Cement Plus\" \/>\n<meta property=\"og:description\" content=\"R\u00e9sine polyur\u00e9thane aliphatique \u00e0 deux composants.Convient comme liant pour agr\u00e9gats.Non jaunissant, haute r\u00e9sistance \u00e0 l&#039;abrasion et aux intemp\u00e9ries.\" \/>\n<meta property=\"og:url\" content=\"https:\/\/cementplus.gr\/produit\/pavitect-resin-pu-2k-uv\/\" \/>\n<meta property=\"og:site_name\" content=\"Cement Plus\" \/>\n<meta property=\"article:modified_time\" content=\"2025-03-06T10:25:32+00:00\" \/>\n<meta property=\"og:image\" content=\"https:\/\/cementplus.gr\/wp-content\/uploads\/2021\/02\/pavitect-resin-pu-2k-1.jpg\" \/>\n\t<meta property=\"og:image:width\" content=\"689\" \/>\n\t<meta property=\"og:image:height\" content=\"493\" \/>\n\t<meta property=\"og:image:type\" content=\"image\/jpeg\" \/>\n<meta name=\"twitter:card\" content=\"summary_large_image\" \/>\n<meta name=\"twitter:label1\" content=\"Dur\u00e9e de lecture estim\u00e9e\" \/>\n\t<meta name=\"twitter:data1\" content=\"1 minute\" \/>\n<script type=\"application\/ld+json\" class=\"yoast-schema-graph\">{\"@context\":\"https:\\\/\\\/schema.org\",\"@graph\":[{\"@type\":\"WebPage\",\"@id\":\"https:\\\/\\\/cementplus.gr\\\/produit\\\/pavitect-resin-pu-2k-uv\\\/\",\"url\":\"https:\\\/\\\/cementplus.gr\\\/produit\\\/pavitect-resin-pu-2k-uv\\\/\",\"name\":\"PAVITECT RESIN PU 2K UV - Cement Plus\",\"isPartOf\":{\"@id\":\"https:\\\/\\\/cementplus.gr\\\/#website\"},\"primaryImageOfPage\":{\"@id\":\"https:\\\/\\\/cementplus.gr\\\/produit\\\/pavitect-resin-pu-2k-uv\\\/#primaryimage\"},\"image\":{\"@id\":\"https:\\\/\\\/cementplus.gr\\\/produit\\\/pavitect-resin-pu-2k-uv\\\/#primaryimage\"},\"thumbnailUrl\":\"https:\\\/\\\/cementplus.gr\\\/wp-content\\\/uploads\\\/2021\\\/02\\\/pavitect-resin-pu-2k-1.jpg\",\"datePublished\":\"2021-02-26T22:52:46+00:00\",\"dateModified\":\"2025-03-06T10:25:32+00:00\",\"description\":\"R\u00e9sine polyur\u00e9thane aliphatique \u00e0 deux composants.Convient comme liant pour agr\u00e9gats.Non jaunissant, haute r\u00e9sistance \u00e0 l'abrasion et aux intemp\u00e9ries.\",\"breadcrumb\":{\"@id\":\"https:\\\/\\\/cementplus.gr\\\/produit\\\/pavitect-resin-pu-2k-uv\\\/#breadcrumb\"},\"inLanguage\":\"fr-FR\",\"potentialAction\":[{\"@type\":\"ReadAction\",\"target\":[\"https:\\\/\\\/cementplus.gr\\\/produit\\\/pavitect-resin-pu-2k-uv\\\/\"]}]},{\"@type\":\"ImageObject\",\"inLanguage\":\"fr-FR\",\"@id\":\"https:\\\/\\\/cementplus.gr\\\/produit\\\/pavitect-resin-pu-2k-uv\\\/#primaryimage\",\"url\":\"https:\\\/\\\/cementplus.gr\\\/wp-content\\\/uploads\\\/2021\\\/02\\\/pavitect-resin-pu-2k-1.jpg\",\"contentUrl\":\"https:\\\/\\\/cementplus.gr\\\/wp-content\\\/uploads\\\/2021\\\/02\\\/pavitect-resin-pu-2k-1.jpg\",\"width\":689,\"height\":493},{\"@type\":\"BreadcrumbList\",\"@id\":\"https:\\\/\\\/cementplus.gr\\\/produit\\\/pavitect-resin-pu-2k-uv\\\/#breadcrumb\",\"itemListElement\":[{\"@type\":\"ListItem\",\"position\":1,\"name\":\"Accueil\",\"item\":\"https:\\\/\\\/cementplus.gr\\\/fr\\\/\"},{\"@type\":\"ListItem\",\"position\":2,\"name\":\"\u039a\u03b1\u03c4\u03ac\u03c3\u03c4\u03b7\u03bc\u03b1\",\"item\":\"https:\\\/\\\/cementplus.gr\\\/shop\\\/\"},{\"@type\":\"ListItem\",\"position\":3,\"name\":\"PAVITECT RESIN PU 2K UV\"}]},{\"@type\":\"WebSite\",\"@id\":\"https:\\\/\\\/cementplus.gr\\\/#website\",\"url\":\"https:\\\/\\\/cementplus.gr\\\/\",\"name\":\"Cement Plus\",\"description\":\"\",\"potentialAction\":[{\"@type\":\"SearchAction\",\"target\":{\"@type\":\"EntryPoint\",\"urlTemplate\":\"https:\\\/\\\/cementplus.gr\\\/?s={search_term_string}\"},\"query-input\":{\"@type\":\"PropertyValueSpecification\",\"valueRequired\":true,\"valueName\":\"search_term_string\"}}],\"inLanguage\":\"fr-FR\"}]}<\/script>\n<!-- \/ Yoast SEO plugin. -->","yoast_head_json":{"title":"PAVITECT RESIN PU 2K UV - Cement Plus","description":"R\u00e9sine polyur\u00e9thane aliphatique \u00e0 deux composants.Convient comme liant pour agr\u00e9gats.Non jaunissant, haute r\u00e9sistance \u00e0 l'abrasion et aux intemp\u00e9ries.","robots":{"index":"index","follow":"follow","max-snippet":"max-snippet:-1","max-image-preview":"max-image-preview:large","max-video-preview":"max-video-preview:-1"},"canonical":"https:\/\/cementplus.gr\/produit\/pavitect-resin-pu-2k-uv\/","og_locale":"fr_FR","og_type":"article","og_title":"PAVITECT RESIN PU 2K UV - Cement Plus","og_description":"R\u00e9sine polyur\u00e9thane aliphatique \u00e0 deux composants.Convient comme liant pour agr\u00e9gats.Non jaunissant, haute r\u00e9sistance \u00e0 l'abrasion et aux intemp\u00e9ries.","og_url":"https:\/\/cementplus.gr\/produit\/pavitect-resin-pu-2k-uv\/","og_site_name":"Cement Plus","article_modified_time":"2025-03-06T10:25:32+00:00","og_image":[{"width":689,"height":493,"url":"https:\/\/cementplus.gr\/wp-content\/uploads\/2021\/02\/pavitect-resin-pu-2k-1.jpg","type":"image\/jpeg"}],"twitter_card":"summary_large_image","twitter_misc":{"Dur\u00e9e de lecture estim\u00e9e":"1 minute"},"schema":{"@context":"https:\/\/schema.org","@graph":[{"@type":"WebPage","@id":"https:\/\/cementplus.gr\/produit\/pavitect-resin-pu-2k-uv\/","url":"https:\/\/cementplus.gr\/produit\/pavitect-resin-pu-2k-uv\/","name":"PAVITECT RESIN PU 2K UV - Cement Plus","isPartOf":{"@id":"https:\/\/cementplus.gr\/#website"},"primaryImageOfPage":{"@id":"https:\/\/cementplus.gr\/produit\/pavitect-resin-pu-2k-uv\/#primaryimage"},"image":{"@id":"https:\/\/cementplus.gr\/produit\/pavitect-resin-pu-2k-uv\/#primaryimage"},"thumbnailUrl":"https:\/\/cementplus.gr\/wp-content\/uploads\/2021\/02\/pavitect-resin-pu-2k-1.jpg","datePublished":"2021-02-26T22:52:46+00:00","dateModified":"2025-03-06T10:25:32+00:00","description":"R\u00e9sine polyur\u00e9thane aliphatique \u00e0 deux composants.Convient comme liant pour agr\u00e9gats.Non jaunissant, haute r\u00e9sistance \u00e0 l'abrasion et aux intemp\u00e9ries.","breadcrumb":{"@id":"https:\/\/cementplus.gr\/produit\/pavitect-resin-pu-2k-uv\/#breadcrumb"},"inLanguage":"fr-FR","potentialAction":[{"@type":"ReadAction","target":["https:\/\/cementplus.gr\/produit\/pavitect-resin-pu-2k-uv\/"]}]},{"@type":"ImageObject","inLanguage":"fr-FR","@id":"https:\/\/cementplus.gr\/produit\/pavitect-resin-pu-2k-uv\/#primaryimage","url":"https:\/\/cementplus.gr\/wp-content\/uploads\/2021\/02\/pavitect-resin-pu-2k-1.jpg","contentUrl":"https:\/\/cementplus.gr\/wp-content\/uploads\/2021\/02\/pavitect-resin-pu-2k-1.jpg","width":689,"height":493},{"@type":"BreadcrumbList","@id":"https:\/\/cementplus.gr\/produit\/pavitect-resin-pu-2k-uv\/#breadcrumb","itemListElement":[{"@type":"ListItem","position":1,"name":"Accueil","item":"https:\/\/cementplus.gr\/fr\/"},{"@type":"ListItem","position":2,"name":"\u039a\u03b1\u03c4\u03ac\u03c3\u03c4\u03b7\u03bc\u03b1","item":"https:\/\/cementplus.gr\/shop\/"},{"@type":"ListItem","position":3,"name":"PAVITECT RESIN PU 2K UV"}]},{"@type":"WebSite","@id":"https:\/\/cementplus.gr\/#website","url":"https:\/\/cementplus.gr\/","name":"Cement Plus","description":"","potentialAction":[{"@type":"SearchAction","target":{"@type":"EntryPoint","urlTemplate":"https:\/\/cementplus.gr\/?s={search_term_string}"},"query-input":{"@type":"PropertyValueSpecification","valueRequired":true,"valueName":"search_term_string"}}],"inLanguage":"fr-FR"}]}},"_links":{"self":[{"href":"https:\/\/cementplus.gr\/fr\/wp-json\/wp\/v2\/product\/10123","targetHints":{"allow":["GET"]}}],"collection":[{"href":"https:\/\/cementplus.gr\/fr\/wp-json\/wp\/v2\/product"}],"about":[{"href":"https:\/\/cementplus.gr\/fr\/wp-json\/wp\/v2\/types\/product"}],"wp:featuredmedia":[{"embeddable":true,"href":"https:\/\/cementplus.gr\/fr\/wp-json\/wp\/v2\/media\/10125"}],"wp:attachment":[{"href":"https:\/\/cementplus.gr\/fr\/wp-json\/wp\/v2\/media?parent=10123"}],"wp:term":[{"taxonomy":"product_brand","embeddable":true,"href":"https:\/\/cementplus.gr\/fr\/wp-json\/wp\/v2\/product_brand?post=10123"},{"taxonomy":"product_cat","embeddable":true,"href":"https:\/\/cementplus.gr\/fr\/wp-json\/wp\/v2\/product_cat?post=10123"},{"taxonomy":"product_tag","embeddable":true,"href":"https:\/\/cementplus.gr\/fr\/wp-json\/wp\/v2\/product_tag?post=10123"}],"curies":[{"name":"wp","href":"https:\/\/api.w.org\/{rel}","templated":true}]}}