{"id":10092,"date":"2021-02-11T04:42:38","date_gmt":"2021-02-11T02:42:38","guid":{"rendered":"https:\/\/cementplus.gr\/product\/tx-raso\/"},"modified":"2025-03-06T12:18:36","modified_gmt":"2025-03-06T10:18:36","slug":"tx-raso","status":"publish","type":"product","link":"https:\/\/cementplus.gr\/fr\/produit\/tx-raso\/","title":{"rendered":"TX RASO"},"content":{"rendered":"","protected":false},"excerpt":{"rendered":"<p><em><strong>TX RASO est un mortier architectural haute r\u00e9sistance con\u00e7u pour une application sur des surfaces verticales et des plafonds. Il offre l&rsquo;apparence d&rsquo;un b\u00e9ton \u00ab\u00a0moul\u00e9 en bois\u00a0\u00bb.<\/strong><\/em><\/p>\n<p>Il s&rsquo;applique \u00e0 la truelle avec une \u00e9paisseur de 5 mm. <strong>TX Raso<\/strong> est disponible en 2 couleurs pr\u00e9-m\u00e9lang\u00e9es.<\/p>\n<p><strong>Caract\u00e9ristiques<\/strong><\/p>\n<ul>\n<li class=\"whitespace-normal break-words\">Haute esth\u00e9tique<\/li>\n<li class=\"whitespace-normal break-words\">Hydrophobe<\/li>\n<li class=\"whitespace-normal break-words\">Application rapide et facile<\/li>\n<li class=\"whitespace-normal break-words\">Consommation 5 kg\/m\u00b2<\/li>\n<\/ul>\n","protected":false},"featured_media":10106,"template":"","meta":{"_acf_changed":false},"product_brand":[],"product_cat":[394,395],"product_tag":[391],"class_list":{"0":"post-10092","1":"product","2":"type-product","3":"status-publish","4":"has-post-thumbnail","6":"product_cat-applications-architecturales","7":"product_cat-enduits-decoratifs-cimentaires","8":"product_tag-tx-raso-system-fr","10":"first","11":"instock","12":"shipping-taxable","13":"product-type-simple"},"acf":[],"yoast_head":"<!-- This site is optimized with the Yoast SEO plugin v27.3 - https:\/\/yoast.com\/product\/yoast-seo-wordpress\/ -->\n<title>TX RASO - Cement Plus<\/title>\n<meta name=\"description\" content=\"TX RASO est un mortier architectural haute r\u00e9sistance con\u00e7u pour une application sur des surfaces verticales et des plafonds. Il offre l&#039;apparence d&#039;un b\u00e9ton &quot;moul\u00e9 en bois&quot;.Il s&#039;applique \u00e0 la truelle avec une \u00e9paisseur de 5 mm. TX Raso est disponible en 2 couleurs pr\u00e9-m\u00e9lang\u00e9es.\" \/>\n<meta name=\"robots\" content=\"index, follow, max-snippet:-1, max-image-preview:large, max-video-preview:-1\" \/>\n<link rel=\"canonical\" href=\"https:\/\/cementplus.gr\/fr\/produit\/tx-raso\/\" \/>\n<meta property=\"og:locale\" content=\"fr_FR\" \/>\n<meta property=\"og:type\" content=\"article\" \/>\n<meta property=\"og:title\" content=\"TX RASO - Cement Plus\" \/>\n<meta property=\"og:description\" content=\"TX RASO est un mortier architectural haute r\u00e9sistance con\u00e7u pour une application sur des surfaces verticales et des plafonds. Il offre l&#039;apparence d&#039;un b\u00e9ton &quot;moul\u00e9 en bois&quot;.Il s&#039;applique \u00e0 la truelle avec une \u00e9paisseur de 5 mm. TX Raso est disponible en 2 couleurs pr\u00e9-m\u00e9lang\u00e9es.\" \/>\n<meta property=\"og:url\" content=\"https:\/\/cementplus.gr\/fr\/produit\/tx-raso\/\" \/>\n<meta property=\"og:site_name\" content=\"Cement Plus\" \/>\n<meta property=\"article:modified_time\" content=\"2025-03-06T10:18:36+00:00\" \/>\n<meta property=\"og:image\" content=\"https:\/\/cementplus.gr\/wp-content\/uploads\/2021\/02\/tx-raso-2.jpg\" \/>\n\t<meta property=\"og:image:width\" content=\"689\" \/>\n\t<meta property=\"og:image:height\" content=\"494\" \/>\n\t<meta property=\"og:image:type\" content=\"image\/jpeg\" \/>\n<meta name=\"twitter:card\" content=\"summary_large_image\" \/>\n<meta name=\"twitter:label1\" content=\"Dur\u00e9e de lecture estim\u00e9e\" \/>\n\t<meta name=\"twitter:data1\" content=\"1 minute\" \/>\n<script type=\"application\/ld+json\" class=\"yoast-schema-graph\">{\"@context\":\"https:\\\/\\\/schema.org\",\"@graph\":[{\"@type\":\"WebPage\",\"@id\":\"https:\\\/\\\/cementplus.gr\\\/fr\\\/produit\\\/tx-raso\\\/\",\"url\":\"https:\\\/\\\/cementplus.gr\\\/fr\\\/produit\\\/tx-raso\\\/\",\"name\":\"TX RASO - Cement Plus\",\"isPartOf\":{\"@id\":\"https:\\\/\\\/cementplus.gr\\\/#website\"},\"primaryImageOfPage\":{\"@id\":\"https:\\\/\\\/cementplus.gr\\\/fr\\\/produit\\\/tx-raso\\\/#primaryimage\"},\"image\":{\"@id\":\"https:\\\/\\\/cementplus.gr\\\/fr\\\/produit\\\/tx-raso\\\/#primaryimage\"},\"thumbnailUrl\":\"https:\\\/\\\/cementplus.gr\\\/wp-content\\\/uploads\\\/2021\\\/02\\\/tx-raso-2.jpg\",\"datePublished\":\"2021-02-11T02:42:38+00:00\",\"dateModified\":\"2025-03-06T10:18:36+00:00\",\"description\":\"TX RASO est un mortier architectural haute r\u00e9sistance con\u00e7u pour une application sur des surfaces verticales et des plafonds. Il offre l'apparence d'un b\u00e9ton \\\"moul\u00e9 en bois\\\".Il s'applique \u00e0 la truelle avec une \u00e9paisseur de 5 mm. TX Raso est disponible en 2 couleurs pr\u00e9-m\u00e9lang\u00e9es.\",\"breadcrumb\":{\"@id\":\"https:\\\/\\\/cementplus.gr\\\/fr\\\/produit\\\/tx-raso\\\/#breadcrumb\"},\"inLanguage\":\"fr-FR\",\"potentialAction\":[{\"@type\":\"ReadAction\",\"target\":[\"https:\\\/\\\/cementplus.gr\\\/fr\\\/produit\\\/tx-raso\\\/\"]}]},{\"@type\":\"ImageObject\",\"inLanguage\":\"fr-FR\",\"@id\":\"https:\\\/\\\/cementplus.gr\\\/fr\\\/produit\\\/tx-raso\\\/#primaryimage\",\"url\":\"https:\\\/\\\/cementplus.gr\\\/wp-content\\\/uploads\\\/2021\\\/02\\\/tx-raso-2.jpg\",\"contentUrl\":\"https:\\\/\\\/cementplus.gr\\\/wp-content\\\/uploads\\\/2021\\\/02\\\/tx-raso-2.jpg\",\"width\":689,\"height\":494},{\"@type\":\"BreadcrumbList\",\"@id\":\"https:\\\/\\\/cementplus.gr\\\/fr\\\/produit\\\/tx-raso\\\/#breadcrumb\",\"itemListElement\":[{\"@type\":\"ListItem\",\"position\":1,\"name\":\"Accueil\",\"item\":\"https:\\\/\\\/cementplus.gr\\\/fr\\\/\"},{\"@type\":\"ListItem\",\"position\":2,\"name\":\"\u039a\u03b1\u03c4\u03ac\u03c3\u03c4\u03b7\u03bc\u03b1\",\"item\":\"https:\\\/\\\/cementplus.gr\\\/shop\\\/\"},{\"@type\":\"ListItem\",\"position\":3,\"name\":\"TX RASO\"}]},{\"@type\":\"WebSite\",\"@id\":\"https:\\\/\\\/cementplus.gr\\\/#website\",\"url\":\"https:\\\/\\\/cementplus.gr\\\/\",\"name\":\"Cement Plus\",\"description\":\"\",\"potentialAction\":[{\"@type\":\"SearchAction\",\"target\":{\"@type\":\"EntryPoint\",\"urlTemplate\":\"https:\\\/\\\/cementplus.gr\\\/?s={search_term_string}\"},\"query-input\":{\"@type\":\"PropertyValueSpecification\",\"valueRequired\":true,\"valueName\":\"search_term_string\"}}],\"inLanguage\":\"fr-FR\"}]}<\/script>\n<!-- \/ Yoast SEO plugin. -->","yoast_head_json":{"title":"TX RASO - Cement Plus","description":"TX RASO est un mortier architectural haute r\u00e9sistance con\u00e7u pour une application sur des surfaces verticales et des plafonds. Il offre l'apparence d'un b\u00e9ton \"moul\u00e9 en bois\".Il s'applique \u00e0 la truelle avec une \u00e9paisseur de 5 mm. TX Raso est disponible en 2 couleurs pr\u00e9-m\u00e9lang\u00e9es.","robots":{"index":"index","follow":"follow","max-snippet":"max-snippet:-1","max-image-preview":"max-image-preview:large","max-video-preview":"max-video-preview:-1"},"canonical":"https:\/\/cementplus.gr\/fr\/produit\/tx-raso\/","og_locale":"fr_FR","og_type":"article","og_title":"TX RASO - Cement Plus","og_description":"TX RASO est un mortier architectural haute r\u00e9sistance con\u00e7u pour une application sur des surfaces verticales et des plafonds. Il offre l'apparence d'un b\u00e9ton \"moul\u00e9 en bois\".Il s'applique \u00e0 la truelle avec une \u00e9paisseur de 5 mm. TX Raso est disponible en 2 couleurs pr\u00e9-m\u00e9lang\u00e9es.","og_url":"https:\/\/cementplus.gr\/fr\/produit\/tx-raso\/","og_site_name":"Cement Plus","article_modified_time":"2025-03-06T10:18:36+00:00","og_image":[{"width":689,"height":494,"url":"https:\/\/cementplus.gr\/wp-content\/uploads\/2021\/02\/tx-raso-2.jpg","type":"image\/jpeg"}],"twitter_card":"summary_large_image","twitter_misc":{"Dur\u00e9e de lecture estim\u00e9e":"1 minute"},"schema":{"@context":"https:\/\/schema.org","@graph":[{"@type":"WebPage","@id":"https:\/\/cementplus.gr\/fr\/produit\/tx-raso\/","url":"https:\/\/cementplus.gr\/fr\/produit\/tx-raso\/","name":"TX RASO - Cement Plus","isPartOf":{"@id":"https:\/\/cementplus.gr\/#website"},"primaryImageOfPage":{"@id":"https:\/\/cementplus.gr\/fr\/produit\/tx-raso\/#primaryimage"},"image":{"@id":"https:\/\/cementplus.gr\/fr\/produit\/tx-raso\/#primaryimage"},"thumbnailUrl":"https:\/\/cementplus.gr\/wp-content\/uploads\/2021\/02\/tx-raso-2.jpg","datePublished":"2021-02-11T02:42:38+00:00","dateModified":"2025-03-06T10:18:36+00:00","description":"TX RASO est un mortier architectural haute r\u00e9sistance con\u00e7u pour une application sur des surfaces verticales et des plafonds. Il offre l'apparence d'un b\u00e9ton \"moul\u00e9 en bois\".Il s'applique \u00e0 la truelle avec une \u00e9paisseur de 5 mm. TX Raso est disponible en 2 couleurs pr\u00e9-m\u00e9lang\u00e9es.","breadcrumb":{"@id":"https:\/\/cementplus.gr\/fr\/produit\/tx-raso\/#breadcrumb"},"inLanguage":"fr-FR","potentialAction":[{"@type":"ReadAction","target":["https:\/\/cementplus.gr\/fr\/produit\/tx-raso\/"]}]},{"@type":"ImageObject","inLanguage":"fr-FR","@id":"https:\/\/cementplus.gr\/fr\/produit\/tx-raso\/#primaryimage","url":"https:\/\/cementplus.gr\/wp-content\/uploads\/2021\/02\/tx-raso-2.jpg","contentUrl":"https:\/\/cementplus.gr\/wp-content\/uploads\/2021\/02\/tx-raso-2.jpg","width":689,"height":494},{"@type":"BreadcrumbList","@id":"https:\/\/cementplus.gr\/fr\/produit\/tx-raso\/#breadcrumb","itemListElement":[{"@type":"ListItem","position":1,"name":"Accueil","item":"https:\/\/cementplus.gr\/fr\/"},{"@type":"ListItem","position":2,"name":"\u039a\u03b1\u03c4\u03ac\u03c3\u03c4\u03b7\u03bc\u03b1","item":"https:\/\/cementplus.gr\/shop\/"},{"@type":"ListItem","position":3,"name":"TX RASO"}]},{"@type":"WebSite","@id":"https:\/\/cementplus.gr\/#website","url":"https:\/\/cementplus.gr\/","name":"Cement Plus","description":"","potentialAction":[{"@type":"SearchAction","target":{"@type":"EntryPoint","urlTemplate":"https:\/\/cementplus.gr\/?s={search_term_string}"},"query-input":{"@type":"PropertyValueSpecification","valueRequired":true,"valueName":"search_term_string"}}],"inLanguage":"fr-FR"}]}},"_links":{"self":[{"href":"https:\/\/cementplus.gr\/fr\/wp-json\/wp\/v2\/product\/10092","targetHints":{"allow":["GET"]}}],"collection":[{"href":"https:\/\/cementplus.gr\/fr\/wp-json\/wp\/v2\/product"}],"about":[{"href":"https:\/\/cementplus.gr\/fr\/wp-json\/wp\/v2\/types\/product"}],"wp:featuredmedia":[{"embeddable":true,"href":"https:\/\/cementplus.gr\/fr\/wp-json\/wp\/v2\/media\/10106"}],"wp:attachment":[{"href":"https:\/\/cementplus.gr\/fr\/wp-json\/wp\/v2\/media?parent=10092"}],"wp:term":[{"taxonomy":"product_brand","embeddable":true,"href":"https:\/\/cementplus.gr\/fr\/wp-json\/wp\/v2\/product_brand?post=10092"},{"taxonomy":"product_cat","embeddable":true,"href":"https:\/\/cementplus.gr\/fr\/wp-json\/wp\/v2\/product_cat?post=10092"},{"taxonomy":"product_tag","embeddable":true,"href":"https:\/\/cementplus.gr\/fr\/wp-json\/wp\/v2\/product_tag?post=10092"}],"curies":[{"name":"wp","href":"https:\/\/api.w.org\/{rel}","templated":true}]}}