{"id":10080,"date":"2021-02-11T02:42:57","date_gmt":"2021-02-11T00:42:57","guid":{"rendered":"https:\/\/cementplus.gr\/product\/rasocol-600\/"},"modified":"2025-08-21T00:21:52","modified_gmt":"2025-08-20T21:21:52","slug":"d-base-60","status":"publish","type":"product","link":"https:\/\/cementplus.gr\/fr\/produit\/d-base-60\/","title":{"rendered":"D-base 60"},"content":{"rendered":"","protected":false},"excerpt":{"rendered":"<p><strong>Enduit de lissage \u00e0 base de ciment, \u00e0 prise rapide.<\/strong><\/p>\n<p>Enduit de lissage pour faibles \u00e9paisseurs (1\u20133mm), class\u00e9 <strong>GP CSIV W2<\/strong> et <strong>PCC R2<\/strong>, \u00e0 prise rapide et haute performance, adapt\u00e9 aux surfaces horizontales et verticales.<\/p>\n<p>Id\u00e9al pour la pr\u00e9paration des surfaces avant l&rsquo;application d&rsquo;enduits architecturaux \u00e0 base de ciment (Nanostucco 500, Nanofin 50 velvet, Element 20, etc.).<\/p>\n<p>Pr\u00e9sente des <strong>caract\u00e9ristiques hydrophobes, une adh\u00e9rence exceptionnelle, une grande duret\u00e9 de surface et une r\u00e9sistance \u00e0 l&rsquo;abrasion.<\/strong><\/p>\n","protected":false},"featured_media":11090,"template":"","meta":{"_acf_changed":false},"product_brand":[],"product_cat":[362,393],"product_tag":[382,385,387,386],"class_list":{"0":"post-10080","1":"product","2":"type-product","3":"status-publish","4":"has-post-thumbnail","6":"product_cat-applications-structurelles","7":"product_cat-mortiers-de-lissage","8":"product_tag-nanofin-metal-system-fr","9":"product_tag-nanofin-velvet-system-fr","10":"product_tag-natura-50-velvet-system-fr","11":"product_tag-systeme-nanostucco-500","13":"first","14":"instock","15":"shipping-taxable","16":"product-type-simple"},"acf":[],"yoast_head":"<!-- This site is optimized with the Yoast SEO plugin v27.3 - https:\/\/yoast.com\/product\/yoast-seo-wordpress\/ -->\n<title>D-base 60 - Cement Plus<\/title>\n<meta name=\"description\" content=\"Enduit de lissage \u00e0 base de ciment, \u00e0 prise rapide.\" \/>\n<meta name=\"robots\" content=\"index, follow, max-snippet:-1, max-image-preview:large, max-video-preview:-1\" \/>\n<link rel=\"canonical\" href=\"https:\/\/cementplus.gr\/produit\/d-base-60\/\" \/>\n<meta property=\"og:locale\" content=\"fr_FR\" \/>\n<meta property=\"og:type\" content=\"article\" \/>\n<meta property=\"og:title\" content=\"D-base 60 - Cement Plus\" \/>\n<meta property=\"og:description\" content=\"Enduit de lissage \u00e0 base de ciment, \u00e0 prise rapide.\" \/>\n<meta property=\"og:url\" content=\"https:\/\/cementplus.gr\/produit\/d-base-60\/\" \/>\n<meta property=\"og:site_name\" content=\"Cement Plus\" \/>\n<meta property=\"article:modified_time\" content=\"2025-08-20T21:21:52+00:00\" \/>\n<meta property=\"og:image\" content=\"https:\/\/cementplus.gr\/wp-content\/uploads\/2021\/02\/D-base-60-product-eng.jpg\" \/>\n\t<meta property=\"og:image:width\" content=\"688\" \/>\n\t<meta property=\"og:image:height\" content=\"493\" \/>\n\t<meta property=\"og:image:type\" content=\"image\/jpeg\" \/>\n<meta name=\"twitter:card\" content=\"summary_large_image\" \/>\n<meta name=\"twitter:label1\" content=\"Dur\u00e9e de lecture estim\u00e9e\" \/>\n\t<meta name=\"twitter:data1\" content=\"1 minute\" \/>\n<script type=\"application\/ld+json\" class=\"yoast-schema-graph\">{\"@context\":\"https:\\\/\\\/schema.org\",\"@graph\":[{\"@type\":\"WebPage\",\"@id\":\"https:\\\/\\\/cementplus.gr\\\/produit\\\/d-base-60\\\/\",\"url\":\"https:\\\/\\\/cementplus.gr\\\/produit\\\/d-base-60\\\/\",\"name\":\"D-base 60 - Cement Plus\",\"isPartOf\":{\"@id\":\"https:\\\/\\\/cementplus.gr\\\/#website\"},\"primaryImageOfPage\":{\"@id\":\"https:\\\/\\\/cementplus.gr\\\/produit\\\/d-base-60\\\/#primaryimage\"},\"image\":{\"@id\":\"https:\\\/\\\/cementplus.gr\\\/produit\\\/d-base-60\\\/#primaryimage\"},\"thumbnailUrl\":\"https:\\\/\\\/cementplus.gr\\\/wp-content\\\/uploads\\\/2021\\\/02\\\/D-base-60-product-eng.jpg\",\"datePublished\":\"2021-02-11T00:42:57+00:00\",\"dateModified\":\"2025-08-20T21:21:52+00:00\",\"description\":\"Enduit de lissage \u00e0 base de ciment, \u00e0 prise rapide.\",\"breadcrumb\":{\"@id\":\"https:\\\/\\\/cementplus.gr\\\/produit\\\/d-base-60\\\/#breadcrumb\"},\"inLanguage\":\"fr-FR\",\"potentialAction\":[{\"@type\":\"ReadAction\",\"target\":[\"https:\\\/\\\/cementplus.gr\\\/produit\\\/d-base-60\\\/\"]}]},{\"@type\":\"ImageObject\",\"inLanguage\":\"fr-FR\",\"@id\":\"https:\\\/\\\/cementplus.gr\\\/produit\\\/d-base-60\\\/#primaryimage\",\"url\":\"https:\\\/\\\/cementplus.gr\\\/wp-content\\\/uploads\\\/2021\\\/02\\\/D-base-60-product-eng.jpg\",\"contentUrl\":\"https:\\\/\\\/cementplus.gr\\\/wp-content\\\/uploads\\\/2021\\\/02\\\/D-base-60-product-eng.jpg\",\"width\":688,\"height\":493},{\"@type\":\"BreadcrumbList\",\"@id\":\"https:\\\/\\\/cementplus.gr\\\/produit\\\/d-base-60\\\/#breadcrumb\",\"itemListElement\":[{\"@type\":\"ListItem\",\"position\":1,\"name\":\"Accueil\",\"item\":\"https:\\\/\\\/cementplus.gr\\\/fr\\\/\"},{\"@type\":\"ListItem\",\"position\":2,\"name\":\"\u039a\u03b1\u03c4\u03ac\u03c3\u03c4\u03b7\u03bc\u03b1\",\"item\":\"https:\\\/\\\/cementplus.gr\\\/shop\\\/\"},{\"@type\":\"ListItem\",\"position\":3,\"name\":\"D-base 60\"}]},{\"@type\":\"WebSite\",\"@id\":\"https:\\\/\\\/cementplus.gr\\\/#website\",\"url\":\"https:\\\/\\\/cementplus.gr\\\/\",\"name\":\"Cement Plus\",\"description\":\"\",\"potentialAction\":[{\"@type\":\"SearchAction\",\"target\":{\"@type\":\"EntryPoint\",\"urlTemplate\":\"https:\\\/\\\/cementplus.gr\\\/?s={search_term_string}\"},\"query-input\":{\"@type\":\"PropertyValueSpecification\",\"valueRequired\":true,\"valueName\":\"search_term_string\"}}],\"inLanguage\":\"fr-FR\"}]}<\/script>\n<!-- \/ Yoast SEO plugin. -->","yoast_head_json":{"title":"D-base 60 - Cement Plus","description":"Enduit de lissage \u00e0 base de ciment, \u00e0 prise rapide.","robots":{"index":"index","follow":"follow","max-snippet":"max-snippet:-1","max-image-preview":"max-image-preview:large","max-video-preview":"max-video-preview:-1"},"canonical":"https:\/\/cementplus.gr\/produit\/d-base-60\/","og_locale":"fr_FR","og_type":"article","og_title":"D-base 60 - Cement Plus","og_description":"Enduit de lissage \u00e0 base de ciment, \u00e0 prise rapide.","og_url":"https:\/\/cementplus.gr\/produit\/d-base-60\/","og_site_name":"Cement Plus","article_modified_time":"2025-08-20T21:21:52+00:00","og_image":[{"width":688,"height":493,"url":"https:\/\/cementplus.gr\/wp-content\/uploads\/2021\/02\/D-base-60-product-eng.jpg","type":"image\/jpeg"}],"twitter_card":"summary_large_image","twitter_misc":{"Dur\u00e9e de lecture estim\u00e9e":"1 minute"},"schema":{"@context":"https:\/\/schema.org","@graph":[{"@type":"WebPage","@id":"https:\/\/cementplus.gr\/produit\/d-base-60\/","url":"https:\/\/cementplus.gr\/produit\/d-base-60\/","name":"D-base 60 - Cement Plus","isPartOf":{"@id":"https:\/\/cementplus.gr\/#website"},"primaryImageOfPage":{"@id":"https:\/\/cementplus.gr\/produit\/d-base-60\/#primaryimage"},"image":{"@id":"https:\/\/cementplus.gr\/produit\/d-base-60\/#primaryimage"},"thumbnailUrl":"https:\/\/cementplus.gr\/wp-content\/uploads\/2021\/02\/D-base-60-product-eng.jpg","datePublished":"2021-02-11T00:42:57+00:00","dateModified":"2025-08-20T21:21:52+00:00","description":"Enduit de lissage \u00e0 base de ciment, \u00e0 prise rapide.","breadcrumb":{"@id":"https:\/\/cementplus.gr\/produit\/d-base-60\/#breadcrumb"},"inLanguage":"fr-FR","potentialAction":[{"@type":"ReadAction","target":["https:\/\/cementplus.gr\/produit\/d-base-60\/"]}]},{"@type":"ImageObject","inLanguage":"fr-FR","@id":"https:\/\/cementplus.gr\/produit\/d-base-60\/#primaryimage","url":"https:\/\/cementplus.gr\/wp-content\/uploads\/2021\/02\/D-base-60-product-eng.jpg","contentUrl":"https:\/\/cementplus.gr\/wp-content\/uploads\/2021\/02\/D-base-60-product-eng.jpg","width":688,"height":493},{"@type":"BreadcrumbList","@id":"https:\/\/cementplus.gr\/produit\/d-base-60\/#breadcrumb","itemListElement":[{"@type":"ListItem","position":1,"name":"Accueil","item":"https:\/\/cementplus.gr\/fr\/"},{"@type":"ListItem","position":2,"name":"\u039a\u03b1\u03c4\u03ac\u03c3\u03c4\u03b7\u03bc\u03b1","item":"https:\/\/cementplus.gr\/shop\/"},{"@type":"ListItem","position":3,"name":"D-base 60"}]},{"@type":"WebSite","@id":"https:\/\/cementplus.gr\/#website","url":"https:\/\/cementplus.gr\/","name":"Cement Plus","description":"","potentialAction":[{"@type":"SearchAction","target":{"@type":"EntryPoint","urlTemplate":"https:\/\/cementplus.gr\/?s={search_term_string}"},"query-input":{"@type":"PropertyValueSpecification","valueRequired":true,"valueName":"search_term_string"}}],"inLanguage":"fr-FR"}]}},"_links":{"self":[{"href":"https:\/\/cementplus.gr\/fr\/wp-json\/wp\/v2\/product\/10080","targetHints":{"allow":["GET"]}}],"collection":[{"href":"https:\/\/cementplus.gr\/fr\/wp-json\/wp\/v2\/product"}],"about":[{"href":"https:\/\/cementplus.gr\/fr\/wp-json\/wp\/v2\/types\/product"}],"wp:featuredmedia":[{"embeddable":true,"href":"https:\/\/cementplus.gr\/fr\/wp-json\/wp\/v2\/media\/11090"}],"wp:attachment":[{"href":"https:\/\/cementplus.gr\/fr\/wp-json\/wp\/v2\/media?parent=10080"}],"wp:term":[{"taxonomy":"product_brand","embeddable":true,"href":"https:\/\/cementplus.gr\/fr\/wp-json\/wp\/v2\/product_brand?post=10080"},{"taxonomy":"product_cat","embeddable":true,"href":"https:\/\/cementplus.gr\/fr\/wp-json\/wp\/v2\/product_cat?post=10080"},{"taxonomy":"product_tag","embeddable":true,"href":"https:\/\/cementplus.gr\/fr\/wp-json\/wp\/v2\/product_tag?post=10080"}],"curies":[{"name":"wp","href":"https:\/\/api.w.org\/{rel}","templated":true}]}}