{"id":10049,"date":"2021-02-15T01:21:59","date_gmt":"2021-02-14T23:21:59","guid":{"rendered":"https:\/\/cementplus.gr\/product\/colorfresh\/"},"modified":"2025-03-06T11:47:21","modified_gmt":"2025-03-06T09:47:21","slug":"colorfresh","status":"publish","type":"product","link":"https:\/\/cementplus.gr\/fr\/produit\/colorfresh\/","title":{"rendered":"COLORFRESH"},"content":{"rendered":"<p>&nbsp;<\/p>\n<div class=\"fusion-fullwidth fullwidth-box hundred-percent-fullwidth non-hundred-percent-height-scrolling\">\n<div class=\"fusion-builder-row fusion-row \">\n<div class=\"fusion-layout-column fusion_builder_column fusion_builder_column_1_1 fusion-one-full fusion-column-first fusion-column-last fusion-column-no-min-height 1_1\">\n<div class=\"fusion-column-wrapper\" data-bg-url=\"\">\n<div class=\"accordian fusion-accordian\">\n<div id=\"accordion-252-1\" class=\"panel-group\">\n<div class=\"fusion-panel panel-default\">\n<div class=\"panel-heading\">\n<div class=\"fusion-toggle-icon-wrapper\"><\/div>\n<\/div>\n<\/div>\n<\/div>\n<\/div>\n<\/div>\n<\/div>\n<\/div>\n<\/div>\n","protected":false},"excerpt":{"rendered":"<p>Rev\u00eatement protecteur acrylique pour b\u00e9ton et mortiers de ciment. Hydrofuge et anti-salissures. L\u00e9g\u00e8rement brillant, rehausseur de couleur, \u00e0 base d&rsquo;eau.<\/p>\n","protected":false},"featured_media":10052,"template":"","meta":{"_acf_changed":false},"product_brand":[],"product_cat":[380,381],"product_tag":[385,386],"class_list":{"0":"post-10049","1":"product","2":"type-product","3":"status-publish","4":"has-post-thumbnail","6":"product_cat-impermeabilisation-protection","7":"product_cat-scellants-impermeabilisation","8":"product_tag-nanofin-velvet-system-fr","9":"product_tag-systeme-nanostucco-500","11":"first","12":"instock","13":"shipping-taxable","14":"product-type-simple"},"acf":[],"yoast_head":"<!-- This site is optimized with the Yoast SEO plugin v27.3 - https:\/\/yoast.com\/product\/yoast-seo-wordpress\/ -->\n<title>COLORFRESH - Cement Plus<\/title>\n<meta name=\"description\" content=\"Rev\u00eatement protecteur acrylique pour b\u00e9ton et mortiers de ciment. Hydrofuge et anti-salissures. L\u00e9g\u00e8rement brillant, rehausseur de couleur, \u00e0 base d&#039;eau.\" \/>\n<meta name=\"robots\" content=\"index, follow, max-snippet:-1, max-image-preview:large, max-video-preview:-1\" \/>\n<link rel=\"canonical\" href=\"https:\/\/cementplus.gr\/produit\/colorfresh\/\" \/>\n<meta property=\"og:locale\" content=\"fr_FR\" \/>\n<meta property=\"og:type\" content=\"article\" \/>\n<meta property=\"og:title\" content=\"COLORFRESH - Cement Plus\" \/>\n<meta property=\"og:description\" content=\"Rev\u00eatement protecteur acrylique pour b\u00e9ton et mortiers de ciment. Hydrofuge et anti-salissures. L\u00e9g\u00e8rement brillant, rehausseur de couleur, \u00e0 base d&#039;eau.\" \/>\n<meta property=\"og:url\" content=\"https:\/\/cementplus.gr\/produit\/colorfresh\/\" \/>\n<meta property=\"og:site_name\" content=\"Cement Plus\" \/>\n<meta property=\"article:modified_time\" content=\"2025-03-06T09:47:21+00:00\" \/>\n<meta property=\"og:image\" content=\"https:\/\/cementplus.gr\/wp-content\/uploads\/2021\/02\/COLORFRESH-2-1.jpg\" \/>\n\t<meta property=\"og:image:width\" content=\"689\" \/>\n\t<meta property=\"og:image:height\" content=\"493\" \/>\n\t<meta property=\"og:image:type\" content=\"image\/jpeg\" \/>\n<meta name=\"twitter:card\" content=\"summary_large_image\" \/>\n<meta name=\"twitter:label1\" content=\"Dur\u00e9e de lecture estim\u00e9e\" \/>\n\t<meta name=\"twitter:data1\" content=\"1 minute\" \/>\n<script type=\"application\/ld+json\" class=\"yoast-schema-graph\">{\"@context\":\"https:\\\/\\\/schema.org\",\"@graph\":[{\"@type\":\"WebPage\",\"@id\":\"https:\\\/\\\/cementplus.gr\\\/produit\\\/colorfresh\\\/\",\"url\":\"https:\\\/\\\/cementplus.gr\\\/produit\\\/colorfresh\\\/\",\"name\":\"COLORFRESH - Cement Plus\",\"isPartOf\":{\"@id\":\"https:\\\/\\\/cementplus.gr\\\/#website\"},\"primaryImageOfPage\":{\"@id\":\"https:\\\/\\\/cementplus.gr\\\/produit\\\/colorfresh\\\/#primaryimage\"},\"image\":{\"@id\":\"https:\\\/\\\/cementplus.gr\\\/produit\\\/colorfresh\\\/#primaryimage\"},\"thumbnailUrl\":\"https:\\\/\\\/cementplus.gr\\\/wp-content\\\/uploads\\\/2021\\\/02\\\/COLORFRESH-2-1.jpg\",\"datePublished\":\"2021-02-14T23:21:59+00:00\",\"dateModified\":\"2025-03-06T09:47:21+00:00\",\"description\":\"Rev\u00eatement protecteur acrylique pour b\u00e9ton et mortiers de ciment. Hydrofuge et anti-salissures. L\u00e9g\u00e8rement brillant, rehausseur de couleur, \u00e0 base d'eau.\",\"breadcrumb\":{\"@id\":\"https:\\\/\\\/cementplus.gr\\\/produit\\\/colorfresh\\\/#breadcrumb\"},\"inLanguage\":\"fr-FR\",\"potentialAction\":[{\"@type\":\"ReadAction\",\"target\":[\"https:\\\/\\\/cementplus.gr\\\/produit\\\/colorfresh\\\/\"]}]},{\"@type\":\"ImageObject\",\"inLanguage\":\"fr-FR\",\"@id\":\"https:\\\/\\\/cementplus.gr\\\/produit\\\/colorfresh\\\/#primaryimage\",\"url\":\"https:\\\/\\\/cementplus.gr\\\/wp-content\\\/uploads\\\/2021\\\/02\\\/COLORFRESH-2-1.jpg\",\"contentUrl\":\"https:\\\/\\\/cementplus.gr\\\/wp-content\\\/uploads\\\/2021\\\/02\\\/COLORFRESH-2-1.jpg\",\"width\":689,\"height\":493},{\"@type\":\"BreadcrumbList\",\"@id\":\"https:\\\/\\\/cementplus.gr\\\/produit\\\/colorfresh\\\/#breadcrumb\",\"itemListElement\":[{\"@type\":\"ListItem\",\"position\":1,\"name\":\"Accueil\",\"item\":\"https:\\\/\\\/cementplus.gr\\\/fr\\\/\"},{\"@type\":\"ListItem\",\"position\":2,\"name\":\"\u039a\u03b1\u03c4\u03ac\u03c3\u03c4\u03b7\u03bc\u03b1\",\"item\":\"https:\\\/\\\/cementplus.gr\\\/shop\\\/\"},{\"@type\":\"ListItem\",\"position\":3,\"name\":\"COLORFRESH\"}]},{\"@type\":\"WebSite\",\"@id\":\"https:\\\/\\\/cementplus.gr\\\/#website\",\"url\":\"https:\\\/\\\/cementplus.gr\\\/\",\"name\":\"Cement Plus\",\"description\":\"\",\"potentialAction\":[{\"@type\":\"SearchAction\",\"target\":{\"@type\":\"EntryPoint\",\"urlTemplate\":\"https:\\\/\\\/cementplus.gr\\\/?s={search_term_string}\"},\"query-input\":{\"@type\":\"PropertyValueSpecification\",\"valueRequired\":true,\"valueName\":\"search_term_string\"}}],\"inLanguage\":\"fr-FR\"}]}<\/script>\n<!-- \/ Yoast SEO plugin. -->","yoast_head_json":{"title":"COLORFRESH - Cement Plus","description":"Rev\u00eatement protecteur acrylique pour b\u00e9ton et mortiers de ciment. Hydrofuge et anti-salissures. L\u00e9g\u00e8rement brillant, rehausseur de couleur, \u00e0 base d'eau.","robots":{"index":"index","follow":"follow","max-snippet":"max-snippet:-1","max-image-preview":"max-image-preview:large","max-video-preview":"max-video-preview:-1"},"canonical":"https:\/\/cementplus.gr\/produit\/colorfresh\/","og_locale":"fr_FR","og_type":"article","og_title":"COLORFRESH - Cement Plus","og_description":"Rev\u00eatement protecteur acrylique pour b\u00e9ton et mortiers de ciment. Hydrofuge et anti-salissures. L\u00e9g\u00e8rement brillant, rehausseur de couleur, \u00e0 base d'eau.","og_url":"https:\/\/cementplus.gr\/produit\/colorfresh\/","og_site_name":"Cement Plus","article_modified_time":"2025-03-06T09:47:21+00:00","og_image":[{"width":689,"height":493,"url":"https:\/\/cementplus.gr\/wp-content\/uploads\/2021\/02\/COLORFRESH-2-1.jpg","type":"image\/jpeg"}],"twitter_card":"summary_large_image","twitter_misc":{"Dur\u00e9e de lecture estim\u00e9e":"1 minute"},"schema":{"@context":"https:\/\/schema.org","@graph":[{"@type":"WebPage","@id":"https:\/\/cementplus.gr\/produit\/colorfresh\/","url":"https:\/\/cementplus.gr\/produit\/colorfresh\/","name":"COLORFRESH - Cement Plus","isPartOf":{"@id":"https:\/\/cementplus.gr\/#website"},"primaryImageOfPage":{"@id":"https:\/\/cementplus.gr\/produit\/colorfresh\/#primaryimage"},"image":{"@id":"https:\/\/cementplus.gr\/produit\/colorfresh\/#primaryimage"},"thumbnailUrl":"https:\/\/cementplus.gr\/wp-content\/uploads\/2021\/02\/COLORFRESH-2-1.jpg","datePublished":"2021-02-14T23:21:59+00:00","dateModified":"2025-03-06T09:47:21+00:00","description":"Rev\u00eatement protecteur acrylique pour b\u00e9ton et mortiers de ciment. Hydrofuge et anti-salissures. L\u00e9g\u00e8rement brillant, rehausseur de couleur, \u00e0 base d'eau.","breadcrumb":{"@id":"https:\/\/cementplus.gr\/produit\/colorfresh\/#breadcrumb"},"inLanguage":"fr-FR","potentialAction":[{"@type":"ReadAction","target":["https:\/\/cementplus.gr\/produit\/colorfresh\/"]}]},{"@type":"ImageObject","inLanguage":"fr-FR","@id":"https:\/\/cementplus.gr\/produit\/colorfresh\/#primaryimage","url":"https:\/\/cementplus.gr\/wp-content\/uploads\/2021\/02\/COLORFRESH-2-1.jpg","contentUrl":"https:\/\/cementplus.gr\/wp-content\/uploads\/2021\/02\/COLORFRESH-2-1.jpg","width":689,"height":493},{"@type":"BreadcrumbList","@id":"https:\/\/cementplus.gr\/produit\/colorfresh\/#breadcrumb","itemListElement":[{"@type":"ListItem","position":1,"name":"Accueil","item":"https:\/\/cementplus.gr\/fr\/"},{"@type":"ListItem","position":2,"name":"\u039a\u03b1\u03c4\u03ac\u03c3\u03c4\u03b7\u03bc\u03b1","item":"https:\/\/cementplus.gr\/shop\/"},{"@type":"ListItem","position":3,"name":"COLORFRESH"}]},{"@type":"WebSite","@id":"https:\/\/cementplus.gr\/#website","url":"https:\/\/cementplus.gr\/","name":"Cement Plus","description":"","potentialAction":[{"@type":"SearchAction","target":{"@type":"EntryPoint","urlTemplate":"https:\/\/cementplus.gr\/?s={search_term_string}"},"query-input":{"@type":"PropertyValueSpecification","valueRequired":true,"valueName":"search_term_string"}}],"inLanguage":"fr-FR"}]}},"_links":{"self":[{"href":"https:\/\/cementplus.gr\/fr\/wp-json\/wp\/v2\/product\/10049","targetHints":{"allow":["GET"]}}],"collection":[{"href":"https:\/\/cementplus.gr\/fr\/wp-json\/wp\/v2\/product"}],"about":[{"href":"https:\/\/cementplus.gr\/fr\/wp-json\/wp\/v2\/types\/product"}],"wp:featuredmedia":[{"embeddable":true,"href":"https:\/\/cementplus.gr\/fr\/wp-json\/wp\/v2\/media\/10052"}],"wp:attachment":[{"href":"https:\/\/cementplus.gr\/fr\/wp-json\/wp\/v2\/media?parent=10049"}],"wp:term":[{"taxonomy":"product_brand","embeddable":true,"href":"https:\/\/cementplus.gr\/fr\/wp-json\/wp\/v2\/product_brand?post=10049"},{"taxonomy":"product_cat","embeddable":true,"href":"https:\/\/cementplus.gr\/fr\/wp-json\/wp\/v2\/product_cat?post=10049"},{"taxonomy":"product_tag","embeddable":true,"href":"https:\/\/cementplus.gr\/fr\/wp-json\/wp\/v2\/product_tag?post=10049"}],"curies":[{"name":"wp","href":"https:\/\/api.w.org\/{rel}","templated":true}]}}