{"id":10027,"date":"2021-02-12T00:21:53","date_gmt":"2021-02-11T22:21:53","guid":{"rendered":"https:\/\/cementplus.gr\/product\/deco-max-clear\/"},"modified":"2025-03-06T11:37:32","modified_gmt":"2025-03-06T09:37:32","slug":"deco-max-clear","status":"publish","type":"product","link":"https:\/\/cementplus.gr\/fr\/produit\/deco-max-clear\/","title":{"rendered":"DECO MAX CLEAR"},"content":{"rendered":"","protected":false},"excerpt":{"rendered":"<p>Syst\u00e8me polyaspartique en deux composants.<\/p>\n<ul>\n<li>Traitement de finition pour toutes les surfaces cimentaires.<\/li>\n<li>S\u00e9chage rapide, excellente r\u00e9sistance \u00e0 l&rsquo;abrasion.<\/li>\n<\/ul>\n","protected":false},"featured_media":10029,"template":"","meta":{"_acf_changed":false},"product_brand":[],"product_cat":[380,381],"product_tag":[388],"class_list":{"0":"post-10027","1":"product","2":"type-product","3":"status-publish","4":"has-post-thumbnail","6":"product_cat-impermeabilisation-protection","7":"product_cat-scellants-impermeabilisation","8":"product_tag-resaic-system-fr","10":"first","11":"instock","12":"shipping-taxable","13":"product-type-simple"},"acf":[],"yoast_head":"<!-- This site is optimized with the Yoast SEO plugin v27.3 - https:\/\/yoast.com\/product\/yoast-seo-wordpress\/ -->\n<title>DECO MAX CLEAR - Cement Plus<\/title>\n<meta name=\"description\" content=\"Syst\u00e8me polyaspartique en deux composants.\u2022 Traitement de finition pour toutes les surfaces cimentaires.\u2022 S\u00e9chage rapide, excellente r\u00e9sistance \u00e0 l&#039;abrasion.\" \/>\n<meta name=\"robots\" content=\"index, follow, max-snippet:-1, max-image-preview:large, max-video-preview:-1\" \/>\n<link rel=\"canonical\" href=\"https:\/\/cementplus.gr\/produit\/deco-max-clear\/\" \/>\n<meta property=\"og:locale\" content=\"fr_FR\" \/>\n<meta property=\"og:type\" content=\"article\" \/>\n<meta property=\"og:title\" content=\"DECO MAX CLEAR - Cement Plus\" \/>\n<meta property=\"og:description\" content=\"Syst\u00e8me polyaspartique en deux composants.\u2022 Traitement de finition pour toutes les surfaces cimentaires.\u2022 S\u00e9chage rapide, excellente r\u00e9sistance \u00e0 l&#039;abrasion.\" \/>\n<meta property=\"og:url\" content=\"https:\/\/cementplus.gr\/produit\/deco-max-clear\/\" \/>\n<meta property=\"og:site_name\" content=\"Cement Plus\" \/>\n<meta property=\"article:modified_time\" content=\"2025-03-06T09:37:32+00:00\" \/>\n<meta property=\"og:image\" content=\"https:\/\/cementplus.gr\/wp-content\/uploads\/2021\/02\/Deco-Max-Clear-2.jpg\" \/>\n\t<meta property=\"og:image:width\" content=\"688\" \/>\n\t<meta property=\"og:image:height\" content=\"494\" \/>\n\t<meta property=\"og:image:type\" content=\"image\/jpeg\" \/>\n<meta name=\"twitter:card\" content=\"summary_large_image\" \/>\n<meta name=\"twitter:label1\" content=\"Dur\u00e9e de lecture estim\u00e9e\" \/>\n\t<meta name=\"twitter:data1\" content=\"1 minute\" \/>\n<script type=\"application\/ld+json\" class=\"yoast-schema-graph\">{\"@context\":\"https:\\\/\\\/schema.org\",\"@graph\":[{\"@type\":\"WebPage\",\"@id\":\"https:\\\/\\\/cementplus.gr\\\/produit\\\/deco-max-clear\\\/\",\"url\":\"https:\\\/\\\/cementplus.gr\\\/produit\\\/deco-max-clear\\\/\",\"name\":\"DECO MAX CLEAR - Cement Plus\",\"isPartOf\":{\"@id\":\"https:\\\/\\\/cementplus.gr\\\/#website\"},\"primaryImageOfPage\":{\"@id\":\"https:\\\/\\\/cementplus.gr\\\/produit\\\/deco-max-clear\\\/#primaryimage\"},\"image\":{\"@id\":\"https:\\\/\\\/cementplus.gr\\\/produit\\\/deco-max-clear\\\/#primaryimage\"},\"thumbnailUrl\":\"https:\\\/\\\/cementplus.gr\\\/wp-content\\\/uploads\\\/2021\\\/02\\\/Deco-Max-Clear-2.jpg\",\"datePublished\":\"2021-02-11T22:21:53+00:00\",\"dateModified\":\"2025-03-06T09:37:32+00:00\",\"description\":\"Syst\u00e8me polyaspartique en deux composants.\u2022 Traitement de finition pour toutes les surfaces cimentaires.\u2022 S\u00e9chage rapide, excellente r\u00e9sistance \u00e0 l'abrasion.\",\"breadcrumb\":{\"@id\":\"https:\\\/\\\/cementplus.gr\\\/produit\\\/deco-max-clear\\\/#breadcrumb\"},\"inLanguage\":\"fr-FR\",\"potentialAction\":[{\"@type\":\"ReadAction\",\"target\":[\"https:\\\/\\\/cementplus.gr\\\/produit\\\/deco-max-clear\\\/\"]}]},{\"@type\":\"ImageObject\",\"inLanguage\":\"fr-FR\",\"@id\":\"https:\\\/\\\/cementplus.gr\\\/produit\\\/deco-max-clear\\\/#primaryimage\",\"url\":\"https:\\\/\\\/cementplus.gr\\\/wp-content\\\/uploads\\\/2021\\\/02\\\/Deco-Max-Clear-2.jpg\",\"contentUrl\":\"https:\\\/\\\/cementplus.gr\\\/wp-content\\\/uploads\\\/2021\\\/02\\\/Deco-Max-Clear-2.jpg\",\"width\":688,\"height\":494},{\"@type\":\"BreadcrumbList\",\"@id\":\"https:\\\/\\\/cementplus.gr\\\/produit\\\/deco-max-clear\\\/#breadcrumb\",\"itemListElement\":[{\"@type\":\"ListItem\",\"position\":1,\"name\":\"Accueil\",\"item\":\"https:\\\/\\\/cementplus.gr\\\/fr\\\/\"},{\"@type\":\"ListItem\",\"position\":2,\"name\":\"\u039a\u03b1\u03c4\u03ac\u03c3\u03c4\u03b7\u03bc\u03b1\",\"item\":\"https:\\\/\\\/cementplus.gr\\\/shop\\\/\"},{\"@type\":\"ListItem\",\"position\":3,\"name\":\"DECO MAX CLEAR\"}]},{\"@type\":\"WebSite\",\"@id\":\"https:\\\/\\\/cementplus.gr\\\/#website\",\"url\":\"https:\\\/\\\/cementplus.gr\\\/\",\"name\":\"Cement Plus\",\"description\":\"\",\"potentialAction\":[{\"@type\":\"SearchAction\",\"target\":{\"@type\":\"EntryPoint\",\"urlTemplate\":\"https:\\\/\\\/cementplus.gr\\\/?s={search_term_string}\"},\"query-input\":{\"@type\":\"PropertyValueSpecification\",\"valueRequired\":true,\"valueName\":\"search_term_string\"}}],\"inLanguage\":\"fr-FR\"}]}<\/script>\n<!-- \/ Yoast SEO plugin. -->","yoast_head_json":{"title":"DECO MAX CLEAR - Cement Plus","description":"Syst\u00e8me polyaspartique en deux composants.\u2022 Traitement de finition pour toutes les surfaces cimentaires.\u2022 S\u00e9chage rapide, excellente r\u00e9sistance \u00e0 l'abrasion.","robots":{"index":"index","follow":"follow","max-snippet":"max-snippet:-1","max-image-preview":"max-image-preview:large","max-video-preview":"max-video-preview:-1"},"canonical":"https:\/\/cementplus.gr\/produit\/deco-max-clear\/","og_locale":"fr_FR","og_type":"article","og_title":"DECO MAX CLEAR - Cement Plus","og_description":"Syst\u00e8me polyaspartique en deux composants.\u2022 Traitement de finition pour toutes les surfaces cimentaires.\u2022 S\u00e9chage rapide, excellente r\u00e9sistance \u00e0 l'abrasion.","og_url":"https:\/\/cementplus.gr\/produit\/deco-max-clear\/","og_site_name":"Cement Plus","article_modified_time":"2025-03-06T09:37:32+00:00","og_image":[{"width":688,"height":494,"url":"https:\/\/cementplus.gr\/wp-content\/uploads\/2021\/02\/Deco-Max-Clear-2.jpg","type":"image\/jpeg"}],"twitter_card":"summary_large_image","twitter_misc":{"Dur\u00e9e de lecture estim\u00e9e":"1 minute"},"schema":{"@context":"https:\/\/schema.org","@graph":[{"@type":"WebPage","@id":"https:\/\/cementplus.gr\/produit\/deco-max-clear\/","url":"https:\/\/cementplus.gr\/produit\/deco-max-clear\/","name":"DECO MAX CLEAR - Cement Plus","isPartOf":{"@id":"https:\/\/cementplus.gr\/#website"},"primaryImageOfPage":{"@id":"https:\/\/cementplus.gr\/produit\/deco-max-clear\/#primaryimage"},"image":{"@id":"https:\/\/cementplus.gr\/produit\/deco-max-clear\/#primaryimage"},"thumbnailUrl":"https:\/\/cementplus.gr\/wp-content\/uploads\/2021\/02\/Deco-Max-Clear-2.jpg","datePublished":"2021-02-11T22:21:53+00:00","dateModified":"2025-03-06T09:37:32+00:00","description":"Syst\u00e8me polyaspartique en deux composants.\u2022 Traitement de finition pour toutes les surfaces cimentaires.\u2022 S\u00e9chage rapide, excellente r\u00e9sistance \u00e0 l'abrasion.","breadcrumb":{"@id":"https:\/\/cementplus.gr\/produit\/deco-max-clear\/#breadcrumb"},"inLanguage":"fr-FR","potentialAction":[{"@type":"ReadAction","target":["https:\/\/cementplus.gr\/produit\/deco-max-clear\/"]}]},{"@type":"ImageObject","inLanguage":"fr-FR","@id":"https:\/\/cementplus.gr\/produit\/deco-max-clear\/#primaryimage","url":"https:\/\/cementplus.gr\/wp-content\/uploads\/2021\/02\/Deco-Max-Clear-2.jpg","contentUrl":"https:\/\/cementplus.gr\/wp-content\/uploads\/2021\/02\/Deco-Max-Clear-2.jpg","width":688,"height":494},{"@type":"BreadcrumbList","@id":"https:\/\/cementplus.gr\/produit\/deco-max-clear\/#breadcrumb","itemListElement":[{"@type":"ListItem","position":1,"name":"Accueil","item":"https:\/\/cementplus.gr\/fr\/"},{"@type":"ListItem","position":2,"name":"\u039a\u03b1\u03c4\u03ac\u03c3\u03c4\u03b7\u03bc\u03b1","item":"https:\/\/cementplus.gr\/shop\/"},{"@type":"ListItem","position":3,"name":"DECO MAX CLEAR"}]},{"@type":"WebSite","@id":"https:\/\/cementplus.gr\/#website","url":"https:\/\/cementplus.gr\/","name":"Cement Plus","description":"","potentialAction":[{"@type":"SearchAction","target":{"@type":"EntryPoint","urlTemplate":"https:\/\/cementplus.gr\/?s={search_term_string}"},"query-input":{"@type":"PropertyValueSpecification","valueRequired":true,"valueName":"search_term_string"}}],"inLanguage":"fr-FR"}]}},"_links":{"self":[{"href":"https:\/\/cementplus.gr\/fr\/wp-json\/wp\/v2\/product\/10027","targetHints":{"allow":["GET"]}}],"collection":[{"href":"https:\/\/cementplus.gr\/fr\/wp-json\/wp\/v2\/product"}],"about":[{"href":"https:\/\/cementplus.gr\/fr\/wp-json\/wp\/v2\/types\/product"}],"wp:featuredmedia":[{"embeddable":true,"href":"https:\/\/cementplus.gr\/fr\/wp-json\/wp\/v2\/media\/10029"}],"wp:attachment":[{"href":"https:\/\/cementplus.gr\/fr\/wp-json\/wp\/v2\/media?parent=10027"}],"wp:term":[{"taxonomy":"product_brand","embeddable":true,"href":"https:\/\/cementplus.gr\/fr\/wp-json\/wp\/v2\/product_brand?post=10027"},{"taxonomy":"product_cat","embeddable":true,"href":"https:\/\/cementplus.gr\/fr\/wp-json\/wp\/v2\/product_cat?post=10027"},{"taxonomy":"product_tag","embeddable":true,"href":"https:\/\/cementplus.gr\/fr\/wp-json\/wp\/v2\/product_tag?post=10027"}],"curies":[{"name":"wp","href":"https:\/\/api.w.org\/{rel}","templated":true}]}}