{"id":10014,"date":"2021-02-27T01:07:33","date_gmt":"2021-02-26T23:07:33","guid":{"rendered":"https:\/\/cementplus.gr\/product\/ep-primer-plus\/"},"modified":"2025-03-06T11:27:42","modified_gmt":"2025-03-06T09:27:42","slug":"ep-primer-plus","status":"publish","type":"product","link":"https:\/\/cementplus.gr\/fr\/produit\/ep-primer-plus\/","title":{"rendered":"EP PRIMER PLUS"},"content":{"rendered":"","protected":false},"excerpt":{"rendered":"<p>Primaire \u00e9poxy, adapt\u00e9 \u00e0 une utilisation avant l&rsquo;application de r\u00e9sines polyur\u00e9thanes ou \u00e9poxy.<\/p>\n","protected":false},"featured_media":10016,"template":"","meta":{"_acf_changed":false},"product_brand":[],"product_cat":[380,383],"product_tag":[384],"class_list":{"0":"post-10014","1":"product","2":"type-product","3":"status-publish","4":"has-post-thumbnail","6":"product_cat-impermeabilisation-protection","7":"product_cat-primaires-dadherence","8":"product_tag-pavitect-resin-system-fr","10":"first","11":"instock","12":"shipping-taxable","13":"product-type-simple"},"acf":[],"yoast_head":"<!-- This site is optimized with the Yoast SEO plugin v27.3 - https:\/\/yoast.com\/product\/yoast-seo-wordpress\/ -->\n<title>EP PRIMER PLUS - Cement Plus<\/title>\n<meta name=\"description\" content=\"Primaire \u00e9poxy, adapt\u00e9 \u00e0 une utilisation avant l&#039;application de r\u00e9sines polyur\u00e9thanes ou \u00e9poxy.\" \/>\n<meta name=\"robots\" content=\"index, follow, max-snippet:-1, max-image-preview:large, max-video-preview:-1\" \/>\n<link rel=\"canonical\" href=\"https:\/\/cementplus.gr\/produit\/ep-primer-plus\/\" \/>\n<meta property=\"og:locale\" content=\"fr_FR\" \/>\n<meta property=\"og:type\" content=\"article\" \/>\n<meta property=\"og:title\" content=\"EP PRIMER PLUS - Cement Plus\" \/>\n<meta property=\"og:description\" content=\"Primaire \u00e9poxy, adapt\u00e9 \u00e0 une utilisation avant l&#039;application de r\u00e9sines polyur\u00e9thanes ou \u00e9poxy.\" \/>\n<meta property=\"og:url\" content=\"https:\/\/cementplus.gr\/produit\/ep-primer-plus\/\" \/>\n<meta property=\"og:site_name\" content=\"Cement Plus\" \/>\n<meta property=\"article:modified_time\" content=\"2025-03-06T09:27:42+00:00\" \/>\n<meta property=\"og:image\" content=\"https:\/\/cementplus.gr\/wp-content\/uploads\/2021\/02\/ep-primer-plus-1.jpg\" \/>\n\t<meta property=\"og:image:width\" content=\"689\" \/>\n\t<meta property=\"og:image:height\" content=\"489\" \/>\n\t<meta property=\"og:image:type\" content=\"image\/jpeg\" \/>\n<meta name=\"twitter:card\" content=\"summary_large_image\" \/>\n<meta name=\"twitter:label1\" content=\"Dur\u00e9e de lecture estim\u00e9e\" \/>\n\t<meta name=\"twitter:data1\" content=\"1 minute\" \/>\n<script type=\"application\/ld+json\" class=\"yoast-schema-graph\">{\"@context\":\"https:\\\/\\\/schema.org\",\"@graph\":[{\"@type\":\"WebPage\",\"@id\":\"https:\\\/\\\/cementplus.gr\\\/produit\\\/ep-primer-plus\\\/\",\"url\":\"https:\\\/\\\/cementplus.gr\\\/produit\\\/ep-primer-plus\\\/\",\"name\":\"EP PRIMER PLUS - Cement Plus\",\"isPartOf\":{\"@id\":\"https:\\\/\\\/cementplus.gr\\\/#website\"},\"primaryImageOfPage\":{\"@id\":\"https:\\\/\\\/cementplus.gr\\\/produit\\\/ep-primer-plus\\\/#primaryimage\"},\"image\":{\"@id\":\"https:\\\/\\\/cementplus.gr\\\/produit\\\/ep-primer-plus\\\/#primaryimage\"},\"thumbnailUrl\":\"https:\\\/\\\/cementplus.gr\\\/wp-content\\\/uploads\\\/2021\\\/02\\\/ep-primer-plus-1.jpg\",\"datePublished\":\"2021-02-26T23:07:33+00:00\",\"dateModified\":\"2025-03-06T09:27:42+00:00\",\"description\":\"Primaire \u00e9poxy, adapt\u00e9 \u00e0 une utilisation avant l'application de r\u00e9sines polyur\u00e9thanes ou \u00e9poxy.\",\"breadcrumb\":{\"@id\":\"https:\\\/\\\/cementplus.gr\\\/produit\\\/ep-primer-plus\\\/#breadcrumb\"},\"inLanguage\":\"fr-FR\",\"potentialAction\":[{\"@type\":\"ReadAction\",\"target\":[\"https:\\\/\\\/cementplus.gr\\\/produit\\\/ep-primer-plus\\\/\"]}]},{\"@type\":\"ImageObject\",\"inLanguage\":\"fr-FR\",\"@id\":\"https:\\\/\\\/cementplus.gr\\\/produit\\\/ep-primer-plus\\\/#primaryimage\",\"url\":\"https:\\\/\\\/cementplus.gr\\\/wp-content\\\/uploads\\\/2021\\\/02\\\/ep-primer-plus-1.jpg\",\"contentUrl\":\"https:\\\/\\\/cementplus.gr\\\/wp-content\\\/uploads\\\/2021\\\/02\\\/ep-primer-plus-1.jpg\",\"width\":689,\"height\":489},{\"@type\":\"BreadcrumbList\",\"@id\":\"https:\\\/\\\/cementplus.gr\\\/produit\\\/ep-primer-plus\\\/#breadcrumb\",\"itemListElement\":[{\"@type\":\"ListItem\",\"position\":1,\"name\":\"Accueil\",\"item\":\"https:\\\/\\\/cementplus.gr\\\/fr\\\/\"},{\"@type\":\"ListItem\",\"position\":2,\"name\":\"\u039a\u03b1\u03c4\u03ac\u03c3\u03c4\u03b7\u03bc\u03b1\",\"item\":\"https:\\\/\\\/cementplus.gr\\\/shop\\\/\"},{\"@type\":\"ListItem\",\"position\":3,\"name\":\"EP PRIMER PLUS\"}]},{\"@type\":\"WebSite\",\"@id\":\"https:\\\/\\\/cementplus.gr\\\/#website\",\"url\":\"https:\\\/\\\/cementplus.gr\\\/\",\"name\":\"Cement Plus\",\"description\":\"\",\"potentialAction\":[{\"@type\":\"SearchAction\",\"target\":{\"@type\":\"EntryPoint\",\"urlTemplate\":\"https:\\\/\\\/cementplus.gr\\\/?s={search_term_string}\"},\"query-input\":{\"@type\":\"PropertyValueSpecification\",\"valueRequired\":true,\"valueName\":\"search_term_string\"}}],\"inLanguage\":\"fr-FR\"}]}<\/script>\n<!-- \/ Yoast SEO plugin. -->","yoast_head_json":{"title":"EP PRIMER PLUS - Cement Plus","description":"Primaire \u00e9poxy, adapt\u00e9 \u00e0 une utilisation avant l'application de r\u00e9sines polyur\u00e9thanes ou \u00e9poxy.","robots":{"index":"index","follow":"follow","max-snippet":"max-snippet:-1","max-image-preview":"max-image-preview:large","max-video-preview":"max-video-preview:-1"},"canonical":"https:\/\/cementplus.gr\/produit\/ep-primer-plus\/","og_locale":"fr_FR","og_type":"article","og_title":"EP PRIMER PLUS - Cement Plus","og_description":"Primaire \u00e9poxy, adapt\u00e9 \u00e0 une utilisation avant l'application de r\u00e9sines polyur\u00e9thanes ou \u00e9poxy.","og_url":"https:\/\/cementplus.gr\/produit\/ep-primer-plus\/","og_site_name":"Cement Plus","article_modified_time":"2025-03-06T09:27:42+00:00","og_image":[{"width":689,"height":489,"url":"https:\/\/cementplus.gr\/wp-content\/uploads\/2021\/02\/ep-primer-plus-1.jpg","type":"image\/jpeg"}],"twitter_card":"summary_large_image","twitter_misc":{"Dur\u00e9e de lecture estim\u00e9e":"1 minute"},"schema":{"@context":"https:\/\/schema.org","@graph":[{"@type":"WebPage","@id":"https:\/\/cementplus.gr\/produit\/ep-primer-plus\/","url":"https:\/\/cementplus.gr\/produit\/ep-primer-plus\/","name":"EP PRIMER PLUS - Cement Plus","isPartOf":{"@id":"https:\/\/cementplus.gr\/#website"},"primaryImageOfPage":{"@id":"https:\/\/cementplus.gr\/produit\/ep-primer-plus\/#primaryimage"},"image":{"@id":"https:\/\/cementplus.gr\/produit\/ep-primer-plus\/#primaryimage"},"thumbnailUrl":"https:\/\/cementplus.gr\/wp-content\/uploads\/2021\/02\/ep-primer-plus-1.jpg","datePublished":"2021-02-26T23:07:33+00:00","dateModified":"2025-03-06T09:27:42+00:00","description":"Primaire \u00e9poxy, adapt\u00e9 \u00e0 une utilisation avant l'application de r\u00e9sines polyur\u00e9thanes ou \u00e9poxy.","breadcrumb":{"@id":"https:\/\/cementplus.gr\/produit\/ep-primer-plus\/#breadcrumb"},"inLanguage":"fr-FR","potentialAction":[{"@type":"ReadAction","target":["https:\/\/cementplus.gr\/produit\/ep-primer-plus\/"]}]},{"@type":"ImageObject","inLanguage":"fr-FR","@id":"https:\/\/cementplus.gr\/produit\/ep-primer-plus\/#primaryimage","url":"https:\/\/cementplus.gr\/wp-content\/uploads\/2021\/02\/ep-primer-plus-1.jpg","contentUrl":"https:\/\/cementplus.gr\/wp-content\/uploads\/2021\/02\/ep-primer-plus-1.jpg","width":689,"height":489},{"@type":"BreadcrumbList","@id":"https:\/\/cementplus.gr\/produit\/ep-primer-plus\/#breadcrumb","itemListElement":[{"@type":"ListItem","position":1,"name":"Accueil","item":"https:\/\/cementplus.gr\/fr\/"},{"@type":"ListItem","position":2,"name":"\u039a\u03b1\u03c4\u03ac\u03c3\u03c4\u03b7\u03bc\u03b1","item":"https:\/\/cementplus.gr\/shop\/"},{"@type":"ListItem","position":3,"name":"EP PRIMER PLUS"}]},{"@type":"WebSite","@id":"https:\/\/cementplus.gr\/#website","url":"https:\/\/cementplus.gr\/","name":"Cement Plus","description":"","potentialAction":[{"@type":"SearchAction","target":{"@type":"EntryPoint","urlTemplate":"https:\/\/cementplus.gr\/?s={search_term_string}"},"query-input":{"@type":"PropertyValueSpecification","valueRequired":true,"valueName":"search_term_string"}}],"inLanguage":"fr-FR"}]}},"_links":{"self":[{"href":"https:\/\/cementplus.gr\/fr\/wp-json\/wp\/v2\/product\/10014","targetHints":{"allow":["GET"]}}],"collection":[{"href":"https:\/\/cementplus.gr\/fr\/wp-json\/wp\/v2\/product"}],"about":[{"href":"https:\/\/cementplus.gr\/fr\/wp-json\/wp\/v2\/types\/product"}],"wp:featuredmedia":[{"embeddable":true,"href":"https:\/\/cementplus.gr\/fr\/wp-json\/wp\/v2\/media\/10016"}],"wp:attachment":[{"href":"https:\/\/cementplus.gr\/fr\/wp-json\/wp\/v2\/media?parent=10014"}],"wp:term":[{"taxonomy":"product_brand","embeddable":true,"href":"https:\/\/cementplus.gr\/fr\/wp-json\/wp\/v2\/product_brand?post=10014"},{"taxonomy":"product_cat","embeddable":true,"href":"https:\/\/cementplus.gr\/fr\/wp-json\/wp\/v2\/product_cat?post=10014"},{"taxonomy":"product_tag","embeddable":true,"href":"https:\/\/cementplus.gr\/fr\/wp-json\/wp\/v2\/product_tag?post=10014"}],"curies":[{"name":"wp","href":"https:\/\/api.w.org\/{rel}","templated":true}]}}